{"id":54,"date":"2023-04-26T15:23:04","date_gmt":"2023-04-26T13:23:04","guid":{"rendered":"https:\/\/dev.autotoltok.eu\/?page_id=54"},"modified":"2024-09-02T08:39:51","modified_gmt":"2024-09-02T06:39:51","slug":"kapcsolat","status":"publish","type":"page","link":"https:\/\/webshop.direktenergy.eu\/hu\/kapcsolat\/","title":{"rendered":"Kapcsolat"},"content":{"rendered":"<div class=\"wpb-content-wrapper\"><p>[vc_row][vc_column width=&#8221;2\/3&#8243;][vc_column_text css=&#8221;&#8221;]<\/p>\n<h3>El\u00e9rhet\u0151s\u00e9geink<\/h3>\n<h5><strong>C\u00e9gn\u00e9v<\/strong><\/h5>\n<p>Direkt Digital Bt.<\/p>\n<h5><strong>Nyitva tart\u00e1s<\/strong><\/h5>\n<p>H\u00e9tf\u0151t\u0151l &#8211; cs\u00fct\u00f6rt\u00f6kig: 8:00 &#8211; 15:30<br \/>\nP\u00e9nteken: 8:00 &#8211; 14:30<\/p>\n<h5><strong>Az al\u00e1bbi el\u00e9rhet\u0151s\u00e9gek b\u00e1rmelyik\u00e9n megtal\u00e1l benn\u00fcnket<\/strong><\/h5>\n<p>[\/vc_column_text]<div class=\"align-Left icon-style-header-underline\"><ul class=\"social-icons-list icon-style-header-underline icon-weight-bold\" id=\"like_sc_header_915872747\"><li class=\"\"><span class=\"fas fa-phone-alt\"><\/span><span class=\"head\">+36 94 339 335 | +36 70 312 7381<\/span><\/li><li class=\"\"><span class=\"fas fa-map-marker-alt\"><\/span><span class=\"head\">9791 Torony, Ipari \u00fat 16.<\/span><\/li><li class=\"\"><span class=\"fas fa-envelope\"><\/span><span class=\"head\">info@direktdigital.eu<\/span><\/li><\/ul><\/div>[\/vc_column][vc_column width=&#8221;1\/3&#8243;][vc_column_text css=&#8221;.vc_custom_1682517727174{margin-bottom: 0px !important;}&#8221;]<\/p>\n<h4 style=\"text-align: center;\">\u00dczenet k\u00fcld\u00e9se<\/h4>\n<p style=\"text-align: center;\">Ha k\u00e9rd\u00e9se, \u00e9szrev\u00e9tele lenne, vagy ingyenes aj\u00e1nlatunkat szeretn\u00e9 k\u00e9rni, k\u00e9rj\u00fck az al\u00e1bbi \u0171rlapon kereszt\u00fcl vegye fel vel\u00fcnk a kapcsolatot!<\/p>\n<p>[\/vc_column_text]<div class=\"ltx-contact-form-7 transform- form-center form-gray form-bg-gray form-style- form-btn- form-btn- form-padding-default    vc_custom_1716918906024\" id=\"like_sc_contact_form_7_561717817\">\n<div class=\"wpcf7 no-js\" id=\"wpcf7-f5-o1\" lang=\"hu-HU\" dir=\"ltr\" data-wpcf7-id=\"5\">\n<div class=\"screen-reader-response\"><p role=\"status\" aria-live=\"polite\" aria-atomic=\"true\"><\/p> <ul><\/ul><\/div>\n<form action=\"\/hu\/wp-json\/wp\/v2\/pages\/54#wpcf7-f5-o1\" method=\"post\" class=\"wpcf7-form init\" aria-label=\"Kapcsolatfelv\u00e9teli \u0171rlap\" novalidate=\"novalidate\" data-status=\"init\">\n<fieldset class=\"hidden-fields-container\"><input type=\"hidden\" name=\"_wpcf7\" value=\"5\" \/><input type=\"hidden\" name=\"_wpcf7_version\" value=\"6.1.5\" \/><input type=\"hidden\" name=\"_wpcf7_locale\" value=\"hu_HU\" \/><input type=\"hidden\" name=\"_wpcf7_unit_tag\" value=\"wpcf7-f5-o1\" \/><input type=\"hidden\" name=\"_wpcf7_container_post\" value=\"0\" \/><input type=\"hidden\" name=\"_wpcf7_posted_data_hash\" value=\"\" \/>\n<\/fieldset>\n<div class=\"row\">\n<div class=\"col-xs-12 col-sm-3\"><label>N\u00e9v *<\/label><\/div>\n<div class=\"col-xs-12 col-sm-9\"><span class=\"wpcf7-form-control-wrap\" data-name=\"f-nev\"><input size=\"40\" maxlength=\"400\" class=\"wpcf7-form-control wpcf7-text wpcf7-validates-as-required\" aria-required=\"true\" aria-invalid=\"false\" value=\"\" type=\"text\" name=\"f-nev\" \/><\/span><\/div>\n<\/div>\n\n<div class=\"row\">\n<div class=\"col-xs-12 col-sm-3\"><label>Email c\u00edm *<\/label><\/div>\n<div class=\"col-xs-12 col-sm-9\"><span class=\"wpcf7-form-control-wrap\" data-name=\"f-email\"><input size=\"40\" maxlength=\"400\" class=\"wpcf7-form-control wpcf7-email wpcf7-validates-as-required wpcf7-text wpcf7-validates-as-email\" aria-required=\"true\" aria-invalid=\"false\" value=\"\" type=\"email\" name=\"f-email\" \/><\/span><\/div>\n<\/div>\n\n<div class=\"row\">\n<div class=\"col-xs-12 col-sm-3\"><label>Telefonsz\u00e1m *<\/label><\/div>\n<div class=\"col-xs-12 col-sm-9\"><span class=\"wpcf7-form-control-wrap\" data-name=\"f-telefonszam\"><input size=\"40\" maxlength=\"400\" class=\"wpcf7-form-control wpcf7-tel wpcf7-validates-as-required wpcf7-text wpcf7-validates-as-tel\" aria-required=\"true\" aria-invalid=\"false\" value=\"\" type=\"tel\" name=\"f-telefonszam\" \/><\/span><\/div>\n<\/div>\n\n<div class=\"row\">\n<div class=\"col-xs-12 col-sm-3\"><label>K\u00e9rd\u00e9s, megjegyz\u00e9s<\/label><\/div>\n<div class=\"col-xs-12 col-sm-9\"><span class=\"wpcf7-form-control-wrap\" data-name=\"f-kerdes-megjegyzes\"><textarea cols=\"40\" rows=\"10\" maxlength=\"2000\" class=\"wpcf7-form-control wpcf7-textarea\" aria-invalid=\"false\" name=\"f-kerdes-megjegyzes\"><\/textarea><\/span><\/div>\n<\/div>\n\n<div class=\"row\">\n<div class=\"col-12\"><span class=\"wpcf7-form-control-wrap\" data-name=\"acceptance-pp\"><span class=\"wpcf7-form-control wpcf7-acceptance\"><span class=\"wpcf7-list-item\"><label><input type=\"checkbox\" name=\"acceptance-pp\" value=\"1\" aria-invalid=\"false\" \/><span class=\"wpcf7-list-item-label\"><a class=\"privacy-policy-link\" href=\"https:\/\/webshop.direktenergy.eu\/hu\/adatkezelesi-tajekoztato\/\" target=\"_blank\">Adatkezel\u00e9si t\u00e1j\u00e9koztat\u00f3<\/a> elfogad\u00e1sa<\/span><\/label><\/span><\/span><\/span><\/div>\n<\/div>\n\n<div class=\"row\">\n<div class=\"col-12 center-block text-center\">\n<input class=\"wpcf7-form-control wpcf7-submit has-spinner\" type=\"submit\" value=\"K\u00fcld\u00e9s\" \/>\n<\/div>\n<\/div><div class=\"wpcf7-response-output\" aria-hidden=\"true\"><\/div>\n<\/form>\n<\/div>\n<\/div>[\/vc_column][\/vc_row][vc_row][vc_column][vc_separator css=&#8221;.vc_custom_1718554705037{margin-top: 30px !important;}&#8221;][\/vc_column][\/vc_row][vc_row][vc_column][vc_raw_html css=&#8221;&#8221;]JTVCaWZyYW1lJTIwc3JjJTNEJTIyaHR0cHMlM0ElMkYlMkZ3d3cuZ29vZ2xlLmNvbSUyRm1hcHMlMkZlbWJlZCUzRnBiJTNEJTIxMW0xOCUyMTFtMTIlMjExbTMlMjExZDI3MDguNjAxMzM5NTM5NDkwMyUyMTJkMTYuNTMyNzk2NTcwNzEwMDg3JTIxM2Q0Ny4yNDM5NDMzODYyMTU1NiUyMTJtMyUyMTFmMCUyMTJmMCUyMTNmMCUyMTNtMiUyMTFpMTAyNCUyMTJpNzY4JTIxNGYxMy4xJTIxM20zJTIxMW0yJTIxMXMweDQ3NmViZjA0NDkwNTA1OWYlMjUzQTB4ZTc1NmI2NTQ1OWZhZTNmJTIxMnNEaXJla3QlMjUyMEVuZXJneSUyMTVlMCUyMTNtMiUyMTFzaHUlMjEyc2h1JTIxNHYxNjkxNTc4Mjc1MjUxJTIyJTVE[\/vc_raw_html][\/vc_column][\/vc_row]<\/p>\n<\/div>","protected":false},"excerpt":{"rendered":"<p>[vc_row][vc_column width=&#8221;2\/3&#8243;][vc_column_text css=&#8221;&#8221;] El\u00e9rhet\u0151s\u00e9geink C\u00e9gn\u00e9v Direkt Digital Bt. Nyitva tart\u00e1s H\u00e9tf\u0151t\u0151l &#8211; cs\u00fct\u00f6rt\u00f6kig: 8:00 &#8211; 15:30 P\u00e9nteken: 8:00 &#8211; 14:30 Az al\u00e1bbi el\u00e9rhet\u0151s\u00e9gek b\u00e1rmelyik\u00e9n megtal\u00e1l benn\u00fcnket [\/vc_column_text][\/vc_column][vc_column width=&#8221;1\/3&#8243;][vc_column_text css=&#8221;.vc_custom_1682517727174{margin-bottom: 0px !important;}&#8221;] \u00dczenet k\u00fcld\u00e9se Ha k\u00e9rd\u00e9se, \u00e9szrev\u00e9tele lenne, vagy ingyenes aj\u00e1nlatunkat szeretn\u00e9 k\u00e9rni, k\u00e9rj\u00fck az al\u00e1bbi \u0171rlapon kereszt\u00fcl vegye fel vel\u00fcnk a kapcsolatot! [\/vc_column_text][\/vc_column][\/vc_row][vc_row][vc_column][vc_separator css=&#8221;.vc_custom_1718554705037{margin-top: 30px !important;}&#8221;][\/vc_column][\/vc_row][vc_row][vc_column][vc_raw_html css=&#8221;&#8221;]JTVCaWZyYW1lJTIwc3JjJTNEJTIyaHR0cHMlM0ElMkYlMkZ3d3cuZ29vZ2xlLmNvbSUyRm1hcHMlMkZlbWJlZCUzRnBiJTNEJTIxMW0xOCUyMTFtMTIlMjExbTMlMjExZDI3MDguNjAxMzM5NTM5NDkwMyUyMTJkMTYuNTMyNzk2NTcwNzEwMDg3JTIxM2Q0Ny4yNDM5NDMzODYyMTU1NiUyMTJtMyUyMTFmMCUyMTJmMCUyMTNmMCUyMTNtMiUyMTFpMTAyNCUyMTJpNzY4JTIxNGYxMy4xJTIxM20zJTIxMW0yJTIxMXMweDQ3NmViZjA0NDkwNTA1OWYlMjUzQTB4ZTc1NmI2NTQ1OWZhZTNmJTIxMnNEaXJla3QlMjUyMEVuZXJneSUyMTVlMCUyMTNtMiUyMTFzaHUlMjEyc2h1JTIxNHYxNjkxNTc4Mjc1MjUxJTIyJTVE[\/vc_raw_html][\/vc_column][\/vc_row]<\/p>\n","protected":false},"author":2,"featured_media":0,"parent":0,"menu_order":0,"comment_status":"closed","ping_status":"closed","template":"","meta":{"footnotes":""},"class_list":["post-54","page","type-page","status-publish","hentry"],"_links":{"self":[{"href":"https:\/\/webshop.direktenergy.eu\/hu\/wp-json\/wp\/v2\/pages\/54","targetHints":{"allow":["GET"]}}],"collection":[{"href":"https:\/\/webshop.direktenergy.eu\/hu\/wp-json\/wp\/v2\/pages"}],"about":[{"href":"https:\/\/webshop.direktenergy.eu\/hu\/wp-json\/wp\/v2\/types\/page"}],"author":[{"embeddable":true,"href":"https:\/\/webshop.direktenergy.eu\/hu\/wp-json\/wp\/v2\/users\/2"}],"replies":[{"embeddable":true,"href":"https:\/\/webshop.direktenergy.eu\/hu\/wp-json\/wp\/v2\/comments?post=54"}],"version-history":[{"count":10,"href":"https:\/\/webshop.direktenergy.eu\/hu\/wp-json\/wp\/v2\/pages\/54\/revisions"}],"predecessor-version":[{"id":686,"href":"https:\/\/webshop.direktenergy.eu\/hu\/wp-json\/wp\/v2\/pages\/54\/revisions\/686"}],"wp:attachment":[{"href":"https:\/\/webshop.direktenergy.eu\/hu\/wp-json\/wp\/v2\/media?parent=54"}],"curies":[{"name":"wp","href":"https:\/\/api.w.org\/{rel}","templated":true}]}}