{"id":170,"date":"2024-05-22T10:03:08","date_gmt":"2024-05-22T08:03:08","guid":{"rendered":"https:\/\/dev.autotoltok.eu\/?post_type=product&#038;p=170"},"modified":"2024-05-27T15:59:21","modified_gmt":"2024-05-27T13:59:21","slug":"kismegszakito-c16a-3pn-mat6","status":"publish","type":"product","link":"https:\/\/webshop.direktenergy.eu\/hu\/termek\/kismegszakito-c16a-3pn-mat6\/","title":{"rendered":"Kismegszak\u00edt\u00f3 C16A 3p+N MAT6"},"content":{"rendered":"<p>230V-os 4 p\u00f3lus\u00fa, 16A-es,\u00a0 C karakterisztik\u00e1j\u00fa kismegszak\u00edt\u00f3<\/p>\n","protected":false},"excerpt":{"rendered":"<p>230V-os 4 p\u00f3lus\u00fa, 16A-es,\u00a0 C karakterisztik\u00e1j\u00fa kismegszak\u00edt\u00f3<\/p>\n","protected":false},"featured_media":171,"template":"","meta":[],"pwb-brand":[46],"product_brand":[],"product_cat":[50],"product_tag":[],"class_list":{"0":"post-170","1":"product","2":"type-product","3":"status-publish","4":"has-post-thumbnail","6":"pwb-brand-eti","7":"product_cat-villamos-szerelveny","10":"first","11":"instock","12":"taxable","13":"shipping-taxable","14":"purchasable","15":"product-type-simple"},"brands":[{"id":46,"name":"ETI","slug":"eti"}],"_links":{"self":[{"href":"https:\/\/webshop.direktenergy.eu\/hu\/wp-json\/wp\/v2\/product\/170","targetHints":{"allow":["GET"]}}],"collection":[{"href":"https:\/\/webshop.direktenergy.eu\/hu\/wp-json\/wp\/v2\/product"}],"about":[{"href":"https:\/\/webshop.direktenergy.eu\/hu\/wp-json\/wp\/v2\/types\/product"}],"wp:featuredmedia":[{"embeddable":true,"href":"https:\/\/webshop.direktenergy.eu\/hu\/wp-json\/wp\/v2\/media\/171"}],"wp:attachment":[{"href":"https:\/\/webshop.direktenergy.eu\/hu\/wp-json\/wp\/v2\/media?parent=170"}],"wp:term":[{"taxonomy":"pwb-brand","embeddable":true,"href":"https:\/\/webshop.direktenergy.eu\/hu\/wp-json\/wp\/v2\/pwb-brand?post=170"},{"taxonomy":"product_brand","embeddable":true,"href":"https:\/\/webshop.direktenergy.eu\/hu\/wp-json\/wp\/v2\/product_brand?post=170"},{"taxonomy":"product_cat","embeddable":true,"href":"https:\/\/webshop.direktenergy.eu\/hu\/wp-json\/wp\/v2\/product_cat?post=170"},{"taxonomy":"product_tag","embeddable":true,"href":"https:\/\/webshop.direktenergy.eu\/hu\/wp-json\/wp\/v2\/product_tag?post=170"}],"curies":[{"name":"wp","href":"https:\/\/api.w.org\/{rel}","templated":true}]}}