{"id":376,"date":"2024-06-18T09:39:29","date_gmt":"2024-06-18T07:39:29","guid":{"rendered":"https:\/\/webshop.direktenergy.eu\/?post_type=product&#038;p=376"},"modified":"2025-03-14T11:56:35","modified_gmt":"2025-03-14T10:56:35","slug":"fronius-symo-gen24-4-0-plus","status":"publish","type":"product","link":"https:\/\/webshop.direktenergy.eu\/hu\/termek\/fronius-symo-gen24-4-0-plus\/","title":{"rendered":"Fronius Symo GEN24 4.0 PLUS"},"content":{"rendered":"<p>Felk\u00e9sz\u00fclve az otthoni energetikai \u00e1t\u00e1ll\u00e1sra: A napelemes rendszer k\u00f6zponti elemek\u00e9nt funkcion\u00e1l\u00f3 Fronius GEN24* inverter\u00fcnkkel\u00a0<strong>a h\u00e1ztart\u00e1sok saj\u00e1t maguk termelhetik meg az energi\u00e1t, fenntarthat\u00f3an \u00e9s kedvez\u0151 \u00e1ron<\/strong>. A Fronius GEN24 Plus hibrid inverter r\u00e1ad\u00e1sul akkumul\u00e1toros t\u00e1rol\u00f3rendszer beiktat\u00e1s\u00e1t is lehet\u0151v\u00e9 teszi \u2013 \u00e9s ezzel a teljes energia-\u00f6nell\u00e1t\u00e1st biztos\u00edt az \u00e1ramell\u00e1t\u00e1s, f\u0171t\u00e9s, h\u0171t\u00e9s \u00e9s e-mobilit\u00e1s sz\u00e1m\u00e1ra, m\u00e9g \u00e9jjel is.<\/p>\n<p>M\u00edg a Fronius\u00a0<strong>GEN24 a PV Point r\u00e9v\u00e9n egy integr\u00e1lt alapszint\u0171 sz\u00fcks\u00e9g\u00e1ram-ell\u00e1t\u00e1ssal<\/strong>\u00a0rendelkezik, a Fronius\u00a0<strong>GEN24 Plus**<\/strong>\u00a0tetsz\u00e9s szerint\u00a0<strong>\u00e1tfog\u00f3 Full Back-up sz\u00fcks\u00e9g\u00e1ram-ell\u00e1t\u00e1st k\u00edn\u00e1l<\/strong>\u00a0egy csatlakoztatott akkumul\u00e1toros t\u00e1rol\u00f3rendszerrel.<\/p>\n<ul>\n<li>Az otthoni napelemes rendszerek lelke<\/li>\n<li><strong>Fronius UP.storage:<\/strong>\u00a0Szoftverfriss\u00edt\u00e9s a Fronius GEN24 \u00e1talak\u00edt\u00e1s\u00e1hoz Fronius GEN24 Plus* hibrid inverterr\u00e9<\/li>\n<li>Gyors telep\u00edt\u00e9s \u00e9s konfigur\u00e1ci\u00f3<\/li>\n<li>Fenntarthat\u00f3an fejlesztve \u00e9s gy\u00e1rtva<\/li>\n<li>Made in Europe<\/li>\n<\/ul>\n<div class=\"heading \">\n<p>* A Fronius Up.storage a Fronius GEN24 Plus hibrid inverterre friss\u00edt\u00e9s lehet\u0151s\u00e9g\u00e9t biztos\u00edtja.\u00a0<a href=\"https:\/\/downloads.fronius.com\/Solar%20Energy\/User%20Information\/SE_UI_Availability_Fronius_Webshop.pdf\" target=\"_blank\" rel=\"noopener noreferrer\">Meghat\u00e1rozott orsz\u00e1gokban<\/a>\u00a0a Fronius web\u00e1ruh\u00e1z\u00e1n kereszt\u00fcl \u00e9rhet\u0151 el.<\/p>\n<p>** A Full Back-up sz\u00fcks\u00e9g\u00e1ram opci\u00f3 a Fronius Symo GEN24 3.0\u20135.0 Plus eset\u00e9ben nem \u00e9rhet\u0151 el.<\/p>\n<h2 class=\"background-headline \">Az inverter rugalmas sz\u00fcks\u00e9g\u00e1ram opci\u00f3kkal<\/h2>\n<\/div>\n<div class=\"text imageText row img-left outside-grid\" data-component-anchor-id=\"anc_\">\n<div class=\"img-wrap\">\n<div class=\"full-width-helper\">\n<figure><img decoding=\"async\" title=\"\" src=\"image\/gif;base64,R0lGODlhAQABAAAAACH5BAEKAAEALAAAAAABAAEAAAICTAEAOw==\" alt=\"\" \/><\/figure>\n<\/div>\n<\/div>\n<div class=\"text-wrap\" data-gtm-vis-has-fired2269922_821=\"1\">\n<h3>Sz\u00fcks\u00e9g\u00e1ram minden helyzetre<\/h3>\n<p>Az energiaell\u00e1t\u00e1shoz biztons\u00e1g sz\u00fcks\u00e9ges. Ehhez k\u00edn\u00e1l a Fronius<strong>\u00a0GEN24 integr\u00e1lt alapszint\u0171 sz\u00fcks\u00e9g\u00e1ram-ell\u00e1t\u00e1st. A PV Pointon\u00a0<\/strong>\u2013 egy dugaszol\u00f3aljzaton \u00e1t \u2013 kapnak a csatlakoztatott k\u00e9sz\u00fcl\u00e9kek 3 kW-ig sz\u00fcks\u00e9g\u00e1ramot, am\u00edg s\u00fct a Nap.<\/p>\n<p>A Fronius GEN24 Plus a\u00a0<strong>PV Point \u00e9s a Full Back-up* r\u00e9v\u00e9n k\u00e9t sz\u00fcks\u00e9g\u00e1ram opci\u00f3val rendelkezik:\u00a0<\/strong>egyr\u00e9szt egyetlen dugaszol\u00f3aljzat ell\u00e1t\u00e1sa 3 kW-ig, m\u00e1sr\u00e9szt a teljes h\u00e1ztart\u00e1s \u00e1ramell\u00e1t\u00e1s\u00e1nak biztos\u00edt\u00e1sa, bele\u00e9rtve a nagy \u00e9s 3 f\u00e1zis\u00fa fogyaszt\u00f3kat is, mint a h\u0151szivatty\u00fak.<\/p>\n<p><sub>* A Full Back-up sz\u00fcks\u00e9g\u00e1ram opci\u00f3 a Fronius Symo GEN24 3.0\u20135.0 Plus eset\u00e9ben nem \u00e9rhet\u0151 el. A Full Back-up sz\u00fcks\u00e9g\u00e1ram opci\u00f3hoz az inverteren k\u00edv\u00fcl egy akkumul\u00e1tor, valamint egy \u00e1tkapcsol\u00f3 berendez\u00e9s sz\u00fcks\u00e9ges a biztons\u00e1gos h\u00e1l\u00f3zati lev\u00e1laszt\u00e1shoz.<\/sub><\/p>\n<h3><img loading=\"lazy\" decoding=\"async\" class=\"alignnone size-full wp-image-368\" style=\"font-size: 16px;font-weight: 400\" src=\"https:\/\/webshop.direktenergy.eu\/www-uploads\/2024\/06\/active-cooling-gen24-centered-169.gif\" alt=\"\" width=\"1540\" height=\"866\" \/>Garant\u00e1lt sokoldal\u00fas\u00e1g<\/h3>\n<p>Invertereink az energiamenedzsment funkci\u00f3knak k\u00f6sz\u00f6nhet\u0151en fenntarthat\u00f3an takar\u00edtj\u00e1k meg az id\u0151t \u00e9s a k\u00f6lts\u00e9geket. Az okos k\u00e9sz\u00fcl\u00e9kdiz\u00e1jn \u00e9s az intelligens szoftver\u00fcnk egy\u00fctt lehet\u0151v\u00e9 teszik a\u00a0<strong>gyors \u00e9s rugalmas telep\u00edt\u00e9st,<\/strong>\u00a0valamint\u00a0<strong>az optim\u00e1lis hozamokat \u2013 a szol\u00e1rmodulok \u00e1rny\u00e9kol\u00e1sa eset\u00e9n is<\/strong>. Az integr\u00e1lt akt\u00edv h\u0171t\u00e9s ezzel egyidej\u0171leg meghosszabb\u00edtja az \u00e9lettartamot, \u00e9s ezzel biztos\u00edtja \u00fcgyfeleink beruh\u00e1z\u00e1s\u00e1t.<\/p>\n<\/div>\n<\/div>\n","protected":false},"excerpt":{"rendered":"<p>Ismerje meg a Fronius GEN24 Plus hibrid inverter el\u0151nyeit, amely fenntarthat\u00f3 energiatermel\u00e9st \u00e9s teljes energia-\u00f6nell\u00e1t\u00e1st biztos\u00edt otthon\u00e1nak. \u00c9lvezze az integr\u00e1lt sz\u00fcks\u00e9g\u00e1ram-ell\u00e1t\u00e1st \u00e9s a gyors telep\u00edt\u00e9st Eur\u00f3p\u00e1ban gy\u00e1rtott, sokoldal\u00fa energiamenedzsment funkci\u00f3kkal rendelkez\u0151 k\u00e9sz\u00fcl\u00e9k\u00fcnkkel.<\/p>\n","protected":false},"featured_media":163,"template":"","meta":[],"pwb-brand":[18],"product_brand":[],"product_cat":[37],"product_tag":[],"class_list":{"0":"post-376","1":"product","2":"type-product","3":"status-publish","4":"has-post-thumbnail","6":"pwb-brand-fronius","7":"product_cat-inverterek","10":"first","11":"instock","12":"taxable","13":"shipping-taxable","14":"purchasable","15":"product-type-simple"},"brands":[{"id":18,"name":"Fronius","slug":"fronius"}],"_links":{"self":[{"href":"https:\/\/webshop.direktenergy.eu\/hu\/wp-json\/wp\/v2\/product\/376","targetHints":{"allow":["GET"]}}],"collection":[{"href":"https:\/\/webshop.direktenergy.eu\/hu\/wp-json\/wp\/v2\/product"}],"about":[{"href":"https:\/\/webshop.direktenergy.eu\/hu\/wp-json\/wp\/v2\/types\/product"}],"wp:featuredmedia":[{"embeddable":true,"href":"https:\/\/webshop.direktenergy.eu\/hu\/wp-json\/wp\/v2\/media\/163"}],"wp:attachment":[{"href":"https:\/\/webshop.direktenergy.eu\/hu\/wp-json\/wp\/v2\/media?parent=376"}],"wp:term":[{"taxonomy":"pwb-brand","embeddable":true,"href":"https:\/\/webshop.direktenergy.eu\/hu\/wp-json\/wp\/v2\/pwb-brand?post=376"},{"taxonomy":"product_brand","embeddable":true,"href":"https:\/\/webshop.direktenergy.eu\/hu\/wp-json\/wp\/v2\/product_brand?post=376"},{"taxonomy":"product_cat","embeddable":true,"href":"https:\/\/webshop.direktenergy.eu\/hu\/wp-json\/wp\/v2\/product_cat?post=376"},{"taxonomy":"product_tag","embeddable":true,"href":"https:\/\/webshop.direktenergy.eu\/hu\/wp-json\/wp\/v2\/product_tag?post=376"}],"curies":[{"name":"wp","href":"https:\/\/api.w.org\/{rel}","templated":true}]}}