{"id":389,"date":"2024-06-18T10:42:01","date_gmt":"2024-06-18T08:42:01","guid":{"rendered":"https:\/\/webshop.direktenergy.eu\/?post_type=product&#038;p=389"},"modified":"2024-11-07T08:40:45","modified_gmt":"2024-11-07T07:40:45","slug":"huawei-sun2000-12ktl-m5","status":"publish","type":"product","link":"https:\/\/webshop.direktenergy.eu\/hu\/termek\/huawei-sun2000-12ktl-m5\/","title":{"rendered":"Huawei SUN2000-12KTL-M5"},"content":{"rendered":"<p>A Huawei, a vil\u00e1g legnagyobb napelemes inverter sz\u00e1ll\u00edt\u00f3ja sz\u00e9les inverter v\u00e1laszt\u00e9kot \u00e9s a legjobb megold\u00e1st k\u00edn\u00e1lja \u00d6nnek.<\/p>\n<p>Folyamatosan fejlesztenek az \u00fcgyfelek ig\u00e9nyeinek kiel\u00e9g\u00edt\u00e9se \u00e9s technol\u00f3giai vezet\u00e9s\u00fck fejleszt\u00e9se \u00e9rdek\u00e9ben, \u00e9rt\u00e9ket teremtenek az \u00fcgyfelek sz\u00e1m\u00e1ra.<\/p>\n<ul>\n<li>Kommunik\u00e1ci\u00f3: Be\u00e9p\u00edtett Wifi modul<\/li>\n<li>Max. hat\u00e1sfok: 98.4 %<\/li>\n<li>Aj\u00e1nlott max. PV teljes\u00edtm\u00e9ny: 18,000 Wp<\/li>\n<li>Max. bemeneti fesz\u00fclts\u00e9g: 1,100 V<\/li>\n<li>Indul\u00f3 fesz\u00fclts\u00e9g: 200 V<\/li>\n<li>MPPT \u00fczemi fesz\u00fclts\u00e9g tartom\u00e1nya: 200 V ~ 1000 V<\/li>\n<li>N\u00e9vleges bemeneti fesz\u00fclts\u00e9g: 600 V<\/li>\n<li>Max. bemeneti \u00e1ramer\u0151ss\u00e9g \/ MPPT: 30 A<\/li>\n<li>Max. r\u00f6vidz\u00e1rlati \u00e1ramer\u0151ss\u00e9g: 40 A<\/li>\n<li>MPP-k\u00f6vet\u0151k sz\u00e1ma: 2<\/li>\n<li>Akkumul\u00e1tor kompatibilit\u00e1s: NEM<\/li>\n<li>Akkumul\u00e1tor t\u00e1mogat\u00e1s: NEM<\/li>\n<li>H\u00e1l\u00f3zati csatlakoz\u00e1s: H\u00e1romf\u00e1zis\u00fa<\/li>\n<li>N\u00e9vleges kimeneti teljes\u00edtm\u00e9ny: 12,000 W<\/li>\n<li>N\u00e9vleges AC h\u00e1l\u00f3zati frekvencia: 50 Hz \/ 60 Hz<\/li>\n<li>Max. kimeneti \u00e1ramer\u0151ss\u00e9g: 20 A<\/li>\n<li>DC fesz\u00fclts\u00e9g-v\u00e9delem: Igen, II-es t\u00edpus\u00fa v\u00e9delmi oszt\u00e1llyal kompatibilis az EN\/IEC 61643-11 szabv\u00e1ny szerint<\/li>\n<li>AC fesz\u00fclts\u00e9g-v\u00e9delem: Igen, II-es t\u00edpus\u00fa v\u00e9delmi oszt\u00e1llyal kompatibilis az EN\/IEC 61643-11 szabv\u00e1ny szerint<\/li>\n<li>AC t\u00fal\u00e1ram elleni v\u00e9delem: Igen<\/li>\n<li>\u00dczemi h\u0151m\u00e9rs\u00e9klet tartom\u00e1nya: -25 ~ +60 \u00b0C (45\u00b0C felett \u00e9szlelhet\u0151 cs\u00f6kken\u00e9s @ n\u00e9vleges kimeneti teljes\u00edtm\u00e9ny)<\/li>\n<li>Garancia 10 \u00e9v<\/li>\n<\/ul>\n<p>A Huawei egyedi \u00e9s innovat\u00edv m\u00f3don integr\u00e1lja a digit\u00e1lis, az internetes \u00e9s a PV technol\u00f3gi\u00e1t. Ennek k\u00f6sz\u00f6nheti siker\u00e9t az ipar\u00e1gvezet\u0151 FusionSolar Smart PV inverter megold\u00e1suk is. A Huawei PV term\u00e9kek sz\u00e9les k\u00f6rben elismertek az eur\u00f3pai, amerikai, \u00e1zsiai r\u00e9gi\u00f3kban egyar\u00e1nt. Az IHS market \u00e9s a GTM glob\u00e1lis tan\u00e1csad\u00f3i \u00e1ltal k\u00f6zz\u00e9tett jelent\u00e9sek alapj\u00e1n a Huawei az inverter sz\u00e1ll\u00edtm\u00e1nyoz\u00e1sban vil\u00e1gszerte az 1. helyen \u00e1llt h\u00e1rom egym\u00e1st k\u00f6vet\u0151 \u00e9vben, 2015-ben, 2016-ban \u00e9s 2017-ben.<\/p>\n","protected":false},"excerpt":{"rendered":"<p>Fedezze fel a Huawei FusionSolar Smart PV invertereket, a vil\u00e1g vezet\u0151 megold\u00e1sait napelemes rendszerekhez! \u00c9lvezze a be\u00e9p\u00edtett Wi-Fi modult, a 98,4% maxim\u00e1lis hat\u00e1sfokot, \u00e9s az akkumul\u00e1tor t\u00e1mogat\u00e1st. Innov\u00e1ci\u00f3, megb\u00edzhat\u00f3s\u00e1g \u00e9s vil\u00e1gszint\u0171 elismer\u00e9s a Huawei-t\u0151l.<\/p>\n","protected":false},"featured_media":167,"template":"","meta":[],"pwb-brand":[20],"product_brand":[],"product_cat":[37],"product_tag":[],"class_list":{"0":"post-389","1":"product","2":"type-product","3":"status-publish","4":"has-post-thumbnail","6":"pwb-brand-huawei","7":"product_cat-inverterek","10":"first","11":"instock","12":"taxable","13":"shipping-taxable","14":"purchasable","15":"product-type-simple"},"brands":[{"id":20,"name":"Huawei","slug":"huawei"}],"_links":{"self":[{"href":"https:\/\/webshop.direktenergy.eu\/hu\/wp-json\/wp\/v2\/product\/389","targetHints":{"allow":["GET"]}}],"collection":[{"href":"https:\/\/webshop.direktenergy.eu\/hu\/wp-json\/wp\/v2\/product"}],"about":[{"href":"https:\/\/webshop.direktenergy.eu\/hu\/wp-json\/wp\/v2\/types\/product"}],"wp:featuredmedia":[{"embeddable":true,"href":"https:\/\/webshop.direktenergy.eu\/hu\/wp-json\/wp\/v2\/media\/167"}],"wp:attachment":[{"href":"https:\/\/webshop.direktenergy.eu\/hu\/wp-json\/wp\/v2\/media?parent=389"}],"wp:term":[{"taxonomy":"pwb-brand","embeddable":true,"href":"https:\/\/webshop.direktenergy.eu\/hu\/wp-json\/wp\/v2\/pwb-brand?post=389"},{"taxonomy":"product_brand","embeddable":true,"href":"https:\/\/webshop.direktenergy.eu\/hu\/wp-json\/wp\/v2\/product_brand?post=389"},{"taxonomy":"product_cat","embeddable":true,"href":"https:\/\/webshop.direktenergy.eu\/hu\/wp-json\/wp\/v2\/product_cat?post=389"},{"taxonomy":"product_tag","embeddable":true,"href":"https:\/\/webshop.direktenergy.eu\/hu\/wp-json\/wp\/v2\/product_tag?post=389"}],"curies":[{"name":"wp","href":"https:\/\/api.w.org\/{rel}","templated":true}]}}