{"id":401,"date":"2024-06-18T12:02:19","date_gmt":"2024-06-18T10:02:19","guid":{"rendered":"https:\/\/webshop.direktenergy.eu\/?post_type=product&#038;p=401"},"modified":"2024-08-07T15:33:28","modified_gmt":"2024-08-07T13:33:28","slug":"fronius-wattpilot-home-22-kw-ev-tolto","status":"publish","type":"product","link":"https:\/\/webshop.direktenergy.eu\/hu\/termek\/fronius-wattpilot-home-22-kw-ev-tolto\/","title":{"rendered":"Fronius Wattpilot HOME 22 EV t\u00f6lt\u0151"},"content":{"rendered":"<p>FRONIUS WATTPILOT<br \/>\nMinden ig\u00e9nyt kiel\u00e9g\u00edt\u0151, intelligens t\u00f6lt\u00e9si megold\u00e1s elektromos meghajt\u00e1s\u00fa g\u00e9pj\u00e1rm\u0171h\u00f6z<\/p>\n<p>A Fronius Wattpilot haszn\u00e1lat\u00e1val az elektromos meghajt\u00e1s\u00fa g\u00e9pkocsik tulajdonosai szabadon eld\u00f6nthetik, hogy mik\u00e9nt k\u00edv\u00e1nj\u00e1k felt\u00f6lteni a j\u00e1rm\u0171veiket.<\/p>\n<p>A v\u00e1ltoz\u00f3 villamosenergia-tarif\u00e1kat is figyelembe v\u00e9ve ez egy k\u00fcl\u00f6n\u00f6sen k\u00f6lts\u00e9ghat\u00e9kony megold\u00e1s. A Fronius Wattpilot k\u00e9tf\u00e9le v\u00e1ltozatban is el\u00e9rhet\u0151: a helyhez k\u00f6t\u00f6tt telep\u00edt\u00e9s\u0171 Wattpilot Home otthoni t\u00f6lt\u00e9shez ide\u00e1lis.<\/p>\n<p>Az eszk\u00f6z a hozz\u00e1 tartoz\u00f3 Solar.wattpilot alkalmaz\u00e1son kereszt\u00fcl m\u0171k\u00f6dtethet\u0151, amely egyben a t\u00f6lt\u00e9s folyamat\u00e1r\u00f3l is \u00e1ttekint\u00e9st ny\u00fajt. Az intelligens Plug-and-Play t\u00f6lt\u00e9si megold\u00e1s k\u00e9t k\u00fcl\u00f6nb\u00f6z\u0151 t\u00f6lt\u00e9si m\u00f3dot k\u00edn\u00e1l: az Eco \u00e9s a Next Trip m\u00f3dokat. Ezen t\u00falmen\u0151en a Wattpilot a napelemes rendszerek hasznos\u00edt\u00e1s\u00e1ra van optimaliz\u00e1lva: a megtermelt t\u00f6bblet-napenergi\u00e1val, \u00edgy k\u00fcl\u00f6n\u00f6sen k\u00f6lts\u00e9ghat\u00e9kony \u00e9s fenntarthat\u00f3 m\u00f3don, amper szerinti pontoss\u00e1ggal t\u00f6ltheti fel a g\u00e9pkocsij\u00e1t.<\/p>\n<p><a href=\"https:\/\/dev.autotoltok.eu\/www-uploads\/2023\/04\/fronius-wattpilot-22kw-ev-tolto.pdf\">Fronius Wattpilot 22kW EV t\u00f6lt\u0151<\/a><\/p>\n","protected":false},"excerpt":{"rendered":"<p>FRONIUS WATTPILOT<br \/>\nMinden ig\u00e9nyt kiel\u00e9g\u00edt\u0151, intelligens t\u00f6lt\u00e9si megold\u00e1s elektromos meghajt\u00e1s\u00fa g\u00e9pj\u00e1rm\u0171h\u00f6<\/p>\n","protected":false},"featured_media":590,"template":"","meta":[],"pwb-brand":[18],"product_brand":[],"product_cat":[22],"product_tag":[],"class_list":{"0":"post-401","1":"product","2":"type-product","3":"status-publish","4":"has-post-thumbnail","6":"pwb-brand-fronius","7":"product_cat-elektromos-auto-fali-tolto","10":"first","11":"instock","12":"taxable","13":"shipping-taxable","14":"purchasable","15":"product-type-simple"},"brands":[{"id":18,"name":"Fronius","slug":"fronius"}],"_links":{"self":[{"href":"https:\/\/webshop.direktenergy.eu\/hu\/wp-json\/wp\/v2\/product\/401","targetHints":{"allow":["GET"]}}],"collection":[{"href":"https:\/\/webshop.direktenergy.eu\/hu\/wp-json\/wp\/v2\/product"}],"about":[{"href":"https:\/\/webshop.direktenergy.eu\/hu\/wp-json\/wp\/v2\/types\/product"}],"wp:featuredmedia":[{"embeddable":true,"href":"https:\/\/webshop.direktenergy.eu\/hu\/wp-json\/wp\/v2\/media\/590"}],"wp:attachment":[{"href":"https:\/\/webshop.direktenergy.eu\/hu\/wp-json\/wp\/v2\/media?parent=401"}],"wp:term":[{"taxonomy":"pwb-brand","embeddable":true,"href":"https:\/\/webshop.direktenergy.eu\/hu\/wp-json\/wp\/v2\/pwb-brand?post=401"},{"taxonomy":"product_brand","embeddable":true,"href":"https:\/\/webshop.direktenergy.eu\/hu\/wp-json\/wp\/v2\/product_brand?post=401"},{"taxonomy":"product_cat","embeddable":true,"href":"https:\/\/webshop.direktenergy.eu\/hu\/wp-json\/wp\/v2\/product_cat?post=401"},{"taxonomy":"product_tag","embeddable":true,"href":"https:\/\/webshop.direktenergy.eu\/hu\/wp-json\/wp\/v2\/product_tag?post=401"}],"curies":[{"name":"wp","href":"https:\/\/api.w.org\/{rel}","templated":true}]}}