{"id":405,"date":"2024-06-18T12:32:13","date_gmt":"2024-06-18T10:32:13","guid":{"rendered":"https:\/\/webshop.direktenergy.eu\/?post_type=product&#038;p=405"},"modified":"2026-03-27T15:36:00","modified_gmt":"2026-03-27T14:36:00","slug":"huawei-autotolto-7-4","status":"publish","type":"product","link":"https:\/\/webshop.direktenergy.eu\/hu\/termek\/huawei-autotolto-7-4\/","title":{"rendered":"Huawei aut\u00f3t\u00f6lt\u0151 7.4"},"content":{"rendered":"<h4><strong>Huawei AC T\u00f6lt\u0151 1 f\u00e1zis\u00fa <span class=\"current\">7.4kW\/32A<\/span><\/strong><\/h4>\n<div class=\"et_pb_module et_pb_text et_pb_text_15 et_pb_text_align_justified et_pb_text_align_left-phone et_pb_bg_layout_light\">\n<div class=\"et_pb_text_inner\">\n<p>A Huawei\u00a0 Smart t\u00f6lt\u0151 nagy el\u0151nye a hat\u00e9konys\u00e1ga, amely lehet\u0151v\u00e9 teszi a napenergia hasznos\u00edt\u00e1s\u00e1t az elektromos j\u00e1rm\u0171 100%-ban meg\u00fajul\u00f3 t\u00f6lt\u00e9s\u00e9hez. A Wifi kommunik\u00e1ci\u00f3s rendszernek k\u00f6sz\u00f6nhet\u0151en teljes csatlakoztathat\u00f3s\u00e1ggal rendelkezik. App Smart Charger a t\u00f6lt\u0151pontok kezel\u00e9s\u00e9hez, t\u00e1voli teljes\u00edtm\u00e9nybe\u00e1ll\u00edt\u00e1s, t\u00f6lt\u00e9sprogramoz\u00e1s. A Smart Charger k\u00fcl\u00f6nb\u00f6z\u0151 t\u00f6lt\u00e9si m\u00f3dokkal rendelkezik, t\u00f6bbek k\u00f6z\u00f6tt: t\u00falterhel\u00e9s: a terhel\u00e9s a fotovoltaikus mez\u0151 adott pillanatban megtermelt teljes\u00edtm\u00e9ny\u00e9hez igazodik. Menetrend szerinti t\u00f6lt\u00e9s: lehet\u0151v\u00e9 teszi az el\u0151nyben r\u00e9szes\u00edtett t\u00f6lt\u00e9si id\u0151 meghat\u00e1roz\u00e1s\u00e1t \u00e9s a fotovoltaikus feleslegek kezel\u00e9s\u00e9t. Automatikus f\u00e1zisv\u00e1lt\u00e1s egy \u00e9s h\u00e1rom f\u00e1zis k\u00f6z\u00f6tt. Teljes k\u00f6r\u0171 vez\u00e9rl\u00e9s egy alkalmaz\u00e1son kereszt\u00fcl. Gyors telep\u00edt\u00e9s.<\/p>\n<\/div>\n<\/div>\n<div class=\"et_pb_module et_pb_text et_pb_text_15 et_pb_text_align_justified et_pb_text_align_left-phone et_pb_bg_layout_light\">\n<div class=\"et_pb_text_inner\"><\/div>\n<\/div>\n<div class=\"et_pb_module et_pb_text et_pb_text_15 et_pb_text_align_justified et_pb_text_align_left-phone et_pb_bg_layout_light\">\n<div class=\"et_pb_text_inner\"><\/div>\n<\/div>\n<p><img loading=\"lazy\" decoding=\"async\" class=\"alignnone size-full wp-image-403\" src=\"https:\/\/webshop.direktenergy.eu\/www-uploads\/2024\/06\/safe-charging-scaled.jpg\" alt=\"\" width=\"2560\" height=\"1440\" srcset=\"https:\/\/webshop.direktenergy.eu\/www-uploads\/2024\/06\/safe-charging-scaled.jpg 2560w, https:\/\/webshop.direktenergy.eu\/www-uploads\/2024\/06\/safe-charging-800x450.jpg 800w\" sizes=\"auto, (max-width: 2560px) 100vw, 2560px\" \/><\/p>\n<table class=\"parameter-table table m-0\" style=\"width: 429px;height: 264px\">\n<tbody>\n<tr style=\"height: 24px\">\n<td style=\"width: 139.34375px;height: 24px\">F\u00e1zisok sz\u00e1ma<\/td>\n<td style=\"width: 273.671875px;height: 24px\"><strong>Egyf\u00e1zis\u00fa<\/strong><\/td>\n<\/tr>\n<tr style=\"height: 24px\">\n<td style=\"width: 139.34375px;height: 24px\">Garancia<\/td>\n<td style=\"width: 273.671875px;height: 24px\"><strong>36 H\u00f3nap\u00a0<\/strong><\/td>\n<\/tr>\n<tr style=\"height: 24px\">\n<td style=\"width: 139.34375px;height: 24px\">T\u00f6lt\u00e9si teljes\u00edtm\u00e9ny<\/td>\n<td style=\"width: 273.671875px;height: 24px\"><strong>22 kW<\/strong><\/td>\n<\/tr>\n<tr style=\"height: 24px\">\n<td style=\"width: 139.34375px;height: 24px\">Gy\u00e1rt\u00f3<\/td>\n<td style=\"width: 273.671875px;height: 24px\"><strong>Huawei<\/strong><\/td>\n<\/tr>\n<tr style=\"height: 24px\">\n<td style=\"width: 139.34375px;height: 24px\">Term\u00e9k<\/td>\n<td style=\"width: 273.671875px;height: 24px\"><strong>3 f\u00e1zis\u00fa AC Charger\/ T\u00f6lt\u0151 22kW\/32A<\/strong><\/td>\n<\/tr>\n<tr style=\"height: 24px\">\n<td style=\"width: 139.34375px;height: 24px\">T\u00f6lt\u00e9si teljes\u00edtm\u00e9ny<\/td>\n<td style=\"width: 273.671875px;height: 24px\"><strong>1.4 kW \u2013 22 kW<\/strong><\/td>\n<\/tr>\n<tr style=\"height: 24px\">\n<td style=\"width: 139.34375px;height: 24px\">N\u00e9vleges fesz\u00fclts\u00e9g<\/td>\n<td style=\"width: 273.671875px;height: 24px\"><strong>400 V (3-f\u00e1zis) \u00b1 20%<\/strong><\/td>\n<\/tr>\n<tr style=\"height: 24px\">\n<td style=\"width: 139.34375px;height: 24px\">H\u00e1l\u00f3zati t\u00edpusok<\/td>\n<td style=\"width: 273.671875px;height: 24px\"><strong>TN, TT<\/strong><\/td>\n<\/tr>\n<tr style=\"height: 48px\">\n<td style=\"width: 139.34375px;height: 48px\">Kommunik\u00e1ci\u00f3<\/td>\n<td style=\"width: 273.671875px;height: 48px\"><strong>Wi-Fi\/Ethernet, (WRGB LED, App), IP54<\/strong><\/td>\n<\/tr>\n<tr style=\"height: 24px\">\n<td style=\"width: 139.34375px;height: 24px\">M\u00e9retek<\/td>\n<td style=\"width: 273.671875px;height: 24px\"><strong>335 mm x 180 mm x 145 mm<\/strong><\/td>\n<\/tr>\n<\/tbody>\n<\/table>\n<p>&nbsp;<\/p>\n","protected":false},"excerpt":{"rendered":"<p>Huawei AC T\u00f6lt\u0151 1 f\u00e1zis\u00fa 7.4kW\/32A A Huawei\u00a0 Smart t\u00f6lt\u0151 nagy el\u0151nye a hat\u00e9konys\u00e1ga, amely lehet\u0151v\u00e9 teszi a napenergia hasznos\u00edt\u00e1s\u00e1t az elektromos j\u00e1rm\u0171 100%-ban meg\u00fajul\u00f3 t\u00f6lt\u00e9s\u00e9hez. A Wifi kommunik\u00e1ci\u00f3s rendszernek k\u00f6sz\u00f6nhet\u0151en teljes csatlakoztathat\u00f3s\u00e1ggal rendelkezik. App Smart Charger a t\u00f6lt\u0151pontok kezel\u00e9s\u00e9hez, t\u00e1voli teljes\u00edtm\u00e9nybe\u00e1ll\u00edt\u00e1s, t\u00f6lt\u00e9sprogramoz\u00e1s. A Smart Charger k\u00fcl\u00f6nb\u00f6z\u0151 t\u00f6lt\u00e9si m\u00f3dokkal rendelkezik, t\u00f6bbek k\u00f6z\u00f6tt: t\u00falterhel\u00e9s: a terhel\u00e9s a fotovoltaikus mez\u0151 adott pillanatban megtermelt teljes\u00edtm\u00e9ny\u00e9hez igazodik. Menetrend szerinti t\u00f6lt\u00e9s: lehet\u0151v\u00e9 teszi az el\u0151nyben r\u00e9szes\u00edtett t\u00f6lt\u00e9si id\u0151 meghat\u00e1roz\u00e1s\u00e1t \u00e9s a fotovoltaikus feleslegek kezel\u00e9s\u00e9t. Automatikus f\u00e1zisv\u00e1lt\u00e1s egy \u00e9s h\u00e1rom f\u00e1zis k\u00f6z\u00f6tt. Teljes k\u00f6r\u0171 vez\u00e9rl\u00e9s egy alkalmaz\u00e1son kereszt\u00fcl. Gyors telep\u00edt\u00e9s. F\u00e1zisok sz\u00e1ma Egyf\u00e1zis\u00fa Garancia 36 H\u00f3nap\u00a0 T\u00f6lt\u00e9si teljes\u00edtm\u00e9ny 22 kW Gy\u00e1rt\u00f3 Huawei Term\u00e9k 3 f\u00e1zis\u00fa AC Charger\/ T\u00f6lt\u0151 22kW\/32A T\u00f6lt\u00e9si teljes\u00edtm\u00e9ny 1.4 kW \u2013 22 kW N\u00e9vleges fesz\u00fclts\u00e9g 400 V (3-f\u00e1zis) \u00b1 20% H\u00e1l\u00f3zati t\u00edpusok TN, TT Kommunik\u00e1ci\u00f3 Wi-Fi\/Ethernet, (WRGB LED, App), IP54 M\u00e9retek 335 mm x 180 mm x 145 mm &nbsp;<\/p>\n","protected":false},"featured_media":404,"template":"","meta":[],"pwb-brand":[20],"product_brand":[],"product_cat":[22],"product_tag":[],"class_list":{"0":"post-405","1":"product","2":"type-product","3":"status-publish","4":"has-post-thumbnail","6":"pwb-brand-huawei","7":"product_cat-elektromos-auto-fali-tolto","10":"first","11":"instock","12":"taxable","13":"shipping-taxable","14":"purchasable","15":"product-type-simple"},"brands":[{"id":20,"name":"Huawei","slug":"huawei"}],"_links":{"self":[{"href":"https:\/\/webshop.direktenergy.eu\/hu\/wp-json\/wp\/v2\/product\/405","targetHints":{"allow":["GET"]}}],"collection":[{"href":"https:\/\/webshop.direktenergy.eu\/hu\/wp-json\/wp\/v2\/product"}],"about":[{"href":"https:\/\/webshop.direktenergy.eu\/hu\/wp-json\/wp\/v2\/types\/product"}],"wp:featuredmedia":[{"embeddable":true,"href":"https:\/\/webshop.direktenergy.eu\/hu\/wp-json\/wp\/v2\/media\/404"}],"wp:attachment":[{"href":"https:\/\/webshop.direktenergy.eu\/hu\/wp-json\/wp\/v2\/media?parent=405"}],"wp:term":[{"taxonomy":"pwb-brand","embeddable":true,"href":"https:\/\/webshop.direktenergy.eu\/hu\/wp-json\/wp\/v2\/pwb-brand?post=405"},{"taxonomy":"product_brand","embeddable":true,"href":"https:\/\/webshop.direktenergy.eu\/hu\/wp-json\/wp\/v2\/product_brand?post=405"},{"taxonomy":"product_cat","embeddable":true,"href":"https:\/\/webshop.direktenergy.eu\/hu\/wp-json\/wp\/v2\/product_cat?post=405"},{"taxonomy":"product_tag","embeddable":true,"href":"https:\/\/webshop.direktenergy.eu\/hu\/wp-json\/wp\/v2\/product_tag?post=405"}],"curies":[{"name":"wp","href":"https:\/\/api.w.org\/{rel}","templated":true}]}}