{"id":425,"date":"2024-06-24T09:18:08","date_gmt":"2024-06-24T07:18:08","guid":{"rendered":"https:\/\/webshop.direktenergy.eu\/?post_type=product&#038;p=425"},"modified":"2024-08-07T14:58:11","modified_gmt":"2024-08-07T12:58:11","slug":"huawei-luna2000-5-e0-5kw-akkumulator","status":"publish","type":"product","link":"https:\/\/webshop.direktenergy.eu\/hu\/termek\/huawei-luna2000-5-e0-5kw-akkumulator\/","title":{"rendered":"Huawei LUNA2000-5-E0 5kW akkumul\u00e1tor"},"content":{"rendered":"<p>A Huawei LUNA2000-5-E0 egy nagy teljes\u00edtm\u00e9ny\u0171 l\u00edtium-ion akkumul\u00e1tor, amelyet lakoss\u00e1gi \u00e9s kereskedelmi napenergia-t\u00e1rol\u00f3 rendszerekhez terveztek. Kapacit\u00e1sa 5 kilowatt\u00f3ra (kWh), \u00e9s k\u00e9pes nagy mennyis\u00e9g\u0171 felesleges napenergia t\u00e1rol\u00e1s\u00e1ra, hogy sz\u00fcks\u00e9g eset\u00e9n felhaszn\u00e1lhat\u00f3 legyen.<\/p>\n<p>A LUNA2000-5-E0 akkumul\u00e1tor sz\u00e1mos fejlett funkci\u00f3val rendelkezik, bele\u00e9rtve a be\u00e9p\u00edtett akkumul\u00e1tor-kezel\u0151 rendszert \u00e9s az intelligens energiagazd\u00e1lkod\u00e1si rendszert, amelyek lehet\u0151v\u00e9 teszik az energia hat\u00e9kony t\u00e1rol\u00e1s\u00e1t \u00e9s lemer\u00edt\u00e9s\u00e9t. Az akkumul\u00e1tor megb\u00edzhat\u00f3s\u00e1ga \u00e9s tart\u00f3ss\u00e1ga \u00e9rdek\u00e9ben sz\u00e1mos biztons\u00e1gi funkci\u00f3val is fel van szerelve, t\u00f6bbek k\u00f6z\u00f6tt t\u00falt\u00f6lt\u00e9s-, r\u00f6vidz\u00e1rlat- \u00e9s t\u00falmeleged\u00e9s elleni v\u00e9delemmel.<\/p>\n","protected":false},"excerpt":{"rendered":"<p>A Huawei LUNA2000-5-E0 egy nagy teljes\u00edtm\u00e9ny\u0171 l\u00edtium-ion akkumul\u00e1tor, amely ide\u00e1lis lakoss\u00e1gi \u00e9s kereskedelmi napenergia-t\u00e1rol\u00f3 rendszerekhez. 5 kWh kapacit\u00e1ssal k\u00e9pes jelent\u0151s mennyis\u00e9g\u0171 felesleges napenergia t\u00e1rol\u00e1s\u00e1ra. Fejlett funkci\u00f3i k\u00f6z\u00e9 tartozik a be\u00e9p\u00edtett akkumul\u00e1tor-kezel\u0151 rendszer \u00e9s az intelligens energiagazd\u00e1lkod\u00e1si rendszer, amelyek optimaliz\u00e1lj\u00e1k az energia t\u00e1rol\u00e1s\u00e1t \u00e9s lemer\u00edt\u00e9s\u00e9t. A megb\u00edzhat\u00f3s\u00e1got sz\u00e1mos biztons\u00e1gi funkci\u00f3, p\u00e9ld\u00e1ul t\u00falt\u00f6lt\u00e9s, r\u00f6vidz\u00e1rlat \u00e9s t\u00falmeleged\u00e9s elleni v\u00e9delem biztos\u00edtja.<\/p>\n","protected":false},"featured_media":430,"template":"","meta":[],"pwb-brand":[20],"product_brand":[],"product_cat":[43],"product_tag":[],"class_list":{"0":"post-425","1":"product","2":"type-product","3":"status-publish","4":"has-post-thumbnail","6":"pwb-brand-huawei","7":"product_cat-energiatarolok","10":"first","11":"instock","12":"taxable","13":"shipping-taxable","14":"purchasable","15":"product-type-simple"},"brands":[{"id":20,"name":"Huawei","slug":"huawei"}],"_links":{"self":[{"href":"https:\/\/webshop.direktenergy.eu\/hu\/wp-json\/wp\/v2\/product\/425","targetHints":{"allow":["GET"]}}],"collection":[{"href":"https:\/\/webshop.direktenergy.eu\/hu\/wp-json\/wp\/v2\/product"}],"about":[{"href":"https:\/\/webshop.direktenergy.eu\/hu\/wp-json\/wp\/v2\/types\/product"}],"wp:featuredmedia":[{"embeddable":true,"href":"https:\/\/webshop.direktenergy.eu\/hu\/wp-json\/wp\/v2\/media\/430"}],"wp:attachment":[{"href":"https:\/\/webshop.direktenergy.eu\/hu\/wp-json\/wp\/v2\/media?parent=425"}],"wp:term":[{"taxonomy":"pwb-brand","embeddable":true,"href":"https:\/\/webshop.direktenergy.eu\/hu\/wp-json\/wp\/v2\/pwb-brand?post=425"},{"taxonomy":"product_brand","embeddable":true,"href":"https:\/\/webshop.direktenergy.eu\/hu\/wp-json\/wp\/v2\/product_brand?post=425"},{"taxonomy":"product_cat","embeddable":true,"href":"https:\/\/webshop.direktenergy.eu\/hu\/wp-json\/wp\/v2\/product_cat?post=425"},{"taxonomy":"product_tag","embeddable":true,"href":"https:\/\/webshop.direktenergy.eu\/hu\/wp-json\/wp\/v2\/product_tag?post=425"}],"curies":[{"name":"wp","href":"https:\/\/api.w.org\/{rel}","templated":true}]}}