{"id":427,"date":"2024-06-24T10:04:24","date_gmt":"2024-06-24T08:04:24","guid":{"rendered":"https:\/\/webshop.direktenergy.eu\/?post_type=product&#038;p=427"},"modified":"2025-07-31T10:18:14","modified_gmt":"2025-07-31T08:18:14","slug":"byd-battery-box-premium-hvs-5-1-kwh-akkumulator","status":"publish","type":"product","link":"https:\/\/webshop.direktenergy.eu\/hu\/termek\/byd-battery-box-premium-hvs-5-1-kwh-akkumulator\/","title":{"rendered":"BYD Battery-Box Premium HVS 5.1 kWh akkumul\u00e1tor"},"content":{"rendered":"<p><strong>A BYD Battery-Box Premium HVS 5.1 egy nagyfesz\u00fclts\u00e9g\u0171 t\u00e1rol\u00f3 akkumul\u00e1tor minden alkalmaz\u00e1shoz, amely alkalmas egy- \u00e9s h\u00e1romf\u00e1zis\u00fa rendszerekhez rugalmas modul\u00e1ris rendszerrel \u00e9s p\u00e1rhuzamos csatlakoz\u00e1ssal<\/strong><\/p>\n<p>Az \u00faj BYD Battery-Box Premium HVS 5.1 akkumul\u00e1tort\u00e1rol\u00f3 rendszer gener\u00e1ci\u00f3ja a j\u00f3l ismert mem\u00f3ri\u00e1kra \u00e9p\u00edt, \u00e9s minden kor\u00e1bbi funkci\u00f3val rendelkezik.\u00a0A Battery-Box Premium HVS egy akkumul\u00e1tormodul, amely nagyobb t\u00e1rol\u00f3kapacit\u00e1ssal rendelkezik, mint el\u0151dje.\u00a0A cellatechnol\u00f3gia tov\u00e1bbfejleszt\u00e9se k\u00f6zel 30%-kal cs\u00f6kkentette a rendszer t\u00f6meg\u00e9t.\u00a0Az \u00e9p\u00edt\u00e9si m\u00e9lys\u00e9g is cs\u00f6kkent 8 cm-rel.\u00a0Ez azt jelenti, hogy kevesebb alapter\u00fcletre van sz\u00fcks\u00e9g.\u00a0Ugyanakkor az \u00faj k\u00e9sz\u00fcl\u00e9kek karcs\u00fabb megjelen\u00e9s\u0171ek.\u00a0Az egyik legfontosabb dolog: Az \u00faj t\u00e1rol\u00f3rendszerek \u201eIP55 v\u00e9delmi oszt\u00e1ly\u00faak\u201d.\u00a0Ez lehet\u0151v\u00e9 teszi a k\u00fclt\u00e9ri haszn\u00e1latot is.<\/p>\n<p>A BYD Battery-Box Premium HVS akkumul\u00e1torok rugalmasabbak \u00e9s m\u00e9retezhet\u0151bbek.\u00a0Az \u00faj gener\u00e1ci\u00f3val imm\u00e1r ak\u00e1r h\u00e1rom akkumul\u00e1tortorony is csatlakoztathat\u00f3 egy rendszerhez.\u00a0A BYD h\u0171 marad \u00f6nmag\u00e1hoz, amikor a be- \u00e9s kirakod\u00e1sr\u00f3l van sz\u00f3.\u00a0Mindegyik akkumul\u00e1tor a n\u00e9vleges kapacit\u00e1st is k\u00e9pes ell\u00e1tni t\u00e1pk\u00e9nt &#8211; azaz 1C.\u00a0Ez teszi az \u00faj sorozatot ide\u00e1liss\u00e1 az on-grid, on-grid, valamint tartal\u00e9k \u00e9s off-grid rendszerekhez.<\/p>\n<p><strong>A term\u00e9k el\u0151nyei:<\/strong><\/p>\n<ul>\n<li>K\u00e9pes nagy teljes\u00edtm\u00e9ny\u0171 v\u00e9szhelyzeti biztons\u00e1gi ment\u00e9sre \u00e9s h\u00e1l\u00f3zaton k\u00edv\u00fcli funkci\u00f3kra<\/li>\n<li>A legnagyobb hat\u00e1sfok a val\u00f3di nagyfesz\u00fclts\u00e9g\u0171 soros csatlakoz\u00e1snak k\u00f6sz\u00f6nhet\u0151en<\/li>\n<li>A szabadalmaztatott modul\u00e1ris dug\u00f3s kialak\u00edt\u00e1s nem ig\u00e9nyel bels\u0151 huzaloz\u00e1st, \u00e9s maxim\u00e1lis rugalmass\u00e1got \u00e9s egyszer\u0171 haszn\u00e1latot tesz lehet\u0151v\u00e9<\/li>\n<li>Kobaltmentes l\u00edtium-vas-foszf\u00e1t (LFP) akkumul\u00e1tor: maxim\u00e1lis biztons\u00e1g, \u00e9letciklus \u00e9s teljes\u00edtm\u00e9ny<\/li>\n<li>Kompatibilis a vezet\u0151 1 \u00e9s 3 f\u00e1zis\u00fa nagyfesz\u00fclts\u00e9g\u0171 akkumul\u00e1toros inverterekkel<\/li>\n<li>K\u00e9t k\u00fcl\u00f6n\u00e1ll\u00f3 modul a rendszerm\u00e9retek teljes sk\u00e1l\u00e1j\u00e1hoz<\/li>\n<li>A legmagasabb biztons\u00e1gi szabv\u00e1nyok, mint p\u00e9ld\u00e1ul a VDE 2510-50<\/li>\n<li>D\u00edjnyertes hat\u00e9konys\u00e1g a val\u00f3di soros csatlakoz\u00e1snak k\u00f6sz\u00f6nhet\u0151en<\/li>\n<\/ul>\n","protected":false},"excerpt":{"rendered":"<p>A BYD Battery-Box Premium HVS 5.1 akkumul\u00e1tor nagyfesz\u00fclts\u00e9g\u0171 t\u00e1rol\u00f3 megold\u00e1s egy- \u00e9s h\u00e1romf\u00e1zis\u00fa rendszerekhez. Rugalmas, modul\u00e1ris kialak\u00edt\u00e1s\u00e1val \u00e9s IP55 v\u00e9delmi oszt\u00e1ly\u00e1val k\u00fclt\u00e9ri haszn\u00e1latra is alkalmas. T\u00f6k\u00e9letes v\u00e1laszt\u00e1s on-grid \u00e9s off-grid alkalmaz\u00e1sokhoz, maxim\u00e1lis biztons\u00e1got \u00e9s hat\u00e9konys\u00e1got ny\u00fajtva.<\/p>\n","protected":false},"featured_media":431,"template":"","meta":[],"pwb-brand":[45],"product_brand":[],"product_cat":[43],"product_tag":[],"class_list":{"0":"post-427","1":"product","2":"type-product","3":"status-publish","4":"has-post-thumbnail","6":"pwb-brand-byd","7":"product_cat-energiatarolok","10":"first","11":"instock","12":"taxable","13":"shipping-taxable","14":"purchasable","15":"product-type-simple"},"brands":[{"id":45,"name":"BYD","slug":"byd"}],"_links":{"self":[{"href":"https:\/\/webshop.direktenergy.eu\/hu\/wp-json\/wp\/v2\/product\/427","targetHints":{"allow":["GET"]}}],"collection":[{"href":"https:\/\/webshop.direktenergy.eu\/hu\/wp-json\/wp\/v2\/product"}],"about":[{"href":"https:\/\/webshop.direktenergy.eu\/hu\/wp-json\/wp\/v2\/types\/product"}],"wp:featuredmedia":[{"embeddable":true,"href":"https:\/\/webshop.direktenergy.eu\/hu\/wp-json\/wp\/v2\/media\/431"}],"wp:attachment":[{"href":"https:\/\/webshop.direktenergy.eu\/hu\/wp-json\/wp\/v2\/media?parent=427"}],"wp:term":[{"taxonomy":"pwb-brand","embeddable":true,"href":"https:\/\/webshop.direktenergy.eu\/hu\/wp-json\/wp\/v2\/pwb-brand?post=427"},{"taxonomy":"product_brand","embeddable":true,"href":"https:\/\/webshop.direktenergy.eu\/hu\/wp-json\/wp\/v2\/product_brand?post=427"},{"taxonomy":"product_cat","embeddable":true,"href":"https:\/\/webshop.direktenergy.eu\/hu\/wp-json\/wp\/v2\/product_cat?post=427"},{"taxonomy":"product_tag","embeddable":true,"href":"https:\/\/webshop.direktenergy.eu\/hu\/wp-json\/wp\/v2\/product_tag?post=427"}],"curies":[{"name":"wp","href":"https:\/\/api.w.org\/{rel}","templated":true}]}}