{"id":445,"date":"2024-06-24T12:56:39","date_gmt":"2024-06-24T10:56:39","guid":{"rendered":"https:\/\/webshop.direktenergy.eu\/?post_type=product&#038;p=445"},"modified":"2025-07-31T10:17:56","modified_gmt":"2025-07-31T08:17:56","slug":"byd-battery-box-premium-hvs-modul-256-kw","status":"publish","type":"product","link":"https:\/\/webshop.direktenergy.eu\/hu\/termek\/byd-battery-box-premium-hvs-modul-256-kw\/","title":{"rendered":"BYD Battery-Box Premium HVS modul (2,56 kWh)"},"content":{"rendered":"<p>A BYD Battery-Box Premium HVS akkumul\u00e1torok rugalmasabbak \u00e9s m\u00e9retezhet\u0151bbek.\u00a0Az \u00faj gener\u00e1ci\u00f3val imm\u00e1r ak\u00e1r h\u00e1rom akkumul\u00e1tortorony is csatlakoztathat\u00f3 egy rendszerhez.\u00a0A BYD h\u0171 marad \u00f6nmag\u00e1hoz, amikor a be- \u00e9s kirakod\u00e1sr\u00f3l van sz\u00f3.\u00a0Mindegyik akkumul\u00e1tor a n\u00e9vleges kapacit\u00e1st is k\u00e9pes ell\u00e1tni t\u00e1pk\u00e9nt &#8211; azaz 1C.\u00a0Ez teszi az \u00faj sorozatot ide\u00e1liss\u00e1 az on-grid, on-grid, valamint tartal\u00e9k \u00e9s off-grid rendszerekhez.<\/p>\n<p><strong>A term\u00e9k el\u0151nyei:<\/strong><\/p>\n<ul>\n<li>K\u00e9pes nagy teljes\u00edtm\u00e9ny\u0171 v\u00e9szhelyzeti biztons\u00e1gi ment\u00e9sre \u00e9s h\u00e1l\u00f3zaton k\u00edv\u00fcli funkci\u00f3kra<\/li>\n<li>A legnagyobb hat\u00e1sfok a val\u00f3di nagyfesz\u00fclts\u00e9g\u0171 soros csatlakoz\u00e1snak k\u00f6sz\u00f6nhet\u0151en<\/li>\n<li>A szabadalmaztatott modul\u00e1ris dug\u00f3s kialak\u00edt\u00e1s nem ig\u00e9nyel bels\u0151 huzaloz\u00e1st, \u00e9s maxim\u00e1lis rugalmass\u00e1got \u00e9s egyszer\u0171 haszn\u00e1latot tesz lehet\u0151v\u00e9<\/li>\n<li>Kobaltmentes l\u00edtium-vas-foszf\u00e1t (LFP) akkumul\u00e1tor: maxim\u00e1lis biztons\u00e1g, \u00e9letciklus \u00e9s teljes\u00edtm\u00e9ny<\/li>\n<li>Kompatibilis a vezet\u0151 1 \u00e9s 3 f\u00e1zis\u00fa nagyfesz\u00fclts\u00e9g\u0171 akkumul\u00e1toros inverterekkel<\/li>\n<li>K\u00e9t k\u00fcl\u00f6n\u00e1ll\u00f3 modul a rendszerm\u00e9retek teljes sk\u00e1l\u00e1j\u00e1hoz<\/li>\n<li>A legmagasabb biztons\u00e1gi szabv\u00e1nyok, mint p\u00e9ld\u00e1ul a VDE 2510-50<\/li>\n<li>D\u00edjnyertes hat\u00e9konys\u00e1g a val\u00f3di soros csatlakoz\u00e1snak k\u00f6sz\u00f6nhet\u0151en<\/li>\n<\/ul>\n","protected":false},"excerpt":{"rendered":"<p>A BYD Battery-Box Premium HVS akkumul\u00e1torok kiemelked\u0151 rugalmass\u00e1got \u00e9s m\u00e9retezhet\u0151s\u00e9get k\u00edn\u00e1lnak. Ak\u00e1r h\u00e1rom akkumul\u00e1tortorony csatlakoztathat\u00f3 egy rendszerhez, \u00edgy ide\u00e1lis v\u00e1laszt\u00e1s on-grid, tartal\u00e9k \u00e9s off-grid rendszerekhez. Kobaltmentes l\u00edtium-vas-foszf\u00e1t (LFP) technol\u00f3gi\u00e1val \u00e9s nagyfesz\u00fclts\u00e9g\u0171 soros csatlakoz\u00e1ssal a maxim\u00e1lis biztons\u00e1g \u00e9s hat\u00e9konys\u00e1g \u00e9rdek\u00e9ben.<\/p>\n","protected":false},"featured_media":601,"template":"","meta":[],"pwb-brand":[45],"product_brand":[],"product_cat":[43],"product_tag":[],"class_list":{"0":"post-445","1":"product","2":"type-product","3":"status-publish","4":"has-post-thumbnail","6":"pwb-brand-byd","7":"product_cat-energiatarolok","10":"first","11":"instock","12":"taxable","13":"shipping-taxable","14":"purchasable","15":"product-type-simple"},"brands":[{"id":45,"name":"BYD","slug":"byd"}],"_links":{"self":[{"href":"https:\/\/webshop.direktenergy.eu\/hu\/wp-json\/wp\/v2\/product\/445","targetHints":{"allow":["GET"]}}],"collection":[{"href":"https:\/\/webshop.direktenergy.eu\/hu\/wp-json\/wp\/v2\/product"}],"about":[{"href":"https:\/\/webshop.direktenergy.eu\/hu\/wp-json\/wp\/v2\/types\/product"}],"wp:featuredmedia":[{"embeddable":true,"href":"https:\/\/webshop.direktenergy.eu\/hu\/wp-json\/wp\/v2\/media\/601"}],"wp:attachment":[{"href":"https:\/\/webshop.direktenergy.eu\/hu\/wp-json\/wp\/v2\/media?parent=445"}],"wp:term":[{"taxonomy":"pwb-brand","embeddable":true,"href":"https:\/\/webshop.direktenergy.eu\/hu\/wp-json\/wp\/v2\/pwb-brand?post=445"},{"taxonomy":"product_brand","embeddable":true,"href":"https:\/\/webshop.direktenergy.eu\/hu\/wp-json\/wp\/v2\/product_brand?post=445"},{"taxonomy":"product_cat","embeddable":true,"href":"https:\/\/webshop.direktenergy.eu\/hu\/wp-json\/wp\/v2\/product_cat?post=445"},{"taxonomy":"product_tag","embeddable":true,"href":"https:\/\/webshop.direktenergy.eu\/hu\/wp-json\/wp\/v2\/product_tag?post=445"}],"curies":[{"name":"wp","href":"https:\/\/api.w.org\/{rel}","templated":true}]}}