{"id":45,"date":"2023-04-26T14:11:41","date_gmt":"2023-04-26T12:11:41","guid":{"rendered":"https:\/\/dev.autotoltok.eu\/?post_type=product&#038;p=45"},"modified":"2026-03-25T12:32:37","modified_gmt":"2026-03-25T11:32:37","slug":"type-2-tolto-kabel-22kw","status":"publish","type":"product","link":"https:\/\/webshop.direktenergy.eu\/hu\/termek\/type-2-tolto-kabel-22kw\/","title":{"rendered":"PLUGY TYPE 2 TYPE 2 aut\u00f3 t\u00f6lt\u0151k\u00e1bel 22 KW 5 M"},"content":{"rendered":"<p>Ne pazarolja idej\u00e9t \u2013 a Type 2 t\u00edpus\u00fa k\u00e1bel lehet\u0151v\u00e9 teszi, hogy a lehet\u0151 leggyorsabban fel tudja t\u00f6lteni elektromos aut\u00f3j\u00e1t ak\u00e1r 22 kW \u00e1rammal. Sp\u00f3roljon id\u0151t a t\u00f6lt\u00e9si id\u0151 cs\u00f6kkent\u00e9s\u00e9vel az AC haszn\u00e1lat\u00e1val! <!--more--><\/p>\n<p>Akad\u00e1lytalan t\u00f6lt\u00e9s \u2013 az 5 m\u00e9ter (16,4 l\u00e1b) hossz\u00fa GC k\u00e1bel a leggyakoribb 2-es t\u00edpus\u00fa csatlakoz\u00f3ban v\u00e9gz\u0151dik, \u00edgy lehet\u0151v\u00e9 teszi, hogy elektromos j\u00e1rm\u0171v\u00e9t szabadon felt\u00f6lthesse Eur\u00f3pa b\u00e1rmely t\u00f6lt\u0151\u00e1llom\u00e1s\u00e1n. Tart\u00f3s \u2013 a meger\u0151s\u00edtett k\u00e1belszerkezet lehet\u0151v\u00e9 teszi, hogy ak\u00e1r 10.000 alkalommal is csatlakoztatni tudja \u2013 15 \u00e9v hibamentes haszn\u00e1lat.<\/p>\n<p>Sz\u00e1mos biztons\u00e1gi ellen\u0151rz\u00e9s garant\u00e1lja az \u00e9vekig tart\u00f3 m\u0171k\u00f6d\u00e9st A GC k\u00e1bel kompatibilis minden elektromos \u00e9s hibrid aut\u00f3val, melyek 2-es t\u00edpus\u00fa csatlakoz\u00f3val vannak felszerelve, p\u00e9ld\u00e1ul: Tesla Model S \/ 3 \/ X \/ Y, i3, i4, i7, iX, ID.3, ID.4, ID.5, E-Tron, EV6, EQC, ZOE, e-Niro, Kona, Leaf, Mach-E, IONIQ 5<\/p>\n","protected":false},"excerpt":{"rendered":"<p>A Type 2 t\u00edpus\u00fat\u00f6lt\u0151 k\u00e1bel lehet\u0151v\u00e9 teszi, hogy a lehet\u0151 leggyorsabban fel tudja t\u00f6lteni elektromos aut\u00f3j\u00e1t ak\u00e1r 22 kW \u00e1rammal. 5 m hossz\u00fa, massz\u00edv, robosztus kivitel.<\/p>\n","protected":false},"featured_media":892,"template":"","meta":[],"pwb-brand":[70],"product_brand":[],"product_cat":[23],"product_tag":[],"class_list":{"0":"post-45","1":"product","2":"type-product","3":"status-publish","4":"has-post-thumbnail","6":"pwb-brand-plugy","7":"product_cat-elektromos-auto-toltokabel","10":"first","11":"instock","12":"sale","13":"featured","14":"taxable","15":"shipping-taxable","16":"purchasable","17":"product-type-simple"},"brands":[{"id":70,"name":"PLUGY","slug":"plugy"}],"_links":{"self":[{"href":"https:\/\/webshop.direktenergy.eu\/hu\/wp-json\/wp\/v2\/product\/45","targetHints":{"allow":["GET"]}}],"collection":[{"href":"https:\/\/webshop.direktenergy.eu\/hu\/wp-json\/wp\/v2\/product"}],"about":[{"href":"https:\/\/webshop.direktenergy.eu\/hu\/wp-json\/wp\/v2\/types\/product"}],"wp:featuredmedia":[{"embeddable":true,"href":"https:\/\/webshop.direktenergy.eu\/hu\/wp-json\/wp\/v2\/media\/892"}],"wp:attachment":[{"href":"https:\/\/webshop.direktenergy.eu\/hu\/wp-json\/wp\/v2\/media?parent=45"}],"wp:term":[{"taxonomy":"pwb-brand","embeddable":true,"href":"https:\/\/webshop.direktenergy.eu\/hu\/wp-json\/wp\/v2\/pwb-brand?post=45"},{"taxonomy":"product_brand","embeddable":true,"href":"https:\/\/webshop.direktenergy.eu\/hu\/wp-json\/wp\/v2\/product_brand?post=45"},{"taxonomy":"product_cat","embeddable":true,"href":"https:\/\/webshop.direktenergy.eu\/hu\/wp-json\/wp\/v2\/product_cat?post=45"},{"taxonomy":"product_tag","embeddable":true,"href":"https:\/\/webshop.direktenergy.eu\/hu\/wp-json\/wp\/v2\/product_tag?post=45"}],"curies":[{"name":"wp","href":"https:\/\/api.w.org\/{rel}","templated":true}]}}