{"id":452,"date":"2024-06-24T15:09:56","date_gmt":"2024-06-24T13:09:56","guid":{"rendered":"https:\/\/webshop.direktenergy.eu\/?post_type=product&#038;p=452"},"modified":"2024-08-07T14:58:54","modified_gmt":"2024-08-07T12:58:54","slug":"huawei-luna2000-15-kwh-energiatarolo-szett","status":"publish","type":"product","link":"https:\/\/webshop.direktenergy.eu\/hu\/termek\/huawei-luna2000-15-kwh-energiatarolo-szett\/","title":{"rendered":"Huawei LUNA2000 15 kWh energiat\u00e1rol\u00f3 szett"},"content":{"rendered":"<p>A szett a k\u00f6vetkez\u0151 elemeket tartalmazza:<\/p>\n<ul>\n<li>3db HUAWEI LUNA2000-5-E0 5kW akkumul\u00e1tor (10 \u00e9v garancia)<\/li>\n<li>1db HUAWEI LUNA2000-5KW-C0 t\u00e1pegys\u00e9g (10 \u00e9v garancia)<\/li>\n<\/ul>\n<p>A Huawei LUNA2000-5-E0 egy nagy teljes\u00edtm\u00e9ny\u0171 l\u00edtium-ion akkumul\u00e1tor, amelyet lakoss\u00e1gi \u00e9s kereskedelmi napenergia-t\u00e1rol\u00f3 rendszerekhez terveztek. Kapacit\u00e1sa 5 kilowatt\u00f3ra (kWh), \u00e9s k\u00e9pes nagy mennyis\u00e9g\u0171 felesleges napenergia t\u00e1rol\u00e1s\u00e1ra, hogy sz\u00fcks\u00e9g eset\u00e9n felhaszn\u00e1lhat\u00f3 legyen.<\/p>\n<p>A LUNA2000-5-E0 akkumul\u00e1tor sz\u00e1mos fejlett funkci\u00f3val rendelkezik, bele\u00e9rtve a be\u00e9p\u00edtett akkumul\u00e1tor-kezel\u0151 rendszert \u00e9s az intelligens energiagazd\u00e1lkod\u00e1si rendszert, amelyek lehet\u0151v\u00e9 teszik az energia hat\u00e9kony t\u00e1rol\u00e1s\u00e1t \u00e9s lemer\u00edt\u00e9s\u00e9t. Az akkumul\u00e1tor megb\u00edzhat\u00f3s\u00e1ga \u00e9s tart\u00f3ss\u00e1ga \u00e9rdek\u00e9ben sz\u00e1mos biztons\u00e1gi funkci\u00f3val is fel van szerelve, t\u00f6bbek k\u00f6z\u00f6tt t\u00falt\u00f6lt\u00e9s-, r\u00f6vidz\u00e1rlat- \u00e9s t\u00falmeleged\u00e9s elleni v\u00e9delemmel.<\/p>\n<p>A LUNA2000 15 kWh-s akkumul\u00e1tor egyik legfontosabb el\u0151nye a nagy hat\u00e9konys\u00e1g. K\u00e9pes ak\u00e1r 95% teljes rendszerhat\u00e9konys\u00e1got el\u00e9rni, ami azt jelenti, hogy nagy mennyis\u00e9g\u0171 energi\u00e1t k\u00e9pes hat\u00e9konyan t\u00e1rolni \u00e9s kis\u00fctni. Emellett \u00fagy tervezt\u00e9k, hogy sk\u00e1l\u00e1zhat\u00f3 legyen, \u00edgy sz\u00fcks\u00e9g eset\u00e9n k\u00f6nnyed\u00e9n integr\u00e1lhat\u00f3 nagyobb napenergia-t\u00e1rol\u00f3 rendszerekbe.<\/p>\n<p>\u00d6sszess\u00e9g\u00e9ben a Huawei LUNA2000-5-E0 akkumul\u00e1tor kiv\u00e1l\u00f3 v\u00e1laszt\u00e1s azok sz\u00e1m\u00e1ra, akik a felesleges napenergi\u00e1t szeretn\u00e9k t\u00e1rolni, hogy sz\u00fcks\u00e9g eset\u00e9n felhaszn\u00e1lhass\u00e1k. Megb\u00edzhat\u00f3, hat\u00e9kony \u00e9s sk\u00e1l\u00e1zhat\u00f3, \u00edgy kiv\u00e1l\u00f3 v\u00e1laszt\u00e1s mind a lakoss\u00e1gi, mind a kereskedelmi napenergia-t\u00e1rol\u00f3 rendszerekhez.<\/p>\n<p>A HUAWEI LUNA2000-5KW-C0 t\u00e1pegys\u00e9get \u00fagy tervezt\u00e9k, hogy a LUNA2000 10 kWh-s akkumul\u00e1torral egy\u00fcttm\u0171k\u00f6dve teljes energiat\u00e1rol\u00e1si megold\u00e1st ny\u00fajtson.<\/p>\n<p>A LUNA2000-5KW-C0 teljes\u00edtm\u00e9nymodul sz\u00e1mos fejlett funkci\u00f3val rendelkezik, amelyek megk\u00f6nny\u00edtik a napenergia-rendszerek felhaszn\u00e1l\u00f3inak haszn\u00e1lat\u00e1t \u00e9s k\u00e9nyelm\u00e9t. Be\u00e9p\u00edtett akkumul\u00e1tor-kezel\u0151 rendszerrel \u00e9s intelligens energiagazd\u00e1lkod\u00e1si rendszerrel rendelkezik, amelyek lehet\u0151v\u00e9 teszik a LUNA2000-5-E0 akkumul\u00e1torb\u00f3l sz\u00e1rmaz\u00f3 energia hat\u00e9kony t\u00e1rol\u00e1s\u00e1t \u00e9s lemer\u00edt\u00e9s\u00e9t. Emellett felhaszn\u00e1l\u00f3bar\u00e1t kijelz\u0151vel is rendelkezik, amely lehet\u0151v\u00e9 teszi a felhaszn\u00e1l\u00f3k sz\u00e1m\u00e1ra, hogy k\u00f6nnyen nyomon k\u00f6vethess\u00e9k \u00e9s szab\u00e1lyozhass\u00e1k energiafelhaszn\u00e1l\u00e1sukat.<\/p>\n<p>A LUNA2000-5KW-C0 teljes\u00edtm\u00e9nymodul egyik legfontosabb el\u0151nye, hogy a napelemek sz\u00e9les v\u00e1laszt\u00e9k\u00e1val kompatibilis. \u00dagy tervezt\u00e9k, hogy monokrist\u00e1lyos \u00e9s polikrist\u00e1lyos napelemekkel egyar\u00e1nt m\u0171k\u00f6dj\u00f6n, \u00e9s ak\u00e1r 95% magas hat\u00e1sfokkal is k\u00e9pes m\u0171k\u00f6dni. Ez kiv\u00e1l\u00f3 v\u00e1laszt\u00e1ss\u00e1 teszi azok sz\u00e1m\u00e1ra, akik id\u0151vel b\u0151v\u00edteni szeretn\u00e9k napenergia-t\u00e1rol\u00f3 rendszer\u00fcket.<\/p>\n<p>\u00d6sszess\u00e9g\u00e9ben a Huawei LUNA2000-5KW-C0 teljes\u00edtm\u00e9nymodul kiv\u00e1l\u00f3 v\u00e1laszt\u00e1s azok sz\u00e1m\u00e1ra, akik megb\u00edzhat\u00f3 \u00e9s hat\u00e9kony energiagazd\u00e1lkod\u00e1si megold\u00e1ssal szeretn\u00e9k kieg\u00e9sz\u00edteni napenergia-t\u00e1rol\u00f3 rendszer\u00fcket. K\u00f6nnyen haszn\u00e1lhat\u00f3, \u00e9s \u00fagy tervezt\u00e9k, hogy z\u00f6kken\u0151mentesen m\u0171k\u00f6dj\u00f6n egy\u00fctt a LUNA2000-5-E0 akkumul\u00e1torral, \u00edgy k\u00e9nyelmes \u00e9s megb\u00edzhat\u00f3 v\u00e1laszt\u00e1s a napenergia-rendszerek felhaszn\u00e1l\u00f3i sz\u00e1m\u00e1ra.<\/p>\n","protected":false},"excerpt":{"rendered":"<p>A Huawei LUNA2000-5-E0 akkumul\u00e1tor \u00e9s LUNA2000-5KW-C0 t\u00e1pegys\u00e9g szett megb\u00edzhat\u00f3 \u00e9s hat\u00e9kony napenergia-t\u00e1rol\u00e1si megold\u00e1st k\u00edn\u00e1l. Ide\u00e1lis lakoss\u00e1gi \u00e9s kereskedelmi rendszerekhez, nagy hat\u00e9konys\u00e1ggal \u00e9s sk\u00e1l\u00e1zhat\u00f3s\u00e1ggal, valamint fejlett biztons\u00e1gi funkci\u00f3kkal.<\/p>\n","protected":false},"featured_media":169,"template":"","meta":[],"pwb-brand":[20],"product_brand":[],"product_cat":[43],"product_tag":[],"class_list":{"0":"post-452","1":"product","2":"type-product","3":"status-publish","4":"has-post-thumbnail","6":"pwb-brand-huawei","7":"product_cat-energiatarolok","10":"first","11":"instock","12":"taxable","13":"shipping-taxable","14":"purchasable","15":"product-type-simple"},"brands":[{"id":20,"name":"Huawei","slug":"huawei"}],"_links":{"self":[{"href":"https:\/\/webshop.direktenergy.eu\/hu\/wp-json\/wp\/v2\/product\/452","targetHints":{"allow":["GET"]}}],"collection":[{"href":"https:\/\/webshop.direktenergy.eu\/hu\/wp-json\/wp\/v2\/product"}],"about":[{"href":"https:\/\/webshop.direktenergy.eu\/hu\/wp-json\/wp\/v2\/types\/product"}],"wp:featuredmedia":[{"embeddable":true,"href":"https:\/\/webshop.direktenergy.eu\/hu\/wp-json\/wp\/v2\/media\/169"}],"wp:attachment":[{"href":"https:\/\/webshop.direktenergy.eu\/hu\/wp-json\/wp\/v2\/media?parent=452"}],"wp:term":[{"taxonomy":"pwb-brand","embeddable":true,"href":"https:\/\/webshop.direktenergy.eu\/hu\/wp-json\/wp\/v2\/pwb-brand?post=452"},{"taxonomy":"product_brand","embeddable":true,"href":"https:\/\/webshop.direktenergy.eu\/hu\/wp-json\/wp\/v2\/product_brand?post=452"},{"taxonomy":"product_cat","embeddable":true,"href":"https:\/\/webshop.direktenergy.eu\/hu\/wp-json\/wp\/v2\/product_cat?post=452"},{"taxonomy":"product_tag","embeddable":true,"href":"https:\/\/webshop.direktenergy.eu\/hu\/wp-json\/wp\/v2\/product_tag?post=452"}],"curies":[{"name":"wp","href":"https:\/\/api.w.org\/{rel}","templated":true}]}}