{"id":455,"date":"2024-06-26T12:38:37","date_gmt":"2024-06-26T10:38:37","guid":{"rendered":"https:\/\/webshop.direktenergy.eu\/?post_type=product&#038;p=455"},"modified":"2025-02-21T10:46:49","modified_gmt":"2025-02-21T09:46:49","slug":"solplanet-asw2000s-s","status":"publish","type":"product","link":"https:\/\/webshop.direktenergy.eu\/hu\/termek\/solplanet-asw2000s-s\/","title":{"rendered":"Solplanet ASW2000S-S"},"content":{"rendered":"<p>Kicsi, k\u00f6nny\u0171 \u00e9s csendes<\/p>\n<p>&nbsp;<\/p>\n<p>Az egyf\u00e1zis\u00fa inverterekb\u0151l \u00e1ll\u00f3 ASW S-S Sz\u00e9ria minden szempontb\u00f3l k\u00f6nnyen telep\u00edthet\u0151, megb\u00edzhat\u00f3 \u00e9s felhaszn\u00e1l\u00f3bar\u00e1t.<\/p>\n<p>A fali r\u00f6gz\u00edt\u00e9snek \u00e9s a SUNCLIX csatlakoz\u00f3nak k\u00f6sz\u00f6nhet\u0151en az SS sorozat a burkolat felnyit\u00e1sa n\u00e9lk\u00fcl is k\u00f6nnyen telep\u00edthet\u0151.<\/p>\n<p>Ez a kicsi \u00e9s megb\u00edzhat\u00f3 invertersz\u00e9ria kiterjedt garanci\u00e1val \u00e9s be\u00e9p\u00edtett DC kapcsol\u00f3val rendelkezik.<\/p>\n<p>Gyorsan csatlakoztathat\u00f3, egyszer\u0171en fel\u00fcgyelhet\u0151, nagy teljes\u00edtm\u00e9nyt ny\u00fajt \u00e9s csendes m\u0171k\u00f6d\u00e9s jellemzi, ak\u00e1r belt\u00e9ren, ak\u00e1r k\u00fclt\u00e9ren telep\u00edti.<\/p>\n<p>F\u0151bb jellemz\u0151k:<\/p>\n<p>&nbsp;<\/p>\n<p>\u00c1ltal\u00e1nos inform\u00e1ci\u00f3<\/p>\n<ul>\n<li>Az ASW SS egy kompakt kialak\u00edt\u00e1s\u00fa (320 x 264 x 94\u00a0mm), k\u00f6nny\u0171 (6,5\u00a0kg) \u00e9s csendesen \u00fczemel\u0151 \u2013 &lt;15 dB (A)- inverter<\/li>\n<\/ul>\n<ul>\n<li>Az IP65 v\u00e9detts\u00e9gi oszt\u00e1lyba tartozik, v\u00edz\u00e1ll\u00f3, \u00e9jszakai minim\u00e1lis \u00f6nfogyaszt\u00e1sa kevesebb mint 1\u00a0W<\/li>\n<\/ul>\n<h2><\/h2>\n<p>Teljes\u00edtm\u00e9ny<\/p>\n<ul>\n<li>Bemeneti fesz\u00fclts\u00e9g: min. 80V, max. 580V<\/li>\n<\/ul>\n<ul>\n<li>Ind\u00edt\u00e1si bemeneti fesz\u00fclts\u00e9g: 100V<\/li>\n<\/ul>\n<ul>\n<li>3000 Wp STC bemeneti teljes\u00edtm\u00e9ny<\/li>\n<\/ul>\n<ul>\n<li>Kompakt v\u00e1ltozat, 1 MPP string bemenetenk\u00e9nt<\/li>\n<\/ul>\n<ul>\n<li>Kimeneti (AC) n\u00e9vleges teljes\u00edtm\u00e9nytartom\u00e1ny: 2000\u00a0W, a 220\/230\/240-es n\u00e9vleges fesz\u00fclts\u00e9g r\u00e9v\u00e9n ez az adapt\u00e1lhat\u00f3 inverter alkalmas \u00e1ltal\u00e1nos h\u00e1ztart\u00e1si \u00e9s kisebb kereskedelmi k\u00f6rnyezetekben t\u00f6rt\u00e9n\u0151 felhaszn\u00e1l\u00e1sra.<\/li>\n<\/ul>\n<h2><\/h2>\n<p>Jellemz\u0151k<\/p>\n<ul>\n<li>Falra szerelhet\u0151 rendszer\u00fcnknek k\u00f6sz\u00f6nhet\u0151en az inverter a fed\u00e9l felnyit\u00e1sa n\u00e9lk\u00fcl norm\u00e1l szersz\u00e1mokkal k\u00f6nnyen felszerelhet\u0151<\/li>\n<\/ul>\n<ul>\n<li>A k\u00e1belek a SUNCLIX (Phoenix Contact) DC csatlakoz\u00f3inkkal \u00e9s dugaszolhat\u00f3 AC csatlakoz\u00f3kkal csatlakoztathat\u00f3k<\/li>\n<\/ul>\n<ul>\n<li>A plug and play rendszer\u0171 Wi-Fi modul (tartoz\u00e9k)\u00a0vagy 4G modul (rendelhet\u0151)\u00a0vagy az RS485 k\u00e1bel haszn\u00e1lat\u00e1val az inverter \u00e9s az alkalmaz\u00e1s \u00f6sszekapcsolhat\u00f3 az egyszer\u0171 fel\u00fcgyelet \u00e9rdek\u00e9ben<\/li>\n<\/ul>\n","protected":false},"excerpt":{"rendered":"<p>Ismerje meg az ASW S-S Sz\u00e9ria egyf\u00e1zis\u00fa invertereit, amelyek k\u00f6nny\u0171ek, csendesek \u00e9s egyszer\u0171en telep\u00edthet\u0151k. Ide\u00e1lisak otthoni \u00e9s kisebb kereskedelmi haszn\u00e1latra, be\u00e9p\u00edtett DC kapcsol\u00f3val \u00e9s IP65 v\u00e9detts\u00e9ggel. \u00c9lvezze a gyors csatlakoz\u00e1st \u00e9s a megb\u00edzhat\u00f3 teljes\u00edtm\u00e9nyt!<\/p>\n","protected":false},"featured_media":557,"template":"","meta":[],"pwb-brand":[30],"product_brand":[],"product_cat":[37],"product_tag":[],"class_list":{"0":"post-455","1":"product","2":"type-product","3":"status-publish","4":"has-post-thumbnail","6":"pwb-brand-solplanet","7":"product_cat-inverterek","10":"first","11":"instock","12":"taxable","13":"shipping-taxable","14":"purchasable","15":"product-type-simple"},"brands":[{"id":30,"name":"Solplanet","slug":"solplanet"}],"_links":{"self":[{"href":"https:\/\/webshop.direktenergy.eu\/hu\/wp-json\/wp\/v2\/product\/455","targetHints":{"allow":["GET"]}}],"collection":[{"href":"https:\/\/webshop.direktenergy.eu\/hu\/wp-json\/wp\/v2\/product"}],"about":[{"href":"https:\/\/webshop.direktenergy.eu\/hu\/wp-json\/wp\/v2\/types\/product"}],"wp:featuredmedia":[{"embeddable":true,"href":"https:\/\/webshop.direktenergy.eu\/hu\/wp-json\/wp\/v2\/media\/557"}],"wp:attachment":[{"href":"https:\/\/webshop.direktenergy.eu\/hu\/wp-json\/wp\/v2\/media?parent=455"}],"wp:term":[{"taxonomy":"pwb-brand","embeddable":true,"href":"https:\/\/webshop.direktenergy.eu\/hu\/wp-json\/wp\/v2\/pwb-brand?post=455"},{"taxonomy":"product_brand","embeddable":true,"href":"https:\/\/webshop.direktenergy.eu\/hu\/wp-json\/wp\/v2\/product_brand?post=455"},{"taxonomy":"product_cat","embeddable":true,"href":"https:\/\/webshop.direktenergy.eu\/hu\/wp-json\/wp\/v2\/product_cat?post=455"},{"taxonomy":"product_tag","embeddable":true,"href":"https:\/\/webshop.direktenergy.eu\/hu\/wp-json\/wp\/v2\/product_tag?post=455"}],"curies":[{"name":"wp","href":"https:\/\/api.w.org\/{rel}","templated":true}]}}