{"id":467,"date":"2024-06-26T14:25:29","date_gmt":"2024-06-26T12:25:29","guid":{"rendered":"https:\/\/webshop.direktenergy.eu\/?post_type=product&#038;p=467"},"modified":"2025-03-14T11:54:42","modified_gmt":"2025-03-14T10:54:42","slug":"fronius-symo-5-0-3-m","status":"publish","type":"product","link":"https:\/\/webshop.direktenergy.eu\/hu\/termek\/fronius-symo-5-0-3-m\/","title":{"rendered":"Fronius Symo 5.0-3-M"},"content":{"rendered":"<p>Maxim\u00e1lis rugalmass\u00e1g a holnap alkalmaz\u00e1saihoz.<\/p>\n<div>\n<div>3,0 \u00e9s 20,0 kW k\u00f6z\u00f6tti teljes\u00edtm\u00e9nykateg\u00f3ri\u00e1ival a transzform\u00e1tor n\u00e9lk\u00fcli Fronius Symo a h\u00e1romf\u00e1zis\u00fa inverter minden rendszerm\u00e9rethez. A SuperFlex Designhoz tartoz\u00f3 Fronius Symo a t\u00f6k\u00e9letes v\u00e1laszt\u00e1s az \u00f6sszetett alak\u00fa vagy t\u00f6bb t\u00e1jol\u00e1s\u00fa tet\u0151kh\u00f6z. A gy\u00e1rilag biztos\u00edtott WiFi vagy Ethernet internetkapcsolat, valamint a m\u00e1s gy\u00e1rt\u00f3kt\u00f3l sz\u00e1rmaz\u00f3 komponensek k\u00f6nny\u0171 integr\u00e1l\u00e1s\u00e1val a Fronius Symo inverterek a piac legkommunikat\u00edvabb inverterei. Ezenk\u00edv\u00fcl a m\u00e9r\u0151\u00f3ra kapcsolat lehet\u0151v\u00e9 teszi a dinamikus bet\u00e1pl\u00e1l\u00e1s-kezel\u00e9st \u00e9s a fogyaszt\u00e1s \u00e9rhet\u0151 megjelen\u00edt\u00e9s\u00e9t.<\/div>\n<\/div>\n","protected":false},"excerpt":{"rendered":"<p>Fedezze fel a Fronius Symo h\u00e1romf\u00e1zis\u00fa inverter rugalmass\u00e1g\u00e1t \u00e9s kommunik\u00e1ci\u00f3s k\u00e9pess\u00e9geit! Ide\u00e1lis v\u00e1laszt\u00e1s \u00f6sszetett tet\u0151kh\u00f6z, 3,0-20,0 kW teljes\u00edtm\u00e9nykateg\u00f3ri\u00e1val, be\u00e9p\u00edtett WiFi-vel \u00e9s dinamikus bet\u00e1pl\u00e1l\u00e1s-kezel\u00e9ssel a maxim\u00e1lis energiahat\u00e9konys\u00e1g \u00e9rdek\u00e9ben.<\/p>\n","protected":false},"featured_media":571,"template":"","meta":[],"pwb-brand":[18],"product_brand":[],"product_cat":[37],"product_tag":[],"class_list":{"0":"post-467","1":"product","2":"type-product","3":"status-publish","4":"has-post-thumbnail","6":"pwb-brand-fronius","7":"product_cat-inverterek","10":"first","11":"instock","12":"taxable","13":"shipping-taxable","14":"purchasable","15":"product-type-simple"},"brands":[{"id":18,"name":"Fronius","slug":"fronius"}],"_links":{"self":[{"href":"https:\/\/webshop.direktenergy.eu\/hu\/wp-json\/wp\/v2\/product\/467","targetHints":{"allow":["GET"]}}],"collection":[{"href":"https:\/\/webshop.direktenergy.eu\/hu\/wp-json\/wp\/v2\/product"}],"about":[{"href":"https:\/\/webshop.direktenergy.eu\/hu\/wp-json\/wp\/v2\/types\/product"}],"wp:featuredmedia":[{"embeddable":true,"href":"https:\/\/webshop.direktenergy.eu\/hu\/wp-json\/wp\/v2\/media\/571"}],"wp:attachment":[{"href":"https:\/\/webshop.direktenergy.eu\/hu\/wp-json\/wp\/v2\/media?parent=467"}],"wp:term":[{"taxonomy":"pwb-brand","embeddable":true,"href":"https:\/\/webshop.direktenergy.eu\/hu\/wp-json\/wp\/v2\/pwb-brand?post=467"},{"taxonomy":"product_brand","embeddable":true,"href":"https:\/\/webshop.direktenergy.eu\/hu\/wp-json\/wp\/v2\/product_brand?post=467"},{"taxonomy":"product_cat","embeddable":true,"href":"https:\/\/webshop.direktenergy.eu\/hu\/wp-json\/wp\/v2\/product_cat?post=467"},{"taxonomy":"product_tag","embeddable":true,"href":"https:\/\/webshop.direktenergy.eu\/hu\/wp-json\/wp\/v2\/product_tag?post=467"}],"curies":[{"name":"wp","href":"https:\/\/api.w.org\/{rel}","templated":true}]}}