{"id":478,"date":"2024-06-26T14:32:40","date_gmt":"2024-06-26T12:32:40","guid":{"rendered":"https:\/\/webshop.direktenergy.eu\/?post_type=product&#038;p=478"},"modified":"2025-03-14T11:55:34","modified_gmt":"2025-03-14T10:55:34","slug":"fronius-symo-advanced-12-5-3-m","status":"publish","type":"product","link":"https:\/\/webshop.direktenergy.eu\/hu\/termek\/fronius-symo-advanced-12-5-3-m\/","title":{"rendered":"Fronius Symo Advanced 12.5-3-M"},"content":{"rendered":"<p><strong>Maxim\u00e1lis rugalmass\u00e1g a holnap alkalmaz\u00e1saihoz.<\/strong><\/p>\n<div>Tov\u00e1bbfejlesztve a biztons\u00e1g szem el\u0151tt tart\u00e1s\u00e1val: a Fronius Symo Advanced nyitja a k\u00f6vetkez\u0151 fejezetet a Fronius SnapINverter portf\u00f3li\u00f3j\u00e1ban. Az inverter a bev\u00e1lt teljes\u00edtm\u00e9nyt \u00faj biztons\u00e1gi technol\u00f3gi\u00e1val \u00f6tv\u00f6zi, \u00edgy a Fronius Symo Advanced a biztons\u00e1gos v\u00e1laszt\u00e1s a j\u00f6v\u0151ben a kisipari \u00e9s ipari napelemes rendszerekhez b\u00e1rmely m\u00e9retben. A 10 \u00e9s 20 kW k\u00f6z\u00f6tti teljes\u00edtm\u00e9nyoszt\u00e1lyokkal rendelkez\u0151 inverter leg\u00fajabb gener\u00e1ci\u00f3ja az \u00faj Fronius Arc Guard technol\u00f3gia r\u00e9v\u00e9n megb\u00edzhat\u00f3 \u00edvh\u00faz\u00e1s elleni v\u00e9delemmel, a tet\u0151tervez\u00e9s abszol\u00fat szabads\u00e1g\u00e1t biztos\u00edt\u00f3 SuperFlex kialak\u00edt\u00e1ssal \u00e9s a Dynamic Peak Manager r\u00e9v\u00e9n maxim\u00e1lis hozammal ny\u0171g\u00f6z le.<\/div>\n","protected":false},"excerpt":{"rendered":"<p>Ismerje meg a Fronius Symo Advanced invertert, amely \u00faj biztons\u00e1gi technol\u00f3gi\u00e1kkal kombin\u00e1lja a bev\u00e1lt teljes\u00edtm\u00e9nyt. T\u00f6k\u00e9letes v\u00e1laszt\u00e1s kisipari \u00e9s ipari napelemes rendszerekhez, 10-20 kW teljes\u00edtm\u00e9nyoszt\u00e1llyal, SuperFlex kialak\u00edt\u00e1ssal \u00e9s megb\u00edzhat\u00f3 \u00edvh\u00faz\u00e1s elleni v\u00e9delemmel.<\/p>\n","protected":false},"featured_media":569,"template":"","meta":[],"pwb-brand":[18],"product_brand":[],"product_cat":[37],"product_tag":[],"class_list":{"0":"post-478","1":"product","2":"type-product","3":"status-publish","4":"has-post-thumbnail","6":"pwb-brand-fronius","7":"product_cat-inverterek","10":"first","11":"instock","12":"taxable","13":"shipping-taxable","14":"purchasable","15":"product-type-simple"},"brands":[{"id":18,"name":"Fronius","slug":"fronius"}],"_links":{"self":[{"href":"https:\/\/webshop.direktenergy.eu\/hu\/wp-json\/wp\/v2\/product\/478","targetHints":{"allow":["GET"]}}],"collection":[{"href":"https:\/\/webshop.direktenergy.eu\/hu\/wp-json\/wp\/v2\/product"}],"about":[{"href":"https:\/\/webshop.direktenergy.eu\/hu\/wp-json\/wp\/v2\/types\/product"}],"wp:featuredmedia":[{"embeddable":true,"href":"https:\/\/webshop.direktenergy.eu\/hu\/wp-json\/wp\/v2\/media\/569"}],"wp:attachment":[{"href":"https:\/\/webshop.direktenergy.eu\/hu\/wp-json\/wp\/v2\/media?parent=478"}],"wp:term":[{"taxonomy":"pwb-brand","embeddable":true,"href":"https:\/\/webshop.direktenergy.eu\/hu\/wp-json\/wp\/v2\/pwb-brand?post=478"},{"taxonomy":"product_brand","embeddable":true,"href":"https:\/\/webshop.direktenergy.eu\/hu\/wp-json\/wp\/v2\/product_brand?post=478"},{"taxonomy":"product_cat","embeddable":true,"href":"https:\/\/webshop.direktenergy.eu\/hu\/wp-json\/wp\/v2\/product_cat?post=478"},{"taxonomy":"product_tag","embeddable":true,"href":"https:\/\/webshop.direktenergy.eu\/hu\/wp-json\/wp\/v2\/product_tag?post=478"}],"curies":[{"name":"wp","href":"https:\/\/api.w.org\/{rel}","templated":true}]}}