{"id":496,"date":"2024-07-25T13:07:21","date_gmt":"2024-07-25T11:07:21","guid":{"rendered":"https:\/\/webshop.direktenergy.eu\/?post_type=product&#038;p=496"},"modified":"2025-03-14T11:58:07","modified_gmt":"2025-03-14T10:58:07","slug":"fronius-smart-meter-ts-65a-3","status":"publish","type":"product","link":"https:\/\/webshop.direktenergy.eu\/hu\/termek\/fronius-smart-meter-ts-65a-3\/","title":{"rendered":"Fronius Smart Meter TS 65A-3"},"content":{"rendered":"<div>A Fronius Smart Meter a saj\u00e1t fogyaszt\u00e1s optimaliz\u00e1l\u00e1s\u00e1ra, a terhel\u00e9si g\u00f6rbe r\u00f6gz\u00edt\u00e9s\u00e9re \u00e9s a k\u00fcl\u00f6nb\u00f6z\u0151 energia\u00e1raml\u00e1sok vez\u00e9rl\u00e9s\u00e9re szolg\u00e1l\u00f3, k\u00e9tir\u00e1ny\u00fa m\u00e9r\u0151\u00f3ra. A nagy m\u00e9r\u00e9si pontoss\u00e1gnak \u00e9s a Modbus RTU interf\u00e9szen kereszt\u00fcli gyors kommunik\u00e1ci\u00f3nak k\u00f6sz\u00f6nhet\u0151en bet\u00e1pl\u00e1l\u00e1si korl\u00e1toz\u00e1sok eset\u00e9n gyorsabb \u00e9s pontosabb dinamikus bet\u00e1pl\u00e1l\u00e1s-szab\u00e1lyoz\u00e1s lehets\u00e9ges, mint az S0 m\u00e9r\u0151\u00f3r\u00e1kkal.<\/div>\n<div><\/div>\n<div>A Fronius Smart Meter a Fronius Solar.web port\u00e1llal egy\u00fctt lehet\u0151v\u00e9 teszi a saj\u00e1t \u00e1ramfelhaszn\u00e1l\u00e1s \u00e1ttekinthet\u0151 megjelen\u00edt\u00e9s\u00e9t. A Fronius t\u00e1rol\u00e1si megold\u00e1sokkal a Smart Meter gondoskodik a k\u00fcl\u00f6nb\u00f6z\u0151 energia\u00e1raml\u00e1sok t\u00f6k\u00e9letesen \u00f6sszehangolt ir\u00e1ny\u00edt\u00e1s\u00e1r\u00f3l, ez\u00e1ltal optimaliz\u00e1lva a teljes energiagazd\u00e1lkod\u00e1st. A Fronius Smart Meter t\u00f6k\u00e9letesen alkalmas a GEN24 Plus inverterek, valamint a Fronius Datamanager 2.0-val rendelkez\u0151 \u00f6sszes Fronius inverter haszn\u00e1lat\u00e1hoz.<\/div>\n","protected":false},"excerpt":{"rendered":"<p>A Fronius Smart Meter egy k\u00e9tir\u00e1ny\u00fa m\u00e9r\u0151\u00f3ra, amely optimaliz\u00e1lja a saj\u00e1t fogyaszt\u00e1st, r\u00f6gz\u00edti a terhel\u00e9si g\u00f6rb\u00e9t, \u00e9s vez\u00e9rli a k\u00fcl\u00f6nb\u00f6z\u0151 energia\u00e1raml\u00e1sokat. A nagy m\u00e9r\u00e9si pontoss\u00e1g \u00e9s a Modbus RTU interf\u00e9szen kereszt\u00fcli gyors kommunik\u00e1ci\u00f3 lehet\u0151v\u00e9 teszi a dinamikus bet\u00e1pl\u00e1l\u00e1s-szab\u00e1lyoz\u00e1st bet\u00e1pl\u00e1l\u00e1si korl\u00e1toz\u00e1sok eset\u00e9n, gyorsabban \u00e9s pontosabban, mint az S0 m\u00e9r\u0151\u00f3r\u00e1k eset\u00e9ben. A Fronius Solar.web port\u00e1llal egy\u00fcttm\u0171k\u00f6dve a Smart Meter \u00e1tl\u00e1that\u00f3v\u00e1 teszi a saj\u00e1t \u00e1ramfelhaszn\u00e1l\u00e1st, \u00e9s a Fronius t\u00e1rol\u00e1si megold\u00e1sokkal optimaliz\u00e1lja az energiagazd\u00e1lkod\u00e1st. T\u00f6k\u00e9letesen illeszkedik a GEN24 Plus inverterekhez, valamint a Fronius Datamanager 2.0-val rendelkez\u0151 \u00f6sszes Fronius inverterhez, biztos\u00edtva az energia\u00e1raml\u00e1sok \u00f6sszehangolt ir\u00e1ny\u00edt\u00e1s\u00e1t \u00e9s a hat\u00e9kony energiafelhaszn\u00e1l\u00e1st.<\/p>\n","protected":false},"featured_media":497,"template":"","meta":[],"pwb-brand":[18],"product_brand":[],"product_cat":[107,24,44],"product_tag":[],"class_list":{"0":"post-496","1":"product","2":"type-product","3":"status-publish","4":"has-post-thumbnail","6":"pwb-brand-fronius","7":"product_cat-smart-meterek","8":"product_cat-smart-meterek-megujulo-energia","9":"product_cat-smart-meterek-energiatarolas","12":"first","13":"instock","14":"taxable","15":"shipping-taxable","16":"purchasable","17":"product-type-simple"},"brands":[{"id":18,"name":"Fronius","slug":"fronius"}],"_links":{"self":[{"href":"https:\/\/webshop.direktenergy.eu\/hu\/wp-json\/wp\/v2\/product\/496","targetHints":{"allow":["GET"]}}],"collection":[{"href":"https:\/\/webshop.direktenergy.eu\/hu\/wp-json\/wp\/v2\/product"}],"about":[{"href":"https:\/\/webshop.direktenergy.eu\/hu\/wp-json\/wp\/v2\/types\/product"}],"wp:featuredmedia":[{"embeddable":true,"href":"https:\/\/webshop.direktenergy.eu\/hu\/wp-json\/wp\/v2\/media\/497"}],"wp:attachment":[{"href":"https:\/\/webshop.direktenergy.eu\/hu\/wp-json\/wp\/v2\/media?parent=496"}],"wp:term":[{"taxonomy":"pwb-brand","embeddable":true,"href":"https:\/\/webshop.direktenergy.eu\/hu\/wp-json\/wp\/v2\/pwb-brand?post=496"},{"taxonomy":"product_brand","embeddable":true,"href":"https:\/\/webshop.direktenergy.eu\/hu\/wp-json\/wp\/v2\/product_brand?post=496"},{"taxonomy":"product_cat","embeddable":true,"href":"https:\/\/webshop.direktenergy.eu\/hu\/wp-json\/wp\/v2\/product_cat?post=496"},{"taxonomy":"product_tag","embeddable":true,"href":"https:\/\/webshop.direktenergy.eu\/hu\/wp-json\/wp\/v2\/product_tag?post=496"}],"curies":[{"name":"wp","href":"https:\/\/api.w.org\/{rel}","templated":true}]}}