{"id":501,"date":"2024-07-25T13:16:52","date_gmt":"2024-07-25T11:16:52","guid":{"rendered":"https:\/\/webshop.direktenergy.eu\/?post_type=product&#038;p=501"},"modified":"2024-08-08T13:59:39","modified_gmt":"2024-08-08T11:59:39","slug":"solplanet-smart-meter-eastron-sdm630","status":"publish","type":"product","link":"https:\/\/webshop.direktenergy.eu\/hu\/termek\/solplanet-smart-meter-eastron-sdm630\/","title":{"rendered":"Solplanet Smart Meter Eastron SDM630"},"content":{"rendered":"<p>A Solplanet Eastron SDM630 egy fejlett h\u00e1romf\u00e1zis\u00fa energia\u00f3ra, amely val\u00f3s id\u0151ben m\u00e9ri \u00e9s figyeli az energia termel\u00e9s\u00e9t \u00e9s az elektromos energiafogyaszt\u00e1st. Az Eastron SDM630 rendk\u00edv\u00fcl pontos \u00e9s megb\u00edzhat\u00f3 m\u00e9r\u0151eszk\u00f6z, magas felbont\u00e1s\u00fa LCD kijelz\u0151vel. A kijelz\u0151 val\u00f3s id\u0151ben mutatja az energiaadatokat \u00e9s k\u00fcl\u00f6nb\u00f6z\u0151 m\u00e9r\u00e9si param\u00e9tereket.<\/p>\n<p><strong>Solplanet Eastron SDM630 jellemz\u0151i<\/strong><\/p>\n<p>Az eszk\u00f6z kompakt kialak\u00edt\u00e1sa lehet\u0151v\u00e9 teszi a DIN-s\u00ednre vagy falra szerel\u00e9st. A Solplanet Eastron SDM630 f\u0151 jellemz\u0151i:<\/p>\n<p><strong>Napl\u00f3z\u00e1s<\/strong>: Az eszk\u00f6z kiterjedt napl\u00f3z\u00e1si lehet\u0151s\u00e9gekkel rendelkezik, \u00edgy a t\u00f6rt\u00e9nelmi energiaadatokat t\u00e1rolhatja \u00e9s ig\u00e9ny szerint lek\u00e9rdezheti azokat elemz\u00e9shez \u00e9s jelent\u00e9sk\u00e9sz\u00edt\u00e9shez.<\/p>\n<p><strong>Magas pontoss\u00e1g<\/strong>: Az eszk\u00f6z fejlett technol\u00f3gi\u00e1t haszn\u00e1l a nagyon pontos energiafogyaszt\u00e1s \u00e9s -termel\u00e9s m\u00e9r\u00e9se \u00e9rdek\u00e9ben.<\/p>\n<p><strong>Val\u00f3s idej\u0171 monitoroz\u00e1s<\/strong>: Az eszk\u00f6z val\u00f3s id\u0151ben ny\u00fajt figyel\u00e9st, lehet\u0151v\u00e9 t\u00e9ve az energiafogyaszt\u00e1s pontos nyomon k\u00f6vet\u00e9s\u00e9t \u00e9s elemz\u00e9s\u00e9t.<\/p>\n<p><strong>Kompatibilit\u00e1s<\/strong>: A Solplanet Eastron SDM630 kompatibilis a napelemes rendszerek sz\u00e9les sk\u00e1l\u00e1j\u00e1val, bele\u00e9rtve az egyszakaszos \u00e9s a h\u00e1romf\u00e1zis\u00fa rendszereket is.<\/p>\n<p>Az eszk\u00f6z DIN-s\u00ednre szerelhet\u0151 burkolattal, IP51 v\u00e9delemmel \u00e9s k\u00f6zvetlen csatlakoz\u00e1ssal ak\u00e1r 100 A-ig. A kWh, az \u00f6sszes kWh (import + export), az import kWh \u00e9s a nett\u00f3 kWh (export &#8211; import) megjelen\u00edt\u00e9s\u00e9hez v\u00e1laszthat\u00f3 m\u00e9r\u00e9si m\u00f3dok a mi ingyenes konfigur\u00e1ci\u00f3s szoftver\u00fcnkkel. Az EU 2014\/32 \/ EU ir\u00e1nyelv szerint az Egyes\u00fclt Kir\u00e1lys\u00e1gban tan\u00fas\u00edtott. MID tan\u00fas\u00edtv\u00e1nysz\u00e1m 0120 \/ SGS0151.<\/p>\n","protected":false},"excerpt":{"rendered":"<p>A <strong>Solplanet Eastron SDM630<\/strong> egy fejlett h\u00e1romf\u00e1zis\u00fa energia\u00f3ra, amelyet val\u00f3s idej\u0171 energia termel\u00e9s \u00e9s elektromos energiafogyaszt\u00e1s m\u00e9r\u00e9s\u00e9re \u00e9s megfigyel\u00e9s\u00e9re terveztek. Ez a rendk\u00edv\u00fcl pontos \u00e9s megb\u00edzhat\u00f3 m\u00e9r\u0151eszk\u00f6z magas felbont\u00e1s\u00fa LCD kijelz\u0151vel rendelkezik, amely val\u00f3s id\u0151ben mutatja az energiaadatokat \u00e9s k\u00fcl\u00f6nb\u00f6z\u0151 m\u00e9r\u00e9si param\u00e9tereket.<\/p>\n<p><strong>Solplanet Eastron SDM630 jellemz\u0151i:<\/strong><\/p>\n<ul>\n<li><strong>Kompakt kialak\u00edt\u00e1s<\/strong>: Az eszk\u00f6z k\u00f6nnyen felszerelhet\u0151 DIN-s\u00ednre vagy falra, ami helytakar\u00e9kos \u00e9s rugalmas telep\u00edt\u00e9st tesz lehet\u0151v\u00e9.<\/li>\n<li><strong>Napl\u00f3z\u00e1si lehet\u0151s\u00e9gek<\/strong>: Kiterjedt napl\u00f3z\u00e1si funkci\u00f3i lehet\u0151v\u00e9 teszik a t\u00f6rt\u00e9nelmi energiaadatok t\u00e1rol\u00e1s\u00e1t \u00e9s ig\u00e9ny szerinti lek\u00e9rdez\u00e9s\u00e9t elemz\u00e9shez \u00e9s jelent\u00e9sk\u00e9sz\u00edt\u00e9shez.<\/li>\n<li><strong>Magas pontoss\u00e1g<\/strong>: Fejlett technol\u00f3gi\u00e1t alkalmaz a pontos energiafogyaszt\u00e1s \u00e9s -termel\u00e9s m\u00e9r\u00e9s\u00e9hez.<\/li>\n<li><strong>Val\u00f3s idej\u0171 monitoroz\u00e1s<\/strong>: Lehet\u0151v\u00e9 teszi az energiafogyaszt\u00e1s pontos nyomon k\u00f6vet\u00e9s\u00e9t \u00e9s elemz\u00e9s\u00e9t val\u00f3s id\u0151ben.<\/li>\n<li><strong>Kompatibilit\u00e1s<\/strong>: Sz\u00e9lesk\u00f6r\u0171 kompatibilit\u00e1ssal rendelkezik napelemes rendszerek, k\u00f6zt\u00fck egyf\u00e1zis\u00fa \u00e9s h\u00e1romf\u00e1zis\u00fa rendszerek eset\u00e9ben is.<\/li>\n<\/ul>\n<p>Az SDM630 k\u00e9sz\u00fcl\u00e9k IP51 v\u00e9delemmel \u00e9s k\u00f6zvetlen csatlakoz\u00e1ssal ak\u00e1r 100 A-ig, valamint k\u00fcl\u00f6nb\u00f6z\u0151 m\u00e9r\u00e9si m\u00f3dokkal rendelkezik, mint p\u00e9ld\u00e1ul a kWh, az \u00f6sszes kWh (import + export), az import kWh \u00e9s a nett\u00f3 kWh (export &#8211; import). Az eszk\u00f6z az EU 2014\/32 \/ EU ir\u00e1nyelv szerint tan\u00fas\u00edtott, MID tan\u00fas\u00edtv\u00e1nysz\u00e1m 0120 \/ SGS0151, \u00edgy biztos\u00edtva a megb\u00edzhat\u00f3s\u00e1got \u00e9s pontoss\u00e1got a felhaszn\u00e1l\u00f3k sz\u00e1m\u00e1ra.<\/p>\n","protected":false},"featured_media":502,"template":"","meta":[],"pwb-brand":[30],"product_brand":[],"product_cat":[44,24],"product_tag":[],"class_list":{"0":"post-501","1":"product","2":"type-product","3":"status-publish","4":"has-post-thumbnail","6":"pwb-brand-solplanet","7":"product_cat-smart-meterek-energiatarolas","8":"product_cat-smart-meterek-megujulo-energia","11":"first","12":"instock","13":"taxable","14":"shipping-taxable","15":"purchasable","16":"product-type-simple"},"brands":[{"id":30,"name":"Solplanet","slug":"solplanet"}],"_links":{"self":[{"href":"https:\/\/webshop.direktenergy.eu\/hu\/wp-json\/wp\/v2\/product\/501","targetHints":{"allow":["GET"]}}],"collection":[{"href":"https:\/\/webshop.direktenergy.eu\/hu\/wp-json\/wp\/v2\/product"}],"about":[{"href":"https:\/\/webshop.direktenergy.eu\/hu\/wp-json\/wp\/v2\/types\/product"}],"wp:featuredmedia":[{"embeddable":true,"href":"https:\/\/webshop.direktenergy.eu\/hu\/wp-json\/wp\/v2\/media\/502"}],"wp:attachment":[{"href":"https:\/\/webshop.direktenergy.eu\/hu\/wp-json\/wp\/v2\/media?parent=501"}],"wp:term":[{"taxonomy":"pwb-brand","embeddable":true,"href":"https:\/\/webshop.direktenergy.eu\/hu\/wp-json\/wp\/v2\/pwb-brand?post=501"},{"taxonomy":"product_brand","embeddable":true,"href":"https:\/\/webshop.direktenergy.eu\/hu\/wp-json\/wp\/v2\/product_brand?post=501"},{"taxonomy":"product_cat","embeddable":true,"href":"https:\/\/webshop.direktenergy.eu\/hu\/wp-json\/wp\/v2\/product_cat?post=501"},{"taxonomy":"product_tag","embeddable":true,"href":"https:\/\/webshop.direktenergy.eu\/hu\/wp-json\/wp\/v2\/product_tag?post=501"}],"curies":[{"name":"wp","href":"https:\/\/api.w.org\/{rel}","templated":true}]}}