{"id":508,"date":"2024-07-26T11:16:27","date_gmt":"2024-07-26T09:16:27","guid":{"rendered":"https:\/\/webshop.direktenergy.eu\/?post_type=product&#038;p=508"},"modified":"2025-08-04T15:08:37","modified_gmt":"2025-08-04T13:08:37","slug":"deye-sun-12k-sgl04lp3","status":"publish","type":"product","link":"https:\/\/webshop.direktenergy.eu\/hu\/termek\/deye-sun-12k-sgl04lp3\/","title":{"rendered":"Deye SUN-12K-SGL04LP3"},"content":{"rendered":"<p>A SUN 5\/6\/8\/10\/12K-SG vadonat\u00faj h\u00e1romf\u00e1zis\u00fa hibrid inverter alacsony, 48 V-os akkumul\u00e1torfesz\u00fclts\u00e9ggel, amely biztos\u00edtja a rendszer biztons\u00e1g\u00e1t \u00e9s megb\u00edzhat\u00f3s\u00e1g\u00e1t. A kompakt kialak\u00edt\u00e1snak \u00e9s a nagy teljes\u00edtm\u00e9nys\u0171r\u0171s\u00e9gnek k\u00f6sz\u00f6nhet\u0151en ez a sorozat t\u00e1mogatja az 1,3 DC\/AC ar\u00e1nyt, megtakar\u00edtva ezzel az eszk\u00f6zbefektet\u00e9st. T\u00e1mogatja a h\u00e1romf\u00e1zis\u00fa kiegyens\u00falyozatlan kimenetet, kiterjesztve az alkalmaz\u00e1si forgat\u00f3k\u00f6nyveket. CAN porttal (x2) BMS \u00e9s p\u00e1rhuzamos, x1 RS485 port a BMS-hez, x1 RS232 port a t\u00e1vvez\u00e9rl\u00e9shez, x1 DRM port, ami intelligenss\u00e9 \u00e9s rugalmass\u00e1 teszi a rendszert.<\/p>\n","protected":false},"excerpt":{"rendered":"<p>Fedezze fel a SUN 5\/6\/8\/10\/12K-SG h\u00e1romf\u00e1zis\u00fa hibrid inverter el\u0151nyeit, mely alacsony, 48 V-os akkumul\u00e1torfesz\u00fclts\u00e9ggel \u00e9s magas teljes\u00edtm\u00e9nys\u0171r\u0171s\u00e9ggel rendelkezik. Kompakt kialak\u00edt\u00e1s, 1,3 DC\/AC ar\u00e1ny, \u00e9s intelligens csatlakoz\u00e1si lehet\u0151s\u00e9gek a biztons\u00e1gos \u00e9s megb\u00edzhat\u00f3 m\u0171k\u00f6d\u00e9s\u00e9rt.<\/p>\n","protected":false},"featured_media":504,"template":"","meta":[],"pwb-brand":[80],"product_brand":[],"product_cat":[37],"product_tag":[],"class_list":{"0":"post-508","1":"product","2":"type-product","3":"status-publish","4":"has-post-thumbnail","6":"pwb-brand-deye","7":"product_cat-inverterek","10":"first","11":"instock","12":"taxable","13":"shipping-taxable","14":"purchasable","15":"product-type-simple"},"brands":[{"id":80,"name":"Deye","slug":"deye"}],"_links":{"self":[{"href":"https:\/\/webshop.direktenergy.eu\/hu\/wp-json\/wp\/v2\/product\/508","targetHints":{"allow":["GET"]}}],"collection":[{"href":"https:\/\/webshop.direktenergy.eu\/hu\/wp-json\/wp\/v2\/product"}],"about":[{"href":"https:\/\/webshop.direktenergy.eu\/hu\/wp-json\/wp\/v2\/types\/product"}],"wp:featuredmedia":[{"embeddable":true,"href":"https:\/\/webshop.direktenergy.eu\/hu\/wp-json\/wp\/v2\/media\/504"}],"wp:attachment":[{"href":"https:\/\/webshop.direktenergy.eu\/hu\/wp-json\/wp\/v2\/media?parent=508"}],"wp:term":[{"taxonomy":"pwb-brand","embeddable":true,"href":"https:\/\/webshop.direktenergy.eu\/hu\/wp-json\/wp\/v2\/pwb-brand?post=508"},{"taxonomy":"product_brand","embeddable":true,"href":"https:\/\/webshop.direktenergy.eu\/hu\/wp-json\/wp\/v2\/product_brand?post=508"},{"taxonomy":"product_cat","embeddable":true,"href":"https:\/\/webshop.direktenergy.eu\/hu\/wp-json\/wp\/v2\/product_cat?post=508"},{"taxonomy":"product_tag","embeddable":true,"href":"https:\/\/webshop.direktenergy.eu\/hu\/wp-json\/wp\/v2\/product_tag?post=508"}],"curies":[{"name":"wp","href":"https:\/\/api.w.org\/{rel}","templated":true}]}}