{"id":509,"date":"2024-07-30T11:40:28","date_gmt":"2024-07-30T09:40:28","guid":{"rendered":"https:\/\/webshop.direktenergy.eu\/?post_type=product&#038;p=509"},"modified":"2024-08-08T15:17:00","modified_gmt":"2024-08-08T13:17:00","slug":"solaredge-p404-optimalizalo","status":"publish","type":"product","link":"https:\/\/webshop.direktenergy.eu\/hu\/termek\/solaredge-p404-optimalizalo\/","title":{"rendered":"SolarEdge P404 optimaliz\u00e1l\u00f3"},"content":{"rendered":"<p><span lang=\"EN-US\">A SolarEdge technol\u00f3gi\u00e1nak \u00e9s az optimaliz\u00e1l\u00f3 berendez\u00e9snek k\u00f6sz\u00f6nhet\u0151en minden modul k\u00fcl\u00f6n-k\u00fcl\u00f6n t\u00e1vfel\u00fcgyelhet\u0151, a munkapont k\u00f6vet\u00e9s \u00e1tker\u00fcl az inverterb\u0151l a napelemekre. \u00cdgy k\u00f6nnyen kisz\u0171rhet\u0151ek az esetlegesen meghib\u00e1sodott modulok. Az SolarEdge-nek k\u00f6sz\u00f6nhet\u0151en ezent\u00fal nem kell figyelembe venni a t\u00e1jol\u00e1st, a napelem t\u00edpus\u00e1t\/teljes\u00edtm\u00e9ny\u00e9t, az elhelyez\u00e9st. Tov\u00e1bb\u00e1, az egy napelemre jut\u00f3 \u00e1rny\u00e9kol\u00e1s nem rontja a komplett rendszer teljes\u00edtm\u00e9ny\u00e9t, hiszen csak annak az egy modulnak a teljes\u00edtm\u00e9nye romlik, amelyik \u00e1rny\u00e9kba ker\u00fcl, \u00edgy nincs hat\u00e1ssal a t\u00f6bbi modulra. A SolarEdge optimaliz\u00e1l\u00f3knak k\u00f6sz\u00f6nhet\u0151en minden modulb\u00f3l a maximumot hozhatjuk ki, legyen sz\u00f3 ak\u00e1r egy hagyom\u00e1nyos modulr\u00f3l vagy egy nagyobb teljes\u00edtm\u00e9ny\u0171 modulr\u00f3l. R\u00e1ad\u00e1sul az automatikus vagy manu\u00e1lis lekapcsol\u00e1snak k\u00f6sz\u00f6nhet\u0151en a modulok \u00fcresj\u00e1rati fesz\u00fclts\u00e9ge leesik 1V-ra, \u00edgy pl. egy 5kW-os 16 modulb\u00f3l \u00e1ll\u00f3 rendszer \u00fcresj\u00e1r\u00e1si fesz\u00fclts\u00e9ge nem lesz t\u00f6bb 16Vdc-n\u00e1l (+\/- ~0,5V)<\/span><\/p>\n<p>A P404 optimaliz\u00e1l\u00f3 magasabb fesz\u00fclts\u00e9gtartom\u00e1nyban dolgozik mint a P300 \u00e9s \u00edgy kiv\u00e1l\u00f3an alkalmazhat\u00f3 r\u00f6vid sztringekhez. M\u00e1r 6 optimaliz\u00e1l\u00f3val elindul az inverter.<br \/>\nA SolarEdge technol\u00f3gi\u00e1nak \u00e9s az optimaliz\u00e1l\u00f3 berendez\u00e9snek k\u00f6sz\u00f6nhet\u0151en minden modul k\u00fcl\u00f6n-k\u00fcl\u00f6n t\u00e1vfel\u00fcgyelhet\u0151, a munkapont k\u00f6vet\u00e9s \u00e1tker\u00fcl az inverterb\u0151l a napelemekre. \u00cdgy k\u00f6nnyen kisz\u0171rhet\u0151ek az esetlegesen meghib\u00e1sodott modulok. Az SolarEdge-nek k\u00f6sz\u00f6nhet\u0151en ezent\u00fal nem kell figyelembe venni a t\u00e1jol\u00e1st, a napelem t\u00edpus\u00e1t\/teljes\u00edtm\u00e9ny\u00e9t, az elhelyez\u00e9st. Tov\u00e1bb\u00e1, az egy napelemre jut\u00f3 \u00e1rny\u00e9kol\u00e1s nem rontja a komplett rendszer teljes\u00edtm\u00e9ny\u00e9t, hiszen csak annak az egy modulnak a teljes\u00edtm\u00e9nye romlik, amelyik \u00e1rny\u00e9kba ker\u00fcl, \u00edgy nincs hat\u00e1ssal a t\u00f6bbi modulra. A SolarEdge optimaliz\u00e1l\u00f3knak k\u00f6sz\u00f6nhet\u0151en minden modulb\u00f3l a maximumot hozhatjuk ki, legyen sz\u00f3 ak\u00e1r egy hagyom\u00e1nyos modulr\u00f3l vagy egy nagyobb teljes\u00edtm\u00e9ny\u0171 modulr\u00f3l. R\u00e1ad\u00e1sul az automatikus vagy manu\u00e1lis lekapcsol\u00e1snak k\u00f6sz\u00f6nhet\u0151en a modulok \u00fcresj\u00e1rati fesz\u00fclts\u00e9ge leesik 1V-ra, \u00edgy pl. egy 5kW-os 16 modulb\u00f3l \u00e1ll\u00f3 rendszer \u00fcresj\u00e1r\u00e1si fesz\u00fclts\u00e9ge nem lesz t\u00f6bb 16Vdc-n\u00e1l (+\/- ~0,5V)<\/p>\n<p>&nbsp;<\/p>\n<p><strong>Jellemz\u0151k<\/strong><\/p>\n<ul>\n<li>R\u00f6vid sztringhez haszn\u00e1lhat\u00f3<\/li>\n<li>Ak\u00e1r 25%-al t\u00f6bb energia<\/li>\n<li>M\u00e9rs\u00e9kli a k\u00fcl\u00f6nb\u00f6z\u0151 modulok \u201cmiss match\u201d vesztes\u00e9g\u00e9t, a gy\u00e1rt\u00e1si hib\u00e1b\u00f3l ered\u0151 k\u00fcl\u00f6nbs\u00e9geket, a r\u00e9szleges \u00e1rny\u00e9kol\u00e1st<\/li>\n<li>Rendk\u00edv\u00fcl magas hat\u00e1sfok (99,5%)<\/li>\n<li>Flexibilis rendszer tervezhet\u0151s\u00e9g a maxim\u00e1lis helykihaszn\u00e1l\u00e1s \u00e9rdek\u00e9ben<\/li>\n<li>Egyszer\u0171 telep\u00edt\u00e9s az egy pontos r\u00f6gz\u00edt\u00e9snek k\u00f6sz\u00f6nhet\u0151en<\/li>\n<li>Egyszer\u0171s\u00edtett modul karbantart\u00e1s \u00e9s fel\u00fcgyelet<\/li>\n<li>Automatikus DC fesz\u00fclts\u00e9g lekapcsol\u00e1s (Voc 1V) karbantart\u00e1s vagy t\u0171z eset\u00e9n<\/li>\n<li>Magas v\u00e9delem IP68 (5R sz\u00e9ria eset\u00e9n, 2R sz\u00e9ri\u00e1n\u00e1l IP65)<\/li>\n<\/ul>\n<p>&nbsp;<\/p>\n<p><strong>Tervez\u00e9si seg\u00e9dlet<\/strong><\/p>\n<p>&nbsp;<\/p>\n<table width=\"500\">\n<tbody>\n<tr>\n<td>P404 optimaliz\u00e1l\u00f3 eset\u00e9n<\/td>\n<td>Egyf\u00e1zis\u00fa\u00a0 HD-Wave inverter<\/td>\n<td>H\u00e1romf\u00e1zis\u00fa inverter<\/td>\n<\/tr>\n<tr>\n<td>Minimum napelem egy sztringen<\/td>\n<td>6 db<\/td>\n<td>14 db<\/td>\n<\/tr>\n<tr>\n<td>Maximum napelem egy sztringen<\/td>\n<td>25 db<\/td>\n<td>50 db<\/td>\n<\/tr>\n<tr>\n<td>Maxim\u00e1lis sztring teljes\u00edtm\u00e9ny<\/td>\n<td>5700 W<\/td>\n<td>11250 W<\/td>\n<\/tr>\n<\/tbody>\n<\/table>\n<p>&nbsp;<\/p>\n<p><em>Figyelem! A SolarEdge optimaliz\u00e1l\u00f3k kiz\u00e1r\u00f3lag SolarEdge inverterekkel vagy SolarEdge Safety &amp; Monitoring Interface eszk\u00f6zzel val\u00f3 csatlakoztat\u00e1sa eset\u00e9n m\u0171k\u00f6d\u0151k\u00e9pes \u00e9s kiz\u00e1r\u00f3lag ebben az esetben \u00e9rv\u00e9nyesek a fent le\u00edrt tulajdons\u00e1gok!<\/em><\/p>\n","protected":false},"excerpt":{"rendered":"<p><strong>SolarEdge Optimaliz\u00e1l\u00f3 Berendez\u00e9s: Maximaliz\u00e1lja Napelem Rendszer\u00e9nek Teljes\u00edtm\u00e9ny\u00e9t<\/strong><\/p>\n<p>Fedezze fel a <strong>SolarEdge optimaliz\u00e1l\u00f3 berendez\u00e9seit<\/strong>, amelyek forradalmas\u00edtj\u00e1k a napenergia-rendszerek teljes\u00edtm\u00e9ny\u00e9t! A <strong>SolarEdge technol\u00f3gia<\/strong> r\u00e9v\u00e9n minden napelem k\u00fcl\u00f6n-k\u00fcl\u00f6n t\u00e1vfel\u00fcgyelhet\u0151, \u00edgy optimaliz\u00e1lhatja a rendszer teljes\u00edtm\u00e9ny\u00e9t, figyelmen k\u00edv\u00fcl hagyva a t\u00e1jol\u00e1st, napelem t\u00edpus\u00e1t \u00e9s elhelyez\u00e9s\u00e9t.<\/p>\n<p><strong>El\u0151ny\u00f6k:<\/strong><\/p>\n<ul>\n<li><strong>Modulonk\u00e9nti Teljes\u00edtm\u00e9ny Optimaliz\u00e1l\u00e1s:<\/strong> A SolarEdge optimaliz\u00e1l\u00f3 berendez\u00e9sek biztos\u00edtj\u00e1k, hogy az \u00e1rny\u00e9kol\u00e1s vagy elt\u00e9r\u0151 t\u00e1jol\u00e1s csak az \u00e9rintett napelem teljes\u00edtm\u00e9ny\u00e9t befoly\u00e1solja, \u00edgy a t\u00f6bbi modul teljes\u00edtm\u00e9nye maxim\u00e1lis marad.<\/li>\n<li><strong>K\u00f6nny\u0171 Hibadiagn\u00f3zis:<\/strong> Az egyes napelemek teljes\u00edtm\u00e9nye f\u00fcggetlen\u00fcl figyelhet\u0151 \u00e9s optimaliz\u00e1lhat\u00f3, lehet\u0151v\u00e9 t\u00e9ve a gyors hibadiagn\u00f3zist \u00e9s jav\u00edt\u00e1st.<\/li>\n<li><strong>Magas Hat\u00e1sfok \u00e9s Energiahozz\u00e1ad\u00e1s:<\/strong> A SolarEdge <strong>P404 optimaliz\u00e1l\u00f3<\/strong> ak\u00e1r 25%-kal t\u00f6bb energi\u00e1t termel \u00e9s cs\u00f6kkenti a modulok k\u00f6z\u00f6tti elt\u00e9r\u00e9sekb\u0151l \u00e9s r\u00e9szleges \u00e1rny\u00e9kol\u00e1sb\u00f3l ered\u0151 vesztes\u00e9geket. A hat\u00e1sfok el\u00e9ri a 99,5%-ot, biztos\u00edtva a maxim\u00e1lis energiahozamot.<\/li>\n<li><strong>Biztons\u00e1gos Telep\u00edt\u00e9s:<\/strong> Az optimaliz\u00e1l\u00f3 automatikus DC fesz\u00fclts\u00e9g lekapcsol\u00e1st biztos\u00edt (Voc 1V) karbantart\u00e1s vagy t\u0171z eset\u00e9n, n\u00f6velve a rendszer biztons\u00e1g\u00e1t. A telep\u00edt\u00e9s egyszer\u0171 \u00e9s gyors, k\u00f6sz\u00f6nhet\u0151en az egy pontos r\u00f6gz\u00edt\u00e9snek.<\/li>\n<li><strong>Magas V\u00e9delmi Oszt\u00e1ly:<\/strong> Az IP68 v\u00e9detts\u00e9g\u0171 P404 \u00e9s IP65 v\u00e9detts\u00e9g\u0171 P300 optimaliz\u00e1l\u00f3k megb\u00edzhat\u00f3 m\u0171k\u00f6d\u00e9st garant\u00e1lnak k\u00fcl\u00f6nb\u00f6z\u0151 k\u00f6rnyezeti felt\u00e9telek mellett.<\/li>\n<\/ul>\n<p><strong>Tervez\u00e9si Seg\u00e9dlet:<\/strong><\/p>\n<ul>\n<li><strong>P404 Optimaliz\u00e1l\u00f3:<\/strong>\n<ul>\n<li><strong>Egyf\u00e1zis\u00fa HD-Wave Inverter:<\/strong> Minimum 6 napelem, maximum 25 napelem egy sztringen; maxim\u00e1lis sztring teljes\u00edtm\u00e9ny 5700 W.<\/li>\n<li><strong>H\u00e1romf\u00e1zis\u00fa Inverter:<\/strong> Minimum 14 napelem, maximum 50 napelem egy sztringen; maxim\u00e1lis sztring teljes\u00edtm\u00e9ny 11250 W.<\/li>\n<\/ul>\n<\/li>\n<\/ul>\n<p><strong>Figyelem!<\/strong> A SolarEdge optimaliz\u00e1l\u00f3k kiz\u00e1r\u00f3lag <strong>SolarEdge inverterekkel<\/strong> vagy <strong>SolarEdge Safety &amp; Monitoring Interface eszk\u00f6zzel<\/strong> m\u0171k\u00f6dnek megfelel\u0151en, \u00e9s a fent eml\u00edtett tulajdons\u00e1gok csak ebben az esetben \u00e9rv\u00e9nyesek.<\/p>\n<p><strong>Optimaliz\u00e1lja napenergia-rendszer\u00e9t<\/strong> a <strong>SolarEdge optimaliz\u00e1l\u00f3 berendez\u00e9seivel<\/strong>, \u00e9s \u00e9lvezze a <strong>maxim\u00e1lis energiahat\u00e9konys\u00e1got<\/strong> \u00e9s biztons\u00e1got!<\/p>\n","protected":false},"featured_media":510,"template":"","meta":[],"pwb-brand":[21],"product_brand":[],"product_cat":[39],"product_tag":[],"class_list":{"0":"post-509","1":"product","2":"type-product","3":"status-publish","4":"has-post-thumbnail","6":"pwb-brand-solaredge","7":"product_cat-optimalizalok","10":"first","11":"instock","12":"taxable","13":"shipping-taxable","14":"purchasable","15":"product-type-simple"},"brands":[{"id":21,"name":"SolarEdge","slug":"solaredge"}],"_links":{"self":[{"href":"https:\/\/webshop.direktenergy.eu\/hu\/wp-json\/wp\/v2\/product\/509","targetHints":{"allow":["GET"]}}],"collection":[{"href":"https:\/\/webshop.direktenergy.eu\/hu\/wp-json\/wp\/v2\/product"}],"about":[{"href":"https:\/\/webshop.direktenergy.eu\/hu\/wp-json\/wp\/v2\/types\/product"}],"wp:featuredmedia":[{"embeddable":true,"href":"https:\/\/webshop.direktenergy.eu\/hu\/wp-json\/wp\/v2\/media\/510"}],"wp:attachment":[{"href":"https:\/\/webshop.direktenergy.eu\/hu\/wp-json\/wp\/v2\/media?parent=509"}],"wp:term":[{"taxonomy":"pwb-brand","embeddable":true,"href":"https:\/\/webshop.direktenergy.eu\/hu\/wp-json\/wp\/v2\/pwb-brand?post=509"},{"taxonomy":"product_brand","embeddable":true,"href":"https:\/\/webshop.direktenergy.eu\/hu\/wp-json\/wp\/v2\/product_brand?post=509"},{"taxonomy":"product_cat","embeddable":true,"href":"https:\/\/webshop.direktenergy.eu\/hu\/wp-json\/wp\/v2\/product_cat?post=509"},{"taxonomy":"product_tag","embeddable":true,"href":"https:\/\/webshop.direktenergy.eu\/hu\/wp-json\/wp\/v2\/product_tag?post=509"}],"curies":[{"name":"wp","href":"https:\/\/api.w.org\/{rel}","templated":true}]}}