{"id":511,"date":"2024-07-30T11:44:43","date_gmt":"2024-07-30T09:44:43","guid":{"rendered":"https:\/\/webshop.direktenergy.eu\/?post_type=product&#038;p=511"},"modified":"2024-08-08T15:11:41","modified_gmt":"2024-08-08T13:11:41","slug":"solaredge-s440-optimalizalo","status":"publish","type":"product","link":"https:\/\/webshop.direktenergy.eu\/hu\/termek\/solaredge-s440-optimalizalo\/","title":{"rendered":"SolarEdge S440 optimaliz\u00e1l\u00f3"},"content":{"rendered":"<p>A SolarEdge S440 optimiz\u00e1l\u00f3 egy eszk\u00f6z, amely optimaliz\u00e1lja a napenergia-panelok energia-kibocs\u00e1t\u00e1s\u00e1t. Az S440 optimiz\u00e1l\u00f3 \u00fagy m\u0171k\u00f6dik, hogy optimaliz\u00e1lja az egyes panelenk\u00e9nti kibocs\u00e1t\u00e1st, mivel a kibocs\u00e1t\u00e1s panelenk\u00e9nt v\u00e1ltozhat az \u00e9letkor, az \u00e1rny\u00e9k vagy a t\u00e1jol\u00e1s miatt. Ha a napenergia-panelok soros kapcsolatban vannak, ez a teljes sor kibocs\u00e1t\u00e1s\u00e1nak vesztes\u00e9g\u00e9t jelenti.<\/p>\n<p><strong>A SolarEdge S440 optimiz\u00e1l\u00f3 m\u0171k\u00f6d\u00e9se<\/strong><\/p>\n<p>Az optimiz\u00e1l\u00f3 az egyes napenergia-panelok csatlakoz\u00f3doboz\u00e1n van telep\u00edtve. Az optimiz\u00e1l\u00f3 val\u00f3s id\u0151ben figyeli a panel kibocs\u00e1t\u00e1s\u00e1t az \u00e1ramer\u0151ss\u00e9g, fesz\u00fclts\u00e9g \u00e9s h\u0151m\u00e9rs\u00e9klet m\u00e9r\u00e9se r\u00e9v\u00e9n. Az inform\u00e1ci\u00f3k haszn\u00e1lat\u00e1val az optimiz\u00e1l\u00f3 optimaliz\u00e1lja a panel teljes\u00edtm\u00e9ny\u00e9t azzal, hogy a DC fesz\u00fclts\u00e9get \u00e9s az \u00e1ramer\u0151ss\u00e9get a panel maxim\u00e1lis teljes\u00edtm\u00e9ny\u00e9hez igaz\u00edtja (MPP).<\/p>\n<p>Az optimiz\u00e1l\u00f3 kommunik\u00e1l a SolarEdge inverterrel, amely azzal kommunik\u00e1l, hogy egy figyel\u0151platformot ny\u00fajtson, amely val\u00f3s id\u0151s adatokat \u00e9s teljes\u00edtm\u00e9ny-elemz\u00e9st biztos\u00edt a rendszer sz\u00e1m\u00e1ra. A SolarEdge S440 optimiz\u00e1l\u00f3 tov\u00e1bbi biztons\u00e1gi funkci\u00f3kat is biztos\u00edt, p\u00e9ld\u00e1ul automatikus le\u00e1ll\u00edt\u00e1st hib\u00e1k vagy t\u0171z eset\u00e9n, valamint \u00edv-\u00e9rz\u00e9kel\u00e9st, hogy megakad\u00e1lyozza az elektromos szikr\u00e1k keletkez\u00e9s\u00e9t.<\/p>\n<p>Az egyes panel kibocs\u00e1t\u00e1s\u00e1nak maxim\u00e1lisra n\u00f6vel\u00e9s\u00e9vel a SolarEdge S440 optimiz\u00e1l\u00f3 n\u00f6velheti a napenergia-panel rendszer teljes kibocs\u00e1t\u00e1s\u00e1t, ami hat\u00e9konyabb\u00e1 \u00e9s k\u00f6lts\u00e9ghat\u00e9konyabb\u00e1 teszi.<\/p>\n<p><strong>Az S440 optimiz\u00e1l\u00f3 funkci\u00f3i<\/strong><\/p>\n<p>N\u00e9h\u00e1ny kulcsfontoss\u00e1g\u00fa funkci\u00f3 a SolarEdge S440 optimiz\u00e1l\u00f3b\u00f3l:<\/p>\n<p><strong>Maxim\u00e1lis teljes\u00edtm\u00e9nypont nyomk\u00f6vet\u00e9s (MPPT)<\/strong>: Az optimiz\u00e1l\u00f3 MPPT technol\u00f3gi\u00e1t haszn\u00e1l, hogy folyamatosan k\u00f6vesse a DC fesz\u00fclts\u00e9get \u00e9s az \u00e1ramer\u0151ss\u00e9get minden napenergia-panelen, \u00e9s azt a maxim\u00e1lis teljes\u00edtm\u00e9nypontra igaz\u00edtsa, biztos\u00edtva az optim\u00e1lis energia-kibocs\u00e1t\u00e1st.<\/p>\n<p><strong>Val\u00f3s id\u0151s figyel\u00e9s<\/strong>: Az optimiz\u00e1l\u00f3 val\u00f3s id\u0151ben figyeli az egyes panel kibocs\u00e1t\u00e1s\u00e1t, \u00e9s m\u00e9ri az \u00e1ramer\u0151ss\u00e9get, a fesz\u00fclts\u00e9get \u00e9s a h\u0151m\u00e9rs\u00e9kletet. Az adatok azut\u00e1n haszn\u00e1lhat\u00f3k a panel teljes\u00edtm\u00e9ny\u00e9nek optimaliz\u00e1l\u00e1s\u00e1hoz.<\/p>\n<p><strong>N\u00f6vekedett energiahat\u00e9konys\u00e1g<\/strong>: A rendszer minden panel\u00e9nek teljes\u00edtm\u00e9ny\u00e9nek optimaliz\u00e1l\u00e1s\u00e1val a SolarEdge S440 optimiz\u00e1l\u00f3 n\u00f6veli a rendszer teljes energiahat\u00e9konys\u00e1g\u00e1t.<\/p>\n<p><strong>Jav\u00edtott biztons\u00e1gi funkci\u00f3k<\/strong>: Az optimiz\u00e1l\u00f3 tov\u00e1bbi biztons\u00e1gi funkci\u00f3kat biztos\u00edt, bele\u00e9rtve az automatikus le\u00e1ll\u00e1st hib\u00e1k vagy t\u0171z eset\u00e9n, valamint az \u00edv-\u00e9rz\u00e9kel\u00e9st, hogy megakad\u00e1lyozza az elektromos szikr\u00e1k keletkez\u00e9s\u00e9t.<\/p>\n<p><strong>K\u00f6nny\u0171 telep\u00edt\u00e9s<\/strong>: A SolarEdge S440 optimiz\u00e1l\u00f3 k\u00f6nnyen telep\u00edthet\u0151, \u00e9s k\u00f6zvetlen\u00fcl csatlakozik a panel csatlakoz\u00f3doboz\u00e1hoz.<\/p>\n<p><strong>Figyel\u0151platform<\/strong>: A SolarEdge S440 optimiz\u00e1l\u00f3 kommunik\u00e1l a SolarEdge inverterrel, amely kommunik\u00e1l a figyel\u0151platformmal, hogy feldolgozza a val\u00f3s id\u0151s adatokat \u00e9s teljes\u00edtm\u00e9ny-elemz\u00e9st a rendszer sz\u00e1m\u00e1ra.<\/p>\n<p><strong>Hossz\u00fa t\u00e1v\u00fa megb\u00edzhat\u00f3s\u00e1g<\/strong>: Az optimiz\u00e1l\u00f3 magas min\u0151s\u00e9g\u0171 anyagokb\u00f3l \u00e9p\u00fcl fel, biztos\u00edtva a megb\u00edzhat\u00f3s\u00e1got \u00e9s a teljes\u00edtm\u00e9nyt a hossz\u00fa t\u00e1von.<\/p>\n","protected":false},"excerpt":{"rendered":"<p><strong>SolarEdge S440 Optim\u00e1lis Teljes\u00edtm\u00e9ny \u00e9s Biztons\u00e1g: A Napelemes Rendszerek Optimaliz\u00e1l\u00e1sa<\/strong><\/p>\n<p>A <strong>SolarEdge S440 optimiz\u00e1l\u00f3<\/strong> egy fejlett eszk\u00f6z, amely c\u00e9lja a napenergia-panelek energia-kibocs\u00e1t\u00e1s\u00e1nak maximaliz\u00e1l\u00e1sa. Az optimiz\u00e1l\u00f3 hat\u00e9konyan kezeli az egyes panelek teljes\u00edtm\u00e9ny\u00e9t, amely v\u00e1ltozhat az \u00e9letkor, \u00e1rny\u00e9k vagy t\u00e1jol\u00e1s miatt. Ha a panelek soros kapcsolatban vannak, az egyes panelek teljes\u00edtm\u00e9ny\u00e9nek cs\u00f6kken\u00e9se jelent\u0151s vesztes\u00e9get okozhat a rendszer teljes kibocs\u00e1t\u00e1s\u00e1ban.<\/p>\n<p><strong>Hogyan m\u0171k\u00f6dik a SolarEdge S440 Optimiz\u00e1l\u00f3?<\/strong><\/p>\n<p>A SolarEdge S440 optimiz\u00e1l\u00f3 a napenergia-panelek csatlakoz\u00f3doboz\u00e1ra van telep\u00edtve, \u00e9s folyamatosan figyeli a panel teljes\u00edtm\u00e9ny\u00e9t. Az optimiz\u00e1l\u00f3 val\u00f3s id\u0151ben m\u00e9ri az \u00e1ramer\u0151ss\u00e9get, fesz\u00fclts\u00e9get \u00e9s h\u0151m\u00e9rs\u00e9kletet, \u00e9s ezek az adatok alapj\u00e1n a DC fesz\u00fclts\u00e9get \u00e9s \u00e1ramer\u0151ss\u00e9get a maxim\u00e1lis teljes\u00edtm\u00e9nypontra (MPP) igaz\u00edtja. Ezzel biztos\u00edtja a legmagasabb energia-kibocs\u00e1t\u00e1st.<\/p>\n<p><strong>F\u0151bb Funkci\u00f3k:<\/strong><\/p>\n<ul>\n<li><strong>Maxim\u00e1lis Teljes\u00edtm\u00e9nypont Nyomk\u00f6vet\u00e9s (MPPT):<\/strong> Az optimiz\u00e1l\u00f3 MPPT technol\u00f3gi\u00e1t alkalmaz, hogy minden panel DC fesz\u00fclts\u00e9g\u00e9t \u00e9s \u00e1ramer\u0151ss\u00e9g\u00e9t folyamatosan k\u00f6vesse, \u00e9s a maxim\u00e1lis teljes\u00edtm\u00e9nypontra \u00e1ll\u00edtsa be, biztos\u00edtva a legjobb energia-hat\u00e9kony m\u0171k\u00f6d\u00e9st.<\/li>\n<li><strong>Val\u00f3s Idej\u0171 Figyel\u00e9s:<\/strong> Az S440 optimiz\u00e1l\u00f3 az egyes panelek teljes\u00edtm\u00e9ny\u00e9t val\u00f3s id\u0151ben monitorozza, \u00e9s m\u00e9ri az \u00e1ramer\u0151ss\u00e9get, fesz\u00fclts\u00e9get \u00e9s h\u0151m\u00e9rs\u00e9kletet, amely seg\u00edt optimaliz\u00e1lni a panel teljes\u00edtm\u00e9ny\u00e9t.<\/li>\n<li><strong>N\u00f6vekedett Energiahat\u00e9konys\u00e1g:<\/strong> A rendszer minden panelj\u00e9nek teljes\u00edtm\u00e9ny\u00e9nek optimaliz\u00e1l\u00e1s\u00e1val a SolarEdge S440 jav\u00edtja a rendszer \u00f6sszenergia-hat\u00e9konys\u00e1g\u00e1t, \u00edgy k\u00f6lts\u00e9ghat\u00e9konyabb\u00e1 v\u00e1lik.<\/li>\n<li><strong>Fejlett Biztons\u00e1gi Funkci\u00f3k:<\/strong> Az optimiz\u00e1l\u00f3 automatikus le\u00e1ll\u00edt\u00e1st biztos\u00edt hib\u00e1k vagy t\u0171z eset\u00e9n, valamint \u00edv-\u00e9rz\u00e9kel\u00e9st ny\u00fajt, hogy megakad\u00e1lyozza az elektromos szikr\u00e1k keletkez\u00e9s\u00e9t, n\u00f6velve ezzel a rendszer biztons\u00e1g\u00e1t.<\/li>\n<li><strong>K\u00f6nny\u0171 Telep\u00edt\u00e9s:<\/strong> Az S440 k\u00f6nnyen telep\u00edthet\u0151 \u00e9s k\u00f6zvetlen\u00fcl csatlakozik a panel csatlakoz\u00f3doboz\u00e1hoz, egyszer\u0171s\u00edtve a telep\u00edt\u00e9si folyamatot.<\/li>\n<li><strong>Figyel\u0151platform:<\/strong> Az optimiz\u00e1l\u00f3 kommunik\u00e1l a SolarEdge inverterrel, amely egy figyel\u0151platformot biztos\u00edt a val\u00f3s idej\u0171 adatok \u00e9s teljes\u00edtm\u00e9ny-elemz\u00e9sek feldolgoz\u00e1s\u00e1hoz.<\/li>\n<li><strong>Hossz\u00fa T\u00e1v\u00fa Megb\u00edzhat\u00f3s\u00e1g:<\/strong> A SolarEdge S440 magas min\u0151s\u00e9g\u0171 anyagokb\u00f3l k\u00e9sz\u00fclt, amely biztos\u00edtja a megb\u00edzhat\u00f3s\u00e1got \u00e9s tart\u00f3ss\u00e1got a hossz\u00fa t\u00e1v\u00fa haszn\u00e1lat sor\u00e1n.<\/li>\n<\/ul>\n<p>A <strong>SolarEdge S440 optimiz\u00e1l\u00f3<\/strong> a napenergia-rendszerek teljes\u00edtm\u00e9ny\u00e9nek maxim\u00e1lis kihaszn\u00e1l\u00e1s\u00e1val biztos\u00edtja a legmagasabb energiahozamot \u00e9s biztons\u00e1got, seg\u00edtve ezzel a hat\u00e9konyabb \u00e9s gazdas\u00e1gosabb napenergia-haszn\u00e1latot.<\/p>\n","protected":false},"featured_media":512,"template":"","meta":[],"pwb-brand":[21],"product_brand":[],"product_cat":[39],"product_tag":[],"class_list":{"0":"post-511","1":"product","2":"type-product","3":"status-publish","4":"has-post-thumbnail","6":"pwb-brand-solaredge","7":"product_cat-optimalizalok","10":"first","11":"instock","12":"taxable","13":"shipping-taxable","14":"purchasable","15":"product-type-simple"},"brands":[{"id":21,"name":"SolarEdge","slug":"solaredge"}],"_links":{"self":[{"href":"https:\/\/webshop.direktenergy.eu\/hu\/wp-json\/wp\/v2\/product\/511","targetHints":{"allow":["GET"]}}],"collection":[{"href":"https:\/\/webshop.direktenergy.eu\/hu\/wp-json\/wp\/v2\/product"}],"about":[{"href":"https:\/\/webshop.direktenergy.eu\/hu\/wp-json\/wp\/v2\/types\/product"}],"wp:featuredmedia":[{"embeddable":true,"href":"https:\/\/webshop.direktenergy.eu\/hu\/wp-json\/wp\/v2\/media\/512"}],"wp:attachment":[{"href":"https:\/\/webshop.direktenergy.eu\/hu\/wp-json\/wp\/v2\/media?parent=511"}],"wp:term":[{"taxonomy":"pwb-brand","embeddable":true,"href":"https:\/\/webshop.direktenergy.eu\/hu\/wp-json\/wp\/v2\/pwb-brand?post=511"},{"taxonomy":"product_brand","embeddable":true,"href":"https:\/\/webshop.direktenergy.eu\/hu\/wp-json\/wp\/v2\/product_brand?post=511"},{"taxonomy":"product_cat","embeddable":true,"href":"https:\/\/webshop.direktenergy.eu\/hu\/wp-json\/wp\/v2\/product_cat?post=511"},{"taxonomy":"product_tag","embeddable":true,"href":"https:\/\/webshop.direktenergy.eu\/hu\/wp-json\/wp\/v2\/product_tag?post=511"}],"curies":[{"name":"wp","href":"https:\/\/api.w.org\/{rel}","templated":true}]}}