{"id":515,"date":"2024-07-30T13:47:10","date_gmt":"2024-07-30T11:47:10","guid":{"rendered":"https:\/\/webshop.direktenergy.eu\/?post_type=product&#038;p=515"},"modified":"2024-08-09T11:30:50","modified_gmt":"2024-08-09T09:30:50","slug":"ket-helyen-allithato-kampo-hullamos-cserephez","status":"publish","type":"product","link":"https:\/\/webshop.direktenergy.eu\/hu\/termek\/ket-helyen-allithato-kampo-hullamos-cserephez\/","title":{"rendered":"K\u00e9t helyen \u00e1ll\u00edthat\u00f3 kamp\u00f3 hull\u00e1mos cser\u00e9phez"},"content":{"rendered":"<p>Univerz\u00e1lis t\u00f6bb helyen \u00e1ll\u00edthat\u00f3 rozsdamentes, ac\u00e9l tet\u0151kamp\u00f3, mely kiv\u00e1l\u00f3 megold\u00e1st jelent a hat\u00e9kony \u00e9s stabil napelemes telep\u00edt\u00e9sre. A legt\u00f6bb cser\u00e9pt\u00edpushoz Magyarorsz\u00e1gon alkalmas. A piacon kaphat\u00f3 hasonl\u00f3 t\u00edpusokhoz k\u00e9pest nagyobb \u00e1ll\u00edt\u00e1si lehet\u0151s\u00e9ggel rendelkezik. Rozsdamentes ac\u00e9l alapanyag, hossz\u00fa \u00e9lettartam jellemzi.<\/p>\n","protected":false},"excerpt":{"rendered":"<p>Univerz\u00e1lis t\u00f6bb helyen \u00e1ll\u00edthat\u00f3 rozsdamentes, ac\u00e9l tet\u0151kamp\u00f3, mely kiv\u00e1l\u00f3 megold\u00e1st jelent a hat\u00e9kony \u00e9s stabil napelemes telep\u00edt\u00e9sre. A legt\u00f6bb cser\u00e9pt\u00edpushoz Magyarorsz\u00e1gon alkalmas. A piacon kaphat\u00f3 hasonl\u00f3 t\u00edpusokhoz k\u00e9pest nagyobb \u00e1ll\u00edt\u00e1si lehet\u0151s\u00e9ggel rendelkezik. Rozsdamentes ac\u00e9l alapanyag, hossz\u00fa \u00e9lettartam jellemzi.<\/p>\n","protected":false},"featured_media":598,"template":"","meta":[],"pwb-brand":[51],"product_brand":[],"product_cat":[38],"product_tag":[],"class_list":{"0":"post-515","1":"product","2":"type-product","3":"status-publish","4":"has-post-thumbnail","6":"pwb-brand-oem","7":"product_cat-tartoszerkezetek","10":"first","11":"instock","12":"taxable","13":"shipping-taxable","14":"purchasable","15":"product-type-simple"},"brands":[{"id":51,"name":"OEM","slug":"oem"}],"_links":{"self":[{"href":"https:\/\/webshop.direktenergy.eu\/hu\/wp-json\/wp\/v2\/product\/515","targetHints":{"allow":["GET"]}}],"collection":[{"href":"https:\/\/webshop.direktenergy.eu\/hu\/wp-json\/wp\/v2\/product"}],"about":[{"href":"https:\/\/webshop.direktenergy.eu\/hu\/wp-json\/wp\/v2\/types\/product"}],"wp:featuredmedia":[{"embeddable":true,"href":"https:\/\/webshop.direktenergy.eu\/hu\/wp-json\/wp\/v2\/media\/598"}],"wp:attachment":[{"href":"https:\/\/webshop.direktenergy.eu\/hu\/wp-json\/wp\/v2\/media?parent=515"}],"wp:term":[{"taxonomy":"pwb-brand","embeddable":true,"href":"https:\/\/webshop.direktenergy.eu\/hu\/wp-json\/wp\/v2\/pwb-brand?post=515"},{"taxonomy":"product_brand","embeddable":true,"href":"https:\/\/webshop.direktenergy.eu\/hu\/wp-json\/wp\/v2\/product_brand?post=515"},{"taxonomy":"product_cat","embeddable":true,"href":"https:\/\/webshop.direktenergy.eu\/hu\/wp-json\/wp\/v2\/product_cat?post=515"},{"taxonomy":"product_tag","embeddable":true,"href":"https:\/\/webshop.direktenergy.eu\/hu\/wp-json\/wp\/v2\/product_tag?post=515"}],"curies":[{"name":"wp","href":"https:\/\/api.w.org\/{rel}","templated":true}]}}