{"id":517,"date":"2024-07-30T13:48:17","date_gmt":"2024-07-30T11:48:17","guid":{"rendered":"https:\/\/webshop.direktenergy.eu\/?post_type=product&#038;p=517"},"modified":"2024-08-09T11:36:16","modified_gmt":"2024-08-09T09:36:16","slug":"tarto-korcolt-tetohoz","status":"publish","type":"product","link":"https:\/\/webshop.direktenergy.eu\/hu\/termek\/tarto-korcolt-tetohoz\/","title":{"rendered":"Tart\u00f3 korcolt tet\u0151h\u00f6z"},"content":{"rendered":"<p>Korcolt lemeztet\u0151k eset\u00e9n alkalmazzuk. Lemez korcokba kell beakasztani, \u00edgy tartj\u00e1k a kereszttart\u00f3 s\u00ednt.<\/p>\n","protected":false},"excerpt":{"rendered":"<p>Korcolt lemeztet\u0151k eset\u00e9n alkalmazzuk. Lemez korcokba kell beakasztani, \u00edgy tartj\u00e1k a kereszttart\u00f3 s\u00ednt.<\/p>\n","protected":false},"featured_media":672,"template":"","meta":[],"pwb-brand":[51],"product_brand":[],"product_cat":[38],"product_tag":[],"class_list":{"0":"post-517","1":"product","2":"type-product","3":"status-publish","4":"has-post-thumbnail","6":"pwb-brand-oem","7":"product_cat-tartoszerkezetek","10":"first","11":"instock","12":"taxable","13":"shipping-taxable","14":"purchasable","15":"product-type-simple"},"brands":[{"id":51,"name":"OEM","slug":"oem"}],"_links":{"self":[{"href":"https:\/\/webshop.direktenergy.eu\/hu\/wp-json\/wp\/v2\/product\/517","targetHints":{"allow":["GET"]}}],"collection":[{"href":"https:\/\/webshop.direktenergy.eu\/hu\/wp-json\/wp\/v2\/product"}],"about":[{"href":"https:\/\/webshop.direktenergy.eu\/hu\/wp-json\/wp\/v2\/types\/product"}],"wp:featuredmedia":[{"embeddable":true,"href":"https:\/\/webshop.direktenergy.eu\/hu\/wp-json\/wp\/v2\/media\/672"}],"wp:attachment":[{"href":"https:\/\/webshop.direktenergy.eu\/hu\/wp-json\/wp\/v2\/media?parent=517"}],"wp:term":[{"taxonomy":"pwb-brand","embeddable":true,"href":"https:\/\/webshop.direktenergy.eu\/hu\/wp-json\/wp\/v2\/pwb-brand?post=517"},{"taxonomy":"product_brand","embeddable":true,"href":"https:\/\/webshop.direktenergy.eu\/hu\/wp-json\/wp\/v2\/product_brand?post=517"},{"taxonomy":"product_cat","embeddable":true,"href":"https:\/\/webshop.direktenergy.eu\/hu\/wp-json\/wp\/v2\/product_cat?post=517"},{"taxonomy":"product_tag","embeddable":true,"href":"https:\/\/webshop.direktenergy.eu\/hu\/wp-json\/wp\/v2\/product_tag?post=517"}],"curies":[{"name":"wp","href":"https:\/\/api.w.org\/{rel}","templated":true}]}}