{"id":524,"date":"2024-07-30T14:10:26","date_gmt":"2024-07-30T12:10:26","guid":{"rendered":"https:\/\/webshop.direktenergy.eu\/?post_type=product&#038;p=524"},"modified":"2024-08-09T11:29:50","modified_gmt":"2024-08-09T09:29:50","slug":"csuszoanya","status":"publish","type":"product","link":"https:\/\/webshop.direktenergy.eu\/hu\/termek\/csuszoanya\/","title":{"rendered":"Cs\u00fasz\u00f3anya"},"content":{"rendered":"<p>Alum\u00ednium cs\u00fasz\u00f3anya, melyet az alum\u00ednium s\u00ednben k\u00f6z,-\u00a0 v\u00e9gcsavar, \u00e9s egy\u00e9b kieg\u00e9sz\u00edt\u0151k r\u00f6gz\u00edt\u00e9s\u00e9re lehet haszn\u00e1lni.<\/p>\n","protected":false},"excerpt":{"rendered":"<p>Alum\u00ednium cs\u00fasz\u00f3anya, melyet az alum\u00ednium s\u00ednben k\u00f6z,-\u00a0 v\u00e9gcsavar, \u00e9s egy\u00e9b kieg\u00e9sz\u00edt\u0151k r\u00f6gz\u00edt\u00e9s\u00e9re lehet haszn\u00e1lni.<\/p>\n","protected":false},"featured_media":525,"template":"","meta":[],"pwb-brand":[51],"product_brand":[],"product_cat":[38],"product_tag":[],"class_list":{"0":"post-524","1":"product","2":"type-product","3":"status-publish","4":"has-post-thumbnail","6":"pwb-brand-oem","7":"product_cat-tartoszerkezetek","10":"first","11":"instock","12":"taxable","13":"shipping-taxable","14":"purchasable","15":"product-type-simple"},"brands":[{"id":51,"name":"OEM","slug":"oem"}],"_links":{"self":[{"href":"https:\/\/webshop.direktenergy.eu\/hu\/wp-json\/wp\/v2\/product\/524","targetHints":{"allow":["GET"]}}],"collection":[{"href":"https:\/\/webshop.direktenergy.eu\/hu\/wp-json\/wp\/v2\/product"}],"about":[{"href":"https:\/\/webshop.direktenergy.eu\/hu\/wp-json\/wp\/v2\/types\/product"}],"wp:featuredmedia":[{"embeddable":true,"href":"https:\/\/webshop.direktenergy.eu\/hu\/wp-json\/wp\/v2\/media\/525"}],"wp:attachment":[{"href":"https:\/\/webshop.direktenergy.eu\/hu\/wp-json\/wp\/v2\/media?parent=524"}],"wp:term":[{"taxonomy":"pwb-brand","embeddable":true,"href":"https:\/\/webshop.direktenergy.eu\/hu\/wp-json\/wp\/v2\/pwb-brand?post=524"},{"taxonomy":"product_brand","embeddable":true,"href":"https:\/\/webshop.direktenergy.eu\/hu\/wp-json\/wp\/v2\/product_brand?post=524"},{"taxonomy":"product_cat","embeddable":true,"href":"https:\/\/webshop.direktenergy.eu\/hu\/wp-json\/wp\/v2\/product_cat?post=524"},{"taxonomy":"product_tag","embeddable":true,"href":"https:\/\/webshop.direktenergy.eu\/hu\/wp-json\/wp\/v2\/product_tag?post=524"}],"curies":[{"name":"wp","href":"https:\/\/api.w.org\/{rel}","templated":true}]}}