{"id":527,"date":"2024-07-30T14:11:18","date_gmt":"2024-07-30T12:11:18","guid":{"rendered":"https:\/\/webshop.direktenergy.eu\/?post_type=product&#038;p=527"},"modified":"2024-08-09T11:29:29","modified_gmt":"2024-08-09T09:29:29","slug":"aszokcsavar","status":"publish","type":"product","link":"https:\/\/webshop.direktenergy.eu\/hu\/termek\/aszokcsavar\/","title":{"rendered":"\u00c1szokcsavar"},"content":{"rendered":"<p>Az \u00e1szokcsavar szerepe napelemes rendszerekn\u00e9l, hogy a jellemz\u0151en fa szerkezet\u0171, hull\u00e1m, trap\u00e9z, pala fed\u00e9s\u0171 tet\u0151t\u00edpusn\u00e1l is r\u00f6gz\u00edteni lehessen a paneleket tart\u00f3 s\u00edneket a tet\u0151 szaruf\u00e1j\u00e1hoz. Az \u00e1szokcsavar gumi t\u00f6m\u00edt\u00e9ssel is rendelkezik, mellyel megel\u0151zhet\u0151 a tet\u0151 be\u00e1z\u00e1sa. Anyaga rozsdamentes ac\u00e9l, hossz\u00fa \u00e9lettartam\u00fa. M\u00e9rete: M10*250mm. Behajt\u00e1s: k\u00fcls\u0151 kulcsny\u00edl\u00e1s\u00fa, hatlap\u00fa fejkialak\u00edt\u00e1s. A s\u00ednek r\u00f6gz\u00edt\u00e9s\u00e9hez tart\u00f3 f\u00fcl sz\u00fcks\u00e9ges, mely k\u00fcl\u00f6n megv\u00e1s\u00e1rolhat\u00f3.<\/p>\n","protected":false},"excerpt":{"rendered":"<p>Az \u00e1szokcsavar szerepe napelemes rendszerekn\u00e9l, hogy a jellemz\u0151en fa szerkezet\u0171, hull\u00e1m, trap\u00e9z, pala fed\u00e9s\u0171 tet\u0151t\u00edpusn\u00e1l is r\u00f6gz\u00edteni lehessen a paneleket tart\u00f3 s\u00edneket a tet\u0151 szaruf\u00e1j\u00e1hoz. Az \u00e1szokcsavar gumi t\u00f6m\u00edt\u00e9ssel is rendelkezik, mellyel megel\u0151zhet\u0151 a tet\u0151 be\u00e1z\u00e1sa. Anyaga rozsdamentes ac\u00e9l, hossz\u00fa \u00e9lettartam\u00fa. M\u00e9rete: M10*250mm. Behajt\u00e1s: k\u00fcls\u0151 kulcsny\u00edl\u00e1s\u00fa, hatlap\u00fa fejkialak\u00edt\u00e1s. A s\u00ednek r\u00f6gz\u00edt\u00e9s\u00e9hez tart\u00f3 f\u00fcl sz\u00fcks\u00e9ges, mely k\u00fcl\u00f6n megv\u00e1s\u00e1rolhat\u00f3.<\/p>\n","protected":false},"featured_media":597,"template":"","meta":[],"pwb-brand":[51],"product_brand":[],"product_cat":[38],"product_tag":[],"class_list":{"0":"post-527","1":"product","2":"type-product","3":"status-publish","4":"has-post-thumbnail","6":"pwb-brand-oem","7":"product_cat-tartoszerkezetek","10":"first","11":"instock","12":"taxable","13":"shipping-taxable","14":"purchasable","15":"product-type-simple"},"brands":[{"id":51,"name":"OEM","slug":"oem"}],"_links":{"self":[{"href":"https:\/\/webshop.direktenergy.eu\/hu\/wp-json\/wp\/v2\/product\/527","targetHints":{"allow":["GET"]}}],"collection":[{"href":"https:\/\/webshop.direktenergy.eu\/hu\/wp-json\/wp\/v2\/product"}],"about":[{"href":"https:\/\/webshop.direktenergy.eu\/hu\/wp-json\/wp\/v2\/types\/product"}],"wp:featuredmedia":[{"embeddable":true,"href":"https:\/\/webshop.direktenergy.eu\/hu\/wp-json\/wp\/v2\/media\/597"}],"wp:attachment":[{"href":"https:\/\/webshop.direktenergy.eu\/hu\/wp-json\/wp\/v2\/media?parent=527"}],"wp:term":[{"taxonomy":"pwb-brand","embeddable":true,"href":"https:\/\/webshop.direktenergy.eu\/hu\/wp-json\/wp\/v2\/pwb-brand?post=527"},{"taxonomy":"product_brand","embeddable":true,"href":"https:\/\/webshop.direktenergy.eu\/hu\/wp-json\/wp\/v2\/product_brand?post=527"},{"taxonomy":"product_cat","embeddable":true,"href":"https:\/\/webshop.direktenergy.eu\/hu\/wp-json\/wp\/v2\/product_cat?post=527"},{"taxonomy":"product_tag","embeddable":true,"href":"https:\/\/webshop.direktenergy.eu\/hu\/wp-json\/wp\/v2\/product_tag?post=527"}],"curies":[{"name":"wp","href":"https:\/\/api.w.org\/{rel}","templated":true}]}}