{"id":530,"date":"2024-07-30T14:16:49","date_gmt":"2024-07-30T12:16:49","guid":{"rendered":"https:\/\/webshop.direktenergy.eu\/?post_type=product&#038;p=530"},"modified":"2025-07-29T15:17:04","modified_gmt":"2025-07-29T13:17:04","slug":"onperemezo-csavar","status":"publish","type":"product","link":"https:\/\/webshop.direktenergy.eu\/hu\/termek\/onperemezo-csavar\/","title":{"rendered":"Bi-met\u00e1l hatlapfej\u0171 \u00f6nf\u00far\u00f3 lemezcsavar"},"content":{"rendered":"<ul>\n<li>anyaga: bi-met\u00e1l rozsdamentes ac\u00e9l (A2) test \u00e9s edzett ac\u00e9l f\u00far\u00f3hegy<\/li>\n<li>m\u00e9ret: 6.0 x 25 mm<\/li>\n<li>behajt\u00e1s: k\u00fcls\u0151 kulcsny\u00edl\u00e1s\u00fa, hatlap\u00fa fejkialak\u00edt\u00e1s<\/li>\n<li>EPDM al\u00e1t\u00e9ttel<\/li>\n<\/ul>\n<div>Haszn\u00e1lata sor\u00e1n nem sz\u00fcks\u00e9ges a lemezeket \u00e9s <a href=\"https:\/\/solfix.hu\/miniM40\">profilokat<\/a> el\u0151f\u00farni, menetkialak\u00edt\u00e1s \u00e9s r\u00f6gz\u00edt\u00e9s egy l\u00e9p\u00e9sben,\u00a0 az edzett hegy forg\u00e1cslev\u00e1laszt\u00e1s n\u00e9lk\u00fcl alak\u00edtja ki a menetet a lemezben, amibe a rozsdamentes csavartest k\u00f6nnyed\u00e9n \u00e9s feszesen r\u00f6gz\u00fcl.<\/div>\n","protected":false},"excerpt":{"rendered":"<h1 class=\"font-display text-3xl mt-4 lg:mt-4 lg:text-3xl\">Bi-met\u00e1l hatlapfej\u0171 \u00f6nf\u00far\u00f3 lemezcsavar, 6,0 \u00d7 25mm (A2 rozsdamentes)<\/h1>\n<div class=\"mt-8 lg:mt-16 tracking-normal text-gray-600\"><\/div>\n","protected":false},"featured_media":599,"template":"","meta":[],"pwb-brand":[51],"product_brand":[],"product_cat":[38],"product_tag":[],"class_list":{"0":"post-530","1":"product","2":"type-product","3":"status-publish","4":"has-post-thumbnail","6":"pwb-brand-oem","7":"product_cat-tartoszerkezetek","10":"first","11":"instock","12":"taxable","13":"shipping-taxable","14":"purchasable","15":"product-type-simple"},"brands":[{"id":51,"name":"OEM","slug":"oem"}],"_links":{"self":[{"href":"https:\/\/webshop.direktenergy.eu\/hu\/wp-json\/wp\/v2\/product\/530","targetHints":{"allow":["GET"]}}],"collection":[{"href":"https:\/\/webshop.direktenergy.eu\/hu\/wp-json\/wp\/v2\/product"}],"about":[{"href":"https:\/\/webshop.direktenergy.eu\/hu\/wp-json\/wp\/v2\/types\/product"}],"wp:featuredmedia":[{"embeddable":true,"href":"https:\/\/webshop.direktenergy.eu\/hu\/wp-json\/wp\/v2\/media\/599"}],"wp:attachment":[{"href":"https:\/\/webshop.direktenergy.eu\/hu\/wp-json\/wp\/v2\/media?parent=530"}],"wp:term":[{"taxonomy":"pwb-brand","embeddable":true,"href":"https:\/\/webshop.direktenergy.eu\/hu\/wp-json\/wp\/v2\/pwb-brand?post=530"},{"taxonomy":"product_brand","embeddable":true,"href":"https:\/\/webshop.direktenergy.eu\/hu\/wp-json\/wp\/v2\/product_brand?post=530"},{"taxonomy":"product_cat","embeddable":true,"href":"https:\/\/webshop.direktenergy.eu\/hu\/wp-json\/wp\/v2\/product_cat?post=530"},{"taxonomy":"product_tag","embeddable":true,"href":"https:\/\/webshop.direktenergy.eu\/hu\/wp-json\/wp\/v2\/product_tag?post=530"}],"curies":[{"name":"wp","href":"https:\/\/api.w.org\/{rel}","templated":true}]}}