{"id":537,"date":"2024-08-01T10:03:30","date_gmt":"2024-08-01T08:03:30","guid":{"rendered":"https:\/\/webshop.direktenergy.eu\/?post_type=product&#038;p=537"},"modified":"2024-08-08T15:05:40","modified_gmt":"2024-08-08T13:05:40","slug":"negypolusu-kismegszakito-16a","status":"publish","type":"product","link":"https:\/\/webshop.direktenergy.eu\/hu\/termek\/negypolusu-kismegszakito-16a\/","title":{"rendered":"N\u00e9gyp\u00f3lus\u00fa kismegszak\u00edt\u00f3 16A"},"content":{"rendered":"<p>ETIMAT6 C16A 3p+N 6kA kismegszak\u00edt\u00f3, 4 modul<\/p>\n","protected":false},"excerpt":{"rendered":"<p>ETIMAT6 C16A 3p+N 6kA kismegszak\u00edt\u00f3, 4 modul<\/p>\n","protected":false},"featured_media":625,"template":"","meta":[],"pwb-brand":[],"product_brand":[],"product_cat":[81],"product_tag":[],"class_list":{"0":"post-537","1":"product","2":"type-product","3":"status-publish","4":"has-post-thumbnail","6":"product_cat-kismegszakitok","9":"first","10":"instock","11":"taxable","12":"shipping-taxable","13":"purchasable","14":"product-type-simple"},"brands":[],"_links":{"self":[{"href":"https:\/\/webshop.direktenergy.eu\/hu\/wp-json\/wp\/v2\/product\/537","targetHints":{"allow":["GET"]}}],"collection":[{"href":"https:\/\/webshop.direktenergy.eu\/hu\/wp-json\/wp\/v2\/product"}],"about":[{"href":"https:\/\/webshop.direktenergy.eu\/hu\/wp-json\/wp\/v2\/types\/product"}],"wp:featuredmedia":[{"embeddable":true,"href":"https:\/\/webshop.direktenergy.eu\/hu\/wp-json\/wp\/v2\/media\/625"}],"wp:attachment":[{"href":"https:\/\/webshop.direktenergy.eu\/hu\/wp-json\/wp\/v2\/media?parent=537"}],"wp:term":[{"taxonomy":"pwb-brand","embeddable":true,"href":"https:\/\/webshop.direktenergy.eu\/hu\/wp-json\/wp\/v2\/pwb-brand?post=537"},{"taxonomy":"product_brand","embeddable":true,"href":"https:\/\/webshop.direktenergy.eu\/hu\/wp-json\/wp\/v2\/product_brand?post=537"},{"taxonomy":"product_cat","embeddable":true,"href":"https:\/\/webshop.direktenergy.eu\/hu\/wp-json\/wp\/v2\/product_cat?post=537"},{"taxonomy":"product_tag","embeddable":true,"href":"https:\/\/webshop.direktenergy.eu\/hu\/wp-json\/wp\/v2\/product_tag?post=537"}],"curies":[{"name":"wp","href":"https:\/\/api.w.org\/{rel}","templated":true}]}}