{"id":540,"date":"2024-08-01T10:27:26","date_gmt":"2024-08-01T08:27:26","guid":{"rendered":"https:\/\/webshop.direktenergy.eu\/?post_type=product&#038;p=540"},"modified":"2024-08-08T15:32:29","modified_gmt":"2024-08-08T13:32:29","slug":"etitec-m-t2-tulfeszultseg-levezeto","status":"publish","type":"product","link":"https:\/\/webshop.direktenergy.eu\/hu\/termek\/etitec-m-t2-tulfeszultseg-levezeto\/","title":{"rendered":"T2 t\u00falfesz\u00fclts\u00e9g-levezet\u0151 DC"},"content":{"rendered":"<p>ETITEC M T2 PV egyen\u00e1ram\u00fa t\u00falfesz\u00fclts\u00e9g-levezet\u0151 1100\/20 Y 2 C t\u00edpus PV-rendszerekhez 002440515 ETI<\/p>\n<p>Specifik\u00e1ci\u00f3<\/p>\n<ul>\n<li>Szint: <strong>PV<\/strong> t\u00falfesz\u00fclts\u00e9g-levezet\u0151k<\/li>\n<li>Funkci\u00f3: <strong>t\u00falfesz\u00fclts\u00e9g-levezet\u0151k<\/strong><\/li>\n<li>T\u00edpus: <strong>T2<\/strong><\/li>\n<li>P\u00f3lusok sz\u00e1ma: <strong>3<\/strong><\/li>\n<li>IEC\/VDE alkalmaz\u00e1s: <strong>II\/C<\/strong><\/li>\n<li>Imax(8\/20) (kA): <strong>40<\/strong><\/li>\n<li>Hossz\u00fa t\u00e1v\u00fa \u00fczemi fesz\u00fclts\u00e9g Uc (V): <strong>1100<\/strong><\/li>\n<li>RC: <strong>nincs<\/strong><\/li>\n<li>Szerel\u00e9s:<strong> DIN s\u00edn TH-35mm<\/strong><\/li>\n<\/ul>\n","protected":false},"excerpt":{"rendered":"<p>ETITEC M T2 PV egyen\u00e1ram\u00fa t\u00falfesz\u00fclts\u00e9g-levezet\u0151 1100\/20 Y 2 C t\u00edpus PV-rendszerekhez 002440515 ETI<\/p>\n<p>&nbsp;<\/p>\n","protected":false},"featured_media":647,"template":"","meta":[],"pwb-brand":[],"product_brand":[],"product_cat":[83],"product_tag":[],"class_list":{"0":"post-540","1":"product","2":"type-product","3":"status-publish","4":"has-post-thumbnail","6":"product_cat-dc-tulfeszultseg-vedelem","9":"first","10":"instock","11":"taxable","12":"shipping-taxable","13":"purchasable","14":"product-type-simple"},"brands":[],"_links":{"self":[{"href":"https:\/\/webshop.direktenergy.eu\/hu\/wp-json\/wp\/v2\/product\/540","targetHints":{"allow":["GET"]}}],"collection":[{"href":"https:\/\/webshop.direktenergy.eu\/hu\/wp-json\/wp\/v2\/product"}],"about":[{"href":"https:\/\/webshop.direktenergy.eu\/hu\/wp-json\/wp\/v2\/types\/product"}],"wp:featuredmedia":[{"embeddable":true,"href":"https:\/\/webshop.direktenergy.eu\/hu\/wp-json\/wp\/v2\/media\/647"}],"wp:attachment":[{"href":"https:\/\/webshop.direktenergy.eu\/hu\/wp-json\/wp\/v2\/media?parent=540"}],"wp:term":[{"taxonomy":"pwb-brand","embeddable":true,"href":"https:\/\/webshop.direktenergy.eu\/hu\/wp-json\/wp\/v2\/pwb-brand?post=540"},{"taxonomy":"product_brand","embeddable":true,"href":"https:\/\/webshop.direktenergy.eu\/hu\/wp-json\/wp\/v2\/product_brand?post=540"},{"taxonomy":"product_cat","embeddable":true,"href":"https:\/\/webshop.direktenergy.eu\/hu\/wp-json\/wp\/v2\/product_cat?post=540"},{"taxonomy":"product_tag","embeddable":true,"href":"https:\/\/webshop.direktenergy.eu\/hu\/wp-json\/wp\/v2\/product_tag?post=540"}],"curies":[{"name":"wp","href":"https:\/\/api.w.org\/{rel}","templated":true}]}}