{"id":542,"date":"2024-08-01T11:01:30","date_gmt":"2024-08-01T09:01:30","guid":{"rendered":"https:\/\/webshop.direktenergy.eu\/?post_type=product&#038;p=542"},"modified":"2024-08-08T15:45:46","modified_gmt":"2024-08-08T13:45:46","slug":"eti-lakaseloszto-doboz","status":"publish","type":"product","link":"https:\/\/webshop.direktenergy.eu\/hu\/termek\/eti-lakaseloszto-doboz\/","title":{"rendered":"V\u00edzmentes eloszt\u00f3 doboz, falon k\u00edv\u00fcli, 8\u00a0modul 1000V IP65 ETI"},"content":{"rendered":"<p>V\u00edzmentes eloszt\u00f3 doboz, falon k\u00edv\u00fcli, 8\u00a0modul 1000V IP65 ETI<\/p>\n","protected":false},"excerpt":{"rendered":"<p>V\u00edzmentes eloszt\u00f3 doboz, falon k\u00edv\u00fcli, 8\u00a0modul 1000V IP65 ETI<\/p>\n","protected":false},"featured_media":649,"template":"","meta":[],"pwb-brand":[46],"product_brand":[],"product_cat":[84],"product_tag":[],"class_list":{"0":"post-542","1":"product","2":"type-product","3":"status-publish","4":"has-post-thumbnail","6":"pwb-brand-eti","7":"product_cat-dobozok","10":"first","11":"instock","12":"taxable","13":"shipping-taxable","14":"purchasable","15":"product-type-simple"},"brands":[{"id":46,"name":"ETI","slug":"eti"}],"_links":{"self":[{"href":"https:\/\/webshop.direktenergy.eu\/hu\/wp-json\/wp\/v2\/product\/542","targetHints":{"allow":["GET"]}}],"collection":[{"href":"https:\/\/webshop.direktenergy.eu\/hu\/wp-json\/wp\/v2\/product"}],"about":[{"href":"https:\/\/webshop.direktenergy.eu\/hu\/wp-json\/wp\/v2\/types\/product"}],"wp:featuredmedia":[{"embeddable":true,"href":"https:\/\/webshop.direktenergy.eu\/hu\/wp-json\/wp\/v2\/media\/649"}],"wp:attachment":[{"href":"https:\/\/webshop.direktenergy.eu\/hu\/wp-json\/wp\/v2\/media?parent=542"}],"wp:term":[{"taxonomy":"pwb-brand","embeddable":true,"href":"https:\/\/webshop.direktenergy.eu\/hu\/wp-json\/wp\/v2\/pwb-brand?post=542"},{"taxonomy":"product_brand","embeddable":true,"href":"https:\/\/webshop.direktenergy.eu\/hu\/wp-json\/wp\/v2\/product_brand?post=542"},{"taxonomy":"product_cat","embeddable":true,"href":"https:\/\/webshop.direktenergy.eu\/hu\/wp-json\/wp\/v2\/product_cat?post=542"},{"taxonomy":"product_tag","embeddable":true,"href":"https:\/\/webshop.direktenergy.eu\/hu\/wp-json\/wp\/v2\/product_tag?post=542"}],"curies":[{"name":"wp","href":"https:\/\/api.w.org\/{rel}","templated":true}]}}