{"id":584,"date":"2024-08-07T15:08:55","date_gmt":"2024-08-07T13:08:55","guid":{"rendered":"https:\/\/webshop.direktenergy.eu\/?post_type=product&#038;p=584"},"modified":"2025-07-17T15:10:22","modified_gmt":"2025-07-17T13:10:22","slug":"deye-se-g5-1-pro-b-akkumulator-512-kwh","status":"publish","type":"product","link":"https:\/\/webshop.direktenergy.eu\/hu\/termek\/deye-se-g5-1-pro-b-akkumulator-512-kwh\/","title":{"rendered":"Deye SE-G5.1 Pro-B akkumul\u00e1tor 5,12 kWh"},"content":{"rendered":"<p><strong>Deye SE-G5.1 Pro-B akkumul\u00e1tor: Otthoni Akkumul\u00e1tort\u00e1rol\u00f3 Rendszer<\/strong><\/p>\n<ol>\n<li><strong>Biztons\u00e1goss\u00e1g:<\/strong>\n<ul>\n<li>Kobaltmentes l\u00edtium-vasfoszf\u00e1t (LFP) akkumul\u00e1tor biztons\u00e1gos \u00e9s hossz\u00fa \u00e9lettartam\u00fa.<\/li>\n<li>Intelligens BMS teljes v\u00e9delmet ny\u00fajt.<\/li>\n<\/ul>\n<\/li>\n<li><strong>Megb\u00edzhat\u00f3s\u00e1g:<\/strong>\n<ul>\n<li>T\u00e1mogatja a nagy kis\u00fcl\u00e9si teljes\u00edtm\u00e9nyt.<\/li>\n<li>IP20 min\u0151s\u00edt\u00e9s, term\u00e9szetes h\u0171t\u00e9s, sz\u00e9les h\u0151m\u00e9rs\u00e9kleti tartom\u00e1ny: -20\u00b0C-t\u00f3l 55\u00b0C-ig.<\/li>\n<\/ul>\n<\/li>\n<li><strong>Rugalmas fel\u00e9p\u00edt\u00e9s:<\/strong>\n<ul>\n<li>Modul\u00e1ris fel\u00e9p\u00edt\u00e9s, k\u00f6nnyen b\u0151v\u00edthet\u0151.<\/li>\n<li>Max. 64 egys\u00e9g p\u00e1rhuzamosan csatlakoztathat\u00f3, maxim\u00e1lis teljes\u00edtm\u00e9ny 327\u00a0kWh.<\/li>\n<\/ul>\n<\/li>\n<li><strong>Alkalmaz\u00e1sokhoz val\u00f3 alkalmass\u00e1g:<\/strong>\n<ul>\n<li>Lakoss\u00e1gi \u00e9s kereskedelmi alkalmaz\u00e1sokhoz tervezve.<\/li>\n<li>\u00d6nfogyaszt\u00e1si ar\u00e1ny n\u00f6vel\u00e9se.<\/li>\n<\/ul>\n<\/li>\n<li><strong>K\u00e9nyelem:<\/strong>\n<ul>\n<li>Automatikus h\u00e1l\u00f3zatkezel\u00e9s az akkumul\u00e1tormodulon.<\/li>\n<li>Egyszer\u0171 karbantart\u00e1s \u00e9s t\u00e1vfel\u00fcgyelet.<\/li>\n<li>USB-meghajt\u00f3 firmware-friss\u00edt\u00e9s t\u00e1mogat\u00e1sa.<\/li>\n<\/ul>\n<\/li>\n<li><strong>K\u00f6rnyezetbar\u00e1t:<\/strong>\n<ul>\n<li>K\u00f6rnyezetv\u00e9delmi anyagok felhaszn\u00e1l\u00e1sa.<\/li>\n<li>Nem m\u00e9rgez\u0151 \u00e9s szennyez\u0151d\u00e9smentes kialak\u00edt\u00e1s.<\/li>\n<\/ul>\n<\/li>\n<li><strong>Egyszer\u0171 szerel\u00e9si m\u00f3d:<\/strong>\n<ul>\n<li>\u00c1llv\u00e1nyra, falra \u00e9s padl\u00f3ra szerelhet\u0151.<\/li>\n<li>Helytakar\u00e9kos telep\u00edt\u00e9s.<\/li>\n<\/ul>\n<\/li>\n<\/ol>\n<p>Az SE-G5.1 Pro-B otthoni akkumul\u00e1tort\u00e1rol\u00f3 rendszerek kiv\u00e1l\u00f3 biztons\u00e1got, megb\u00edzhat\u00f3s\u00e1got \u00e9s rugalmass\u00e1got k\u00edn\u00e1lnak mind lakoss\u00e1gi, mind kereskedelmi k\u00f6rnyezetben. A k\u00f6rnyezetbar\u00e1t anyagok felhaszn\u00e1l\u00e1sa \u00e9s a kompatibilis integr\u00e1ci\u00f3 m\u00e1s Deye term\u00e9kekkel tov\u00e1bbi el\u0151ny\u00f6ket ny\u00fajt az \u00fcgyfeleknek.<\/p>\n","protected":false},"excerpt":{"rendered":"<p>A Deye SE-G5.1 Pro-B otthoni akkumul\u00e1tort\u00e1rol\u00f3 rendszer kobaltmentes l\u00edtium-vasfoszf\u00e1t (LFP) technol\u00f3gi\u00e1val biztos\u00edtja a biztons\u00e1got \u00e9s hossz\u00fa \u00e9lettartamot. Az intelligens BMS rendszer teljes v\u00e9delmet ny\u00fajt, \u00e9s a megb\u00edzhat\u00f3s\u00e1got a nagy kis\u00fcl\u00e9si teljes\u00edtm\u00e9ny, valamint az IP20 min\u0151s\u00edt\u00e9s \u00e9s a term\u00e9szetes h\u0171t\u00e9s garant\u00e1lja. A modul\u00e1ris fel\u00e9p\u00edt\u00e9snek k\u00f6sz\u00f6nhet\u0151en a rendszer k\u00f6nnyen b\u0151v\u00edthet\u0151, ak\u00e1r 64 egys\u00e9g is p\u00e1rhuzamosan csatlakoztathat\u00f3, el\u00e9rve a 327 kWh maxim\u00e1lis teljes\u00edtm\u00e9nyt. Ide\u00e1lis lakoss\u00e1gi \u00e9s kereskedelmi alkalmaz\u00e1sokhoz, n\u00f6velve az \u00f6nfogyaszt\u00e1si ar\u00e1nyt. Az akkumul\u00e1tor k\u00e9nyelmes, automatikus h\u00e1l\u00f3zatkezel\u00e9st, egyszer\u0171 karbantart\u00e1st \u00e9s t\u00e1vfel\u00fcgyeletet biztos\u00edt, USB-meghajt\u00f3 firmware-friss\u00edt\u00e9si t\u00e1mogat\u00e1ssal. K\u00f6rnyezetbar\u00e1t anyagokb\u00f3l k\u00e9sz\u00fclt, nem m\u00e9rgez\u0151 \u00e9s szennyez\u0151d\u00e9smentes. Az egyszer\u0171 szerel\u00e9si m\u00f3d lehet\u0151v\u00e9 teszi az \u00e1llv\u00e1nyra, falra \u00e9s padl\u00f3ra szerel\u00e9st, helytakar\u00e9kos telep\u00edt\u00e9st biztos\u00edtva.<\/p>\n","protected":false},"featured_media":586,"template":"","meta":[],"pwb-brand":[80],"product_brand":[],"product_cat":[43],"product_tag":[],"class_list":{"0":"post-584","1":"product","2":"type-product","3":"status-publish","4":"has-post-thumbnail","6":"pwb-brand-deye","7":"product_cat-energiatarolok","10":"first","11":"instock","12":"taxable","13":"shipping-taxable","14":"purchasable","15":"product-type-simple"},"brands":[{"id":80,"name":"Deye","slug":"deye"}],"_links":{"self":[{"href":"https:\/\/webshop.direktenergy.eu\/hu\/wp-json\/wp\/v2\/product\/584","targetHints":{"allow":["GET"]}}],"collection":[{"href":"https:\/\/webshop.direktenergy.eu\/hu\/wp-json\/wp\/v2\/product"}],"about":[{"href":"https:\/\/webshop.direktenergy.eu\/hu\/wp-json\/wp\/v2\/types\/product"}],"wp:featuredmedia":[{"embeddable":true,"href":"https:\/\/webshop.direktenergy.eu\/hu\/wp-json\/wp\/v2\/media\/586"}],"wp:attachment":[{"href":"https:\/\/webshop.direktenergy.eu\/hu\/wp-json\/wp\/v2\/media?parent=584"}],"wp:term":[{"taxonomy":"pwb-brand","embeddable":true,"href":"https:\/\/webshop.direktenergy.eu\/hu\/wp-json\/wp\/v2\/pwb-brand?post=584"},{"taxonomy":"product_brand","embeddable":true,"href":"https:\/\/webshop.direktenergy.eu\/hu\/wp-json\/wp\/v2\/product_brand?post=584"},{"taxonomy":"product_cat","embeddable":true,"href":"https:\/\/webshop.direktenergy.eu\/hu\/wp-json\/wp\/v2\/product_cat?post=584"},{"taxonomy":"product_tag","embeddable":true,"href":"https:\/\/webshop.direktenergy.eu\/hu\/wp-json\/wp\/v2\/product_tag?post=584"}],"curies":[{"name":"wp","href":"https:\/\/api.w.org\/{rel}","templated":true}]}}