{"id":585,"date":"2024-08-07T15:05:25","date_gmt":"2024-08-07T13:05:25","guid":{"rendered":"https:\/\/webshop.direktenergy.eu\/?post_type=product&#038;p=585"},"modified":"2026-03-25T12:32:46","modified_gmt":"2026-03-25T11:32:46","slug":"plugy-app-11","status":"publish","type":"product","link":"https:\/\/webshop.direktenergy.eu\/hu\/termek\/plugy-app-11\/","title":{"rendered":"PLUGY BN 30 11 KW aut\u00f3t\u00f6lt\u0151 appos v\u00e1ltozat"},"content":{"rendered":"<div class=\"woocommerce-product-details__short-description\">\n<p>Elektromos aut\u00f3 fali t\u00f6lt\u0151 Type2-es csatlakoz\u00f3val \u00e9s 5 m k\u00e1bellel<\/p>\n<p>V\u00e9dje elektromos aut\u00f3j\u00e1t t\u00f6lt\u00e9s k\u00f6zben!<\/p>\n<p>Ide\u00e1lis v\u00e1laszt\u00e1s b\u00e1rmely elektromos vagy plug-in hibrid aut\u00f3hoz 11 kW t\u00f6lt\u00e9si teljes\u00edtm\u00e9nyig. Az EU-ban \u00e9rv\u00e9nyes IEC szabv\u00e1ny szerint kompatibilis az \u00f6sszes Type2-es t\u00edpus\u00fa eletromos j\u00e1rm\u0171vel.<\/p>\n<p>Az aut\u00f3 csatlakoztat\u00e1s\u00e1t k\u00f6vet\u0151en automatikusan indul a t\u00f6lt\u00e9s.<\/p>\n<p>Mobilalkalmaz\u00e1s seg\u00edts\u00e9g\u00e9vel lehet \u00e1ll\u00edtani a t\u00f6lt\u0151 teljes\u00edtm\u00e9ny\u00e9t 6A &#8211; 16A k\u00f6z\u00f6tt Amperenk\u00e9nt, le\u00e1ll\u00edtani vagy ind\u00edtani a t\u00f6lt\u00e9si folyamatot ,id\u0151z\u00edteni a t\u00f6lt\u00e9st valamint t\u00f6lt\u00e9si el\u0151zm\u00e9nyeket n\u00e9zhetj\u00fck meg. (\u00cdgy k\u00e9nyelmesen ak\u00e1r a kanap\u00e9n \u00fclve, otthon\u00e1b\u00f3l k\u00f6nnyed\u00e9n tudja szab\u00e1lyozni a t\u00f6lt\u00e9si teljes\u00edtm\u00e9nyt, annak f\u00fcggv\u00e9ny\u00e9ben, hogy egy\u00e9b elektromos fogyaszt\u00f3i mellett mekkora teljes\u00edtm\u00e9ny \u00e1ll rendelkez\u00e9s\u00e9re.)<\/p>\n<p>App let\u00f6lthet\u0151 az AppStore-b\u00f3l vagy a Play \u00e1ruh\u00e1zb\u00f3l.<\/p>\n<p>A t\u00f6lt\u00e9sek ut\u00e1n ki\u00edrja a felvett kWh-t \u00e9s a t\u00f6lt\u00e9si id\u0151t, illetve \u00e9rtes\u00edt\u00e9st k\u00fcld a t\u00f6lt\u00e9s befejez\u00e9s\u00e9r\u0151l.<\/p>\n<p>6mA marad\u00e9k\u00e1ram v\u00e9delem<\/p>\n<\/div>\n<p>A dobozban egy 11 kW-os Type2-es EV t\u00f6lt\u0151t, 5m hossz\u00fa t\u00f6lt\u0151k\u00e1bellel, k\u00e1beltart\u00f3 kamp\u00f3t, szerel\u00e9si tartoz\u00e9kokat tal\u00e1l.<\/p>\n<p>Diz\u00e1jnos, letisztult formaterve exkluz\u00edv megjelen\u00e9st biztos\u00edt a fali t\u00f6lt\u0151nek.<\/p>\n<p>IP66 v\u00e9delmi oszt\u00e1ly\u00fa, \u00edgy k\u00fcl- \u00e9s belt\u00e9ren is egyar\u00e1nt felszerelhet\u0151 \u00e9s haszn\u00e1lhat\u00f3.<\/p>\n","protected":false},"excerpt":{"rendered":"<p><strong>Elektromos Aut\u00f3 Fali T\u00f6lt\u0151 Type2 Csatlakoz\u00f3val \u00e9s 5 m K\u00e1bellel<\/strong><\/p>\n<p>V\u00e9dje elektromos aut\u00f3j\u00e1t t\u00f6lt\u00e9s k\u00f6zben!<\/p>\n<p>A vil\u00e1g vezet\u0151 BESEN t\u00f6lt\u0151gy\u00e1rt\u00f3j\u00e1nak term\u00e9ke, amelyet c\u00e9g\u00fcnk egyedi ig\u00e9nyeihez igaz\u00edtva k\u00e9sz\u00edtettek el.<\/p>\n<p>Ez az elektromos aut\u00f3 fali t\u00f6lt\u0151 ide\u00e1lis megold\u00e1s minden elektromos \u00e9s plug-in hibrid aut\u00f3 sz\u00e1m\u00e1ra, ak\u00e1r 11 kW t\u00f6lt\u00e9si teljes\u00edtm\u00e9nyig. Az eszk\u00f6z megfelel az EU-ban \u00e9rv\u00e9nyes IEC szabv\u00e1nyoknak, \u00e9s teljes m\u00e9rt\u00e9kben kompatibilis az \u00f6sszes Type2-es t\u00edpus\u00fa elektromos j\u00e1rm\u0171vel.<\/p>\n<p><strong>Jellemz\u0151k:<\/strong><\/p>\n<ul>\n<li><strong>Automatikus T\u00f6lt\u00e9sind\u00edt\u00e1s:<\/strong> Az aut\u00f3 csatlakoztat\u00e1s\u00e1t k\u00f6vet\u0151en a t\u00f6lt\u00e9s automatikusan elindul, \u00edgy egyszer\u0171 \u00e9s k\u00e9nyelmes a haszn\u00e1lat.<\/li>\n<li><strong>Mobilalkalmaz\u00e1s:<\/strong> A mobilalkalmaz\u00e1s seg\u00edts\u00e9g\u00e9vel k\u00f6nnyed\u00e9n \u00e1ll\u00edthat\u00f3 a t\u00f6lt\u00e9si teljes\u00edtm\u00e9ny 6A \u00e9s 16A k\u00f6z\u00f6tt, le\u00e1ll\u00edthat\u00f3 vagy elind\u00edthat\u00f3 a t\u00f6lt\u00e9si folyamat, id\u0151z\u00edthet\u0151 a t\u00f6lt\u00e9s, \u00e9s megtekinthet\u0151k a t\u00f6lt\u00e9si el\u0151zm\u00e9nyek. Az alkalmaz\u00e1s let\u00f6lthet\u0151 az App Store-b\u00f3l \u00e9s a Google Play \u00c1ruh\u00e1zb\u00f3l.<\/li>\n<li><strong>T\u00f6lt\u00e9si \u00c9rtes\u00edt\u00e9sek:<\/strong> A t\u00f6lt\u0151 ki\u00edrja a felvett kWh-t \u00e9s a t\u00f6lt\u00e9si id\u0151t, valamint \u00e9rtes\u00edt\u00e9st k\u00fcld a t\u00f6lt\u00e9s befejez\u00e9s\u00e9r\u0151l, \u00edgy mindig naprak\u00e9sz lehet a t\u00f6lt\u00e9si folyamattal kapcsolatban.<\/li>\n<li><strong>Biztons\u00e1g:<\/strong> A be\u00e9p\u00edtett 6mA marad\u00e9k\u00e1ram v\u00e9delem garant\u00e1lja a biztons\u00e1gos t\u00f6lt\u00e9st minden k\u00f6r\u00fclm\u00e9ny k\u00f6z\u00f6tt.<\/li>\n<li><strong>Kieg\u00e9sz\u00edt\u0151k:<\/strong> A csomag tartalmaz egy 11 kW-os Type2-es EV t\u00f6lt\u0151t 5 m hossz\u00fa t\u00f6lt\u0151k\u00e1bellel, k\u00e1beltart\u00f3 kamp\u00f3val \u00e9s szerel\u00e9si tartoz\u00e9kokkal.<\/li>\n<li><strong>Exkluz\u00edv Diz\u00e1jn:<\/strong> Letisztult \u00e9s eleg\u00e1ns formatervez\u00e9se exkluz\u00edv megjelen\u00e9st biztos\u00edt a fali t\u00f6lt\u0151 sz\u00e1m\u00e1ra.<\/li>\n<li><strong>V\u00e9delem \u00e9s Telep\u00edt\u00e9s:<\/strong> Az IP66 v\u00e9delmi oszt\u00e1ly lehet\u0151v\u00e9 teszi a t\u00f6lt\u0151 k\u00fclt\u00e9ri \u00e9s belt\u00e9ri telep\u00edt\u00e9s\u00e9t egyar\u00e1nt, biztos\u00edtva a tart\u00f3ss\u00e1got \u00e9s az id\u0151j\u00e1r\u00e1s\u00e1ll\u00f3s\u00e1got.<\/li>\n<\/ul>\n<p>Ez az elektromos aut\u00f3 fali t\u00f6lt\u0151 ide\u00e1lis v\u00e1laszt\u00e1s mindazok sz\u00e1m\u00e1ra, akik megb\u00edzhat\u00f3, k\u00e9nyelmes \u00e9s k\u00f6nnyen kezelhet\u0151 t\u00f6lt\u00e9si megold\u00e1st keresnek j\u00e1rm\u0171v\u00fck sz\u00e1m\u00e1ra otthoni vagy kereskedelmi k\u00f6rnyezetben.<\/p>\n","protected":false},"featured_media":592,"template":"","meta":[],"pwb-brand":[70],"product_brand":[],"product_cat":[22],"product_tag":[],"class_list":{"0":"post-585","1":"product","2":"type-product","3":"status-publish","4":"has-post-thumbnail","6":"pwb-brand-plugy","7":"product_cat-elektromos-auto-fali-tolto","10":"first","11":"instock","12":"sale","13":"featured","14":"taxable","15":"shipping-taxable","16":"purchasable","17":"product-type-simple"},"brands":[{"id":70,"name":"PLUGY","slug":"plugy"}],"_links":{"self":[{"href":"https:\/\/webshop.direktenergy.eu\/hu\/wp-json\/wp\/v2\/product\/585","targetHints":{"allow":["GET"]}}],"collection":[{"href":"https:\/\/webshop.direktenergy.eu\/hu\/wp-json\/wp\/v2\/product"}],"about":[{"href":"https:\/\/webshop.direktenergy.eu\/hu\/wp-json\/wp\/v2\/types\/product"}],"wp:featuredmedia":[{"embeddable":true,"href":"https:\/\/webshop.direktenergy.eu\/hu\/wp-json\/wp\/v2\/media\/592"}],"wp:attachment":[{"href":"https:\/\/webshop.direktenergy.eu\/hu\/wp-json\/wp\/v2\/media?parent=585"}],"wp:term":[{"taxonomy":"pwb-brand","embeddable":true,"href":"https:\/\/webshop.direktenergy.eu\/hu\/wp-json\/wp\/v2\/pwb-brand?post=585"},{"taxonomy":"product_brand","embeddable":true,"href":"https:\/\/webshop.direktenergy.eu\/hu\/wp-json\/wp\/v2\/product_brand?post=585"},{"taxonomy":"product_cat","embeddable":true,"href":"https:\/\/webshop.direktenergy.eu\/hu\/wp-json\/wp\/v2\/product_cat?post=585"},{"taxonomy":"product_tag","embeddable":true,"href":"https:\/\/webshop.direktenergy.eu\/hu\/wp-json\/wp\/v2\/product_tag?post=585"}],"curies":[{"name":"wp","href":"https:\/\/api.w.org\/{rel}","templated":true}]}}