{"id":606,"date":"2024-08-08T13:46:05","date_gmt":"2024-08-08T11:46:05","guid":{"rendered":"https:\/\/webshop.direktenergy.eu\/?post_type=product&#038;p=606"},"modified":"2026-03-25T12:33:07","modified_gmt":"2026-03-25T11:33:07","slug":"mobiltolto-type2-16a-5m","status":"publish","type":"product","link":"https:\/\/webshop.direktenergy.eu\/hu\/termek\/mobiltolto-type2-16a-5m\/","title":{"rendered":"PLUGY BN 20 mobil aut\u00f3t\u00f6lt\u0151 (\u00e1ll\u00edthat\u00f3)"},"content":{"rendered":"<p>Kompakt hordozhat\u00f3 t\u00f6lt\u0151. Ide\u00e1lis megold\u00e1s otthoni vagy csomagtart\u00f3ban tartva munkahelyi t\u00f6lt\u00e9sre, illetve utaz\u00e1shoz. A t\u00f6lt\u0151n \u00f6t LED jelzi a t\u00f6lt\u00e9si \u00e1ramer\u0151ss\u00e9get. M\u00e1sf\u00e9l m\u00e9ter hossz\u00fa h\u00e1l\u00f3zati, h\u00e1rom \u00e9s f\u00e9l m\u00e9ter type2 k\u00e1bel van hozz\u00e1.<\/p>\n<p>A k\u00e9sz\u00fcl\u00e9ken\u00a0 elhelyezett gombbal lehet \u00e1ll\u00edtani a t\u00f6lt\u00e9si teljes\u00edtm\u00e9nyt annak megfelel\u0151en, hogy milyen \u00e1ramer\u0151s\u00e9gr\u0151l szeretn\u00e9nk aut\u00f3nkat t\u00f6lteni. \u00c1ll\u00edthat\u00f3 \u00e9rt\u00e9kek: 6A, 8A, 10A, 13A, 16A (\u00cdgy egy egyszer\u0171 gombnyom\u00e1ssal k\u00f6nnyed\u00e9n tudja szab\u00e1lyozni a t\u00f6lt\u00e9si teljes\u00edtm\u00e9nyt, annak f\u00fcggv\u00e9ny\u00e9ben, hogy egy\u00e9b elektromos fogyaszt\u00f3i mellett mekkora teljes\u00edtm\u00e9ny \u00e1ll rendelkez\u00e9s\u00e9re.)<\/p>\n","protected":false},"excerpt":{"rendered":"<p>Kompakt, hordozhat\u00f3 aut\u00f3s t\u00f6lt\u0151 m\u00e1sf\u00e9l m\u00e9teres h\u00e1l\u00f3zati, 3.5 m\u00e9teres type 2 k\u00e1bellel, ide\u00e1lis otthoni, munkahelyi \u00e9s utaz\u00e1s k\u00f6zbeni haszn\u00e1latra. A t\u00f6lt\u00e9si \u00e1ramer\u0151ss\u00e9get (6A\u201316A) egy gombbal lehet szab\u00e1lyozni, az aktu\u00e1lis \u00e9rt\u00e9ket \u00f6t LED jelzi.<\/p>\n","protected":false},"featured_media":901,"template":"","meta":[],"pwb-brand":[70],"product_brand":[],"product_cat":[49],"product_tag":[],"class_list":{"0":"post-606","1":"product","2":"type-product","3":"status-publish","4":"has-post-thumbnail","6":"pwb-brand-plugy","7":"product_cat-mobiltolto","10":"first","11":"instock","12":"sale","13":"featured","14":"taxable","15":"shipping-taxable","16":"purchasable","17":"product-type-simple"},"brands":[{"id":70,"name":"PLUGY","slug":"plugy"}],"_links":{"self":[{"href":"https:\/\/webshop.direktenergy.eu\/hu\/wp-json\/wp\/v2\/product\/606","targetHints":{"allow":["GET"]}}],"collection":[{"href":"https:\/\/webshop.direktenergy.eu\/hu\/wp-json\/wp\/v2\/product"}],"about":[{"href":"https:\/\/webshop.direktenergy.eu\/hu\/wp-json\/wp\/v2\/types\/product"}],"wp:featuredmedia":[{"embeddable":true,"href":"https:\/\/webshop.direktenergy.eu\/hu\/wp-json\/wp\/v2\/media\/901"}],"wp:attachment":[{"href":"https:\/\/webshop.direktenergy.eu\/hu\/wp-json\/wp\/v2\/media?parent=606"}],"wp:term":[{"taxonomy":"pwb-brand","embeddable":true,"href":"https:\/\/webshop.direktenergy.eu\/hu\/wp-json\/wp\/v2\/pwb-brand?post=606"},{"taxonomy":"product_brand","embeddable":true,"href":"https:\/\/webshop.direktenergy.eu\/hu\/wp-json\/wp\/v2\/product_brand?post=606"},{"taxonomy":"product_cat","embeddable":true,"href":"https:\/\/webshop.direktenergy.eu\/hu\/wp-json\/wp\/v2\/product_cat?post=606"},{"taxonomy":"product_tag","embeddable":true,"href":"https:\/\/webshop.direktenergy.eu\/hu\/wp-json\/wp\/v2\/product_tag?post=606"}],"curies":[{"name":"wp","href":"https:\/\/api.w.org\/{rel}","templated":true}]}}