{"id":619,"date":"2024-08-08T14:40:53","date_gmt":"2024-08-08T12:40:53","guid":{"rendered":"https:\/\/webshop.direktenergy.eu\/?post_type=product&#038;p=619"},"modified":"2026-04-20T09:22:41","modified_gmt":"2026-04-20T07:22:41","slug":"mc4-csatlakozo-par","status":"publish","type":"product","link":"https:\/\/webshop.direktenergy.eu\/hu\/termek\/mc4-csatlakozo-par\/","title":{"rendered":"MC4 csatlakoz\u00f3 p\u00e1r"},"content":{"rendered":"<p>Massz\u00edv, robosztus, k\u00f6nnyen szerelhet\u0151 kivitel.<\/p>\n<p>Csatlakoz\u00f3 csomag: aljzat + dug\u00f3. Maximum 6mm\u00b2-es solar k\u00e1belig.<\/p>\n<p>N\u00e9vleges fesz\u00fclts\u00e9g: 1000 V DC<\/p>\n<p>N\u00e9vleges \u00e1ram: 30A<\/p>\n","protected":false},"excerpt":{"rendered":"<p>Massz\u00edv, robosztus, k\u00f6nnyen szerelhet\u0151 kivitel. Csatlakoz\u00f3 csomag: aljzat + dug\u00f3. Maximum 6mm\u00b2-es solar k\u00e1belig. N\u00e9vleges fesz\u00fclts\u00e9g: 1000 V DC N\u00e9vleges \u00e1ram: 30A<\/p>\n","protected":false},"featured_media":621,"template":"","meta":[],"pwb-brand":[51],"product_brand":[],"product_cat":[41],"product_tag":[],"class_list":{"0":"post-619","1":"product","2":"type-product","3":"status-publish","4":"has-post-thumbnail","6":"pwb-brand-oem","7":"product_cat-kiegeszitok-megujulo-energia","10":"first","11":"instock","12":"taxable","13":"shipping-taxable","14":"purchasable","15":"product-type-simple"},"brands":[{"id":51,"name":"OEM","slug":"oem"}],"_links":{"self":[{"href":"https:\/\/webshop.direktenergy.eu\/hu\/wp-json\/wp\/v2\/product\/619","targetHints":{"allow":["GET"]}}],"collection":[{"href":"https:\/\/webshop.direktenergy.eu\/hu\/wp-json\/wp\/v2\/product"}],"about":[{"href":"https:\/\/webshop.direktenergy.eu\/hu\/wp-json\/wp\/v2\/types\/product"}],"wp:featuredmedia":[{"embeddable":true,"href":"https:\/\/webshop.direktenergy.eu\/hu\/wp-json\/wp\/v2\/media\/621"}],"wp:attachment":[{"href":"https:\/\/webshop.direktenergy.eu\/hu\/wp-json\/wp\/v2\/media?parent=619"}],"wp:term":[{"taxonomy":"pwb-brand","embeddable":true,"href":"https:\/\/webshop.direktenergy.eu\/hu\/wp-json\/wp\/v2\/pwb-brand?post=619"},{"taxonomy":"product_brand","embeddable":true,"href":"https:\/\/webshop.direktenergy.eu\/hu\/wp-json\/wp\/v2\/product_brand?post=619"},{"taxonomy":"product_cat","embeddable":true,"href":"https:\/\/webshop.direktenergy.eu\/hu\/wp-json\/wp\/v2\/product_cat?post=619"},{"taxonomy":"product_tag","embeddable":true,"href":"https:\/\/webshop.direktenergy.eu\/hu\/wp-json\/wp\/v2\/product_tag?post=619"}],"curies":[{"name":"wp","href":"https:\/\/api.w.org\/{rel}","templated":true}]}}