{"id":622,"date":"2024-08-08T14:48:26","date_gmt":"2024-08-08T12:48:26","guid":{"rendered":"https:\/\/webshop.direktenergy.eu\/?post_type=product&#038;p=622"},"modified":"2024-08-08T15:18:14","modified_gmt":"2024-08-08T13:18:14","slug":"huawei-600w-p-optimalizalo","status":"publish","type":"product","link":"https:\/\/webshop.direktenergy.eu\/hu\/termek\/huawei-600w-p-optimalizalo\/","title":{"rendered":"Huawei 600W-P optimaliz\u00e1l\u00f3"},"content":{"rendered":"<div class=\"et_pb_module et_pb_text et_pb_text_15 et_pb_text_align_justified et_pb_text_align_left-phone et_pb_bg_layout_light\">\n<div class=\"et_pb_text_inner\">\n<p>A Huawei SUN2000-600W-P optimaliz\u00e1l\u00f3 egy nagy teljes\u00edtm\u00e9ny\u0171, k\u00f6nnyen haszn\u00e1lhat\u00f3 napelem optimaliz\u00e1l\u00f3, amely hat\u00e9konys\u00e1got \u00e9s biztons\u00e1got ny\u00fajt a napelemes rendszerek sz\u00e1m\u00e1ra. Az optimaliz\u00e1l\u00f3t a napelemek \u00e1ltal\u00e1nos teljes\u00edtm\u00e9ny\u00e9nek jav\u00edt\u00e1s\u00e1ra tervezt\u00e9k. K\u00f6nnyen integr\u00e1lhat\u00f3 a megl\u00e9v\u0151 Huawei SUN2000 napelemes rendszerekbe. A modul lekapcsol\u00e1sa vagy az inverter le\u00e1ll\u00e1sa eset\u00e9n a Huawei SUN2000-600W-P optimaliz\u00e1l\u00f3 a modul kimeneti fesz\u00fclts\u00e9g\u00e9t egy biztons\u00e1gos tartom\u00e1nyba \u00e1ll\u00edtja, megel\u0151zve a rendszer k\u00e1rosod\u00e1s\u00e1t \u00e9s garant\u00e1lva a biztons\u00e1got. Nyomon k\u00f6veti az egyes PV-modulok maxim\u00e1lis teljes\u00edtm\u00e9nypontj\u00e1t, lehet\u0151v\u00e9 t\u00e9ve az optim\u00e1lis energiatermel\u00e9st \u00e9s a rendszer jobb teljes\u00edtm\u00e9ny\u00e9t.<\/p>\n<\/div>\n<\/div>\n<p>&nbsp;<\/p>\n<table class=\"parameter-table table m-0\">\n<tbody>\n<tr>\n<td>Gy\u00e1rt\u00f3<\/td>\n<td><strong>Huawei<\/strong><\/td>\n<\/tr>\n<tr>\n<td>Term\u00e9k n\u00e9v<\/td>\n<td><strong>600W-P optimaliz\u00e1l\u00f3<\/strong><\/td>\n<\/tr>\n<tr>\n<td>N\u00e9vleges bemeneti egyen\u00e1ram<\/td>\n<td><strong>600W<\/strong><\/td>\n<\/tr>\n<tr>\n<td>M\u00e9ret<\/td>\n<td><strong>75 x 140 x 28 mm<\/strong><\/td>\n<\/tr>\n<tr>\n<td>S\u00faly<\/td>\n<td><strong>0,6 kg<\/strong><\/td>\n<\/tr>\n<tr>\n<td>Abszol\u00fat maxim\u00e1lis bemeneti fesz\u00fclts\u00e9g<\/td>\n<td><strong>80 V<\/strong><\/td>\n<\/tr>\n<tr>\n<td>MPPT \u00fczemi fesz\u00fclts\u00e9g tartom\u00e1ny<\/td>\n<td><strong>10 \u2013 80 V<\/strong><\/td>\n<\/tr>\n<tr>\n<td>Maxim\u00e1lis r\u00f6vidz\u00e1rlati \u00e1ram (ISc)<\/td>\n<td><strong>14.5 A<\/strong><\/td>\n<\/tr>\n<tr>\n<td>Max. hat\u00e9konys\u00e1g<\/td>\n<td><strong>99.5 %<\/strong><\/td>\n<\/tr>\n<tr>\n<td>S\u00falyozott hat\u00e9konys\u00e1g<\/td>\n<td><strong>99 %<\/strong><\/td>\n<\/tr>\n<tr>\n<td>T\u00falfesz\u00fclts\u00e9g kateg\u00f3ria<\/td>\n<td><strong>II<\/strong><\/td>\n<\/tr>\n<tr>\n<td>Max. kimeneti fesz\u00fclts\u00e9g<\/td>\n<td><strong>80 V<\/strong><\/td>\n<\/tr>\n<tr>\n<td>Max. kimeneti \u00e1ram<\/td>\n<td><strong>15 A<\/strong><\/td>\n<\/tr>\n<tr>\n<td>Kimeneti bypass<\/td>\n<td><strong>Igen<\/strong><\/td>\n<\/tr>\n<tr>\n<td>Optimaliz\u00e1toronk\u00e9nti kikapcsol\u00e1si kimeneti fesz\u00fclts\u00e9g<\/td>\n<td><strong>0 V<\/strong><\/td>\n<\/tr>\n<tr>\n<td>Kimeneti impedancia optimaliz\u00e1l\u00f3nk\u00e9nt<\/td>\n<td><strong>1k ohm \u00b1 10 %<\/strong><\/td>\n<\/tr>\n<tr>\n<td>Kommunik\u00e1ci\u00f3<\/td>\n<td><strong>MBUS<\/strong><\/td>\n<\/tr>\n<tr>\n<td>M\u00e9retek (Sz\u00e9 x Ma x M\u00e9)<\/td>\n<td><strong>75 x 140 x 28 mm<\/strong><\/td>\n<\/tr>\n<tr>\n<td>S\u00faly (k\u00e1belekkel egy\u00fctt)<\/td>\n<td><strong>0,6 kg<\/strong><\/td>\n<\/tr>\n<tr>\n<td>Szerel\u00e9si r\u00e9sz (opcion\u00e1lis)<\/td>\n<td><strong>Keretr\u00f6gz\u00edt\u0151 konzol \/ T-alak\u00fa csavar 4<\/strong><\/td>\n<\/tr>\n<tr>\n<td>Bemeneti csatlakoz\u00f3<\/td>\n<td><strong>MC4<\/strong><\/td>\n<\/tr>\n<tr>\n<td>Bemeneti vezet\u00e9k hossza<\/td>\n<td><strong>0,15 m<\/strong><\/td>\n<\/tr>\n<tr>\n<td>Kimeneti csatlakoz\u00f3<\/td>\n<td><strong>MC4<\/strong><\/td>\n<\/tr>\n<tr>\n<td>Kimeneti vezet\u00e9k hossza<\/td>\n<td><strong>1,3 m<\/strong><\/td>\n<\/tr>\n<tr>\n<td>\u00dczemi h\u0151m\u00e9rs\u00e9klet \/ p\u00e1ratartalom tartom\u00e1ny<\/td>\n<td><strong>-40 \u00b0C~85 \u00b0C 5 \/ 0 %RH~100 %RH<\/strong><\/td>\n<\/tr>\n<tr>\n<td>V\u00e9detts\u00e9gi fok<\/td>\n<td><strong>IP68<\/strong><\/td>\n<\/tr>\n<tr>\n<td>Kompatibilis term\u00e9k<\/td>\n<td><strong>SUN2000-2\/3\/3.68\/4\/4.6\/5\/6KTL-L1, SUN2000-3\/4\/5\/6\/8\/10KTL-M1, SUN2000-12\/15\/17\/20KTL-M2, SUN2000-30\/36\/40KTL-M3<\/strong><\/td>\n<\/tr>\n<\/tbody>\n<\/table>\n<p>&nbsp;<\/p>\n","protected":false},"excerpt":{"rendered":"<p>A Huawei SUN2000-600W-P optimaliz\u00e1l\u00f3 egy nagy teljes\u00edtm\u00e9ny\u0171, k\u00f6nnyen haszn\u00e1lhat\u00f3 napelem optimaliz\u00e1l\u00f3, amely hat\u00e9konys\u00e1got \u00e9s biztons\u00e1got ny\u00fajt a napelemes rendszerek sz\u00e1m\u00e1ra. Az optimaliz\u00e1l\u00f3t a napelemek \u00e1ltal\u00e1nos teljes\u00edtm\u00e9ny\u00e9nek jav\u00edt\u00e1s\u00e1ra tervezt\u00e9k. K\u00f6nnyen integr\u00e1lhat\u00f3 a megl\u00e9v\u0151 Huawei SUN2000 napelemes rendszerekbe.<\/p>\n","protected":false},"featured_media":623,"template":"","meta":[],"pwb-brand":[20],"product_brand":[],"product_cat":[39],"product_tag":[],"class_list":{"0":"post-622","1":"product","2":"type-product","3":"status-publish","4":"has-post-thumbnail","6":"pwb-brand-huawei","7":"product_cat-optimalizalok","10":"first","11":"instock","12":"taxable","13":"shipping-taxable","14":"purchasable","15":"product-type-simple"},"brands":[{"id":20,"name":"Huawei","slug":"huawei"}],"_links":{"self":[{"href":"https:\/\/webshop.direktenergy.eu\/hu\/wp-json\/wp\/v2\/product\/622","targetHints":{"allow":["GET"]}}],"collection":[{"href":"https:\/\/webshop.direktenergy.eu\/hu\/wp-json\/wp\/v2\/product"}],"about":[{"href":"https:\/\/webshop.direktenergy.eu\/hu\/wp-json\/wp\/v2\/types\/product"}],"wp:featuredmedia":[{"embeddable":true,"href":"https:\/\/webshop.direktenergy.eu\/hu\/wp-json\/wp\/v2\/media\/623"}],"wp:attachment":[{"href":"https:\/\/webshop.direktenergy.eu\/hu\/wp-json\/wp\/v2\/media?parent=622"}],"wp:term":[{"taxonomy":"pwb-brand","embeddable":true,"href":"https:\/\/webshop.direktenergy.eu\/hu\/wp-json\/wp\/v2\/pwb-brand?post=622"},{"taxonomy":"product_brand","embeddable":true,"href":"https:\/\/webshop.direktenergy.eu\/hu\/wp-json\/wp\/v2\/product_brand?post=622"},{"taxonomy":"product_cat","embeddable":true,"href":"https:\/\/webshop.direktenergy.eu\/hu\/wp-json\/wp\/v2\/product_cat?post=622"},{"taxonomy":"product_tag","embeddable":true,"href":"https:\/\/webshop.direktenergy.eu\/hu\/wp-json\/wp\/v2\/product_tag?post=622"}],"curies":[{"name":"wp","href":"https:\/\/api.w.org\/{rel}","templated":true}]}}