{"id":636,"date":"2024-08-08T15:14:20","date_gmt":"2024-08-08T13:14:20","guid":{"rendered":"https:\/\/webshop.direktenergy.eu\/?post_type=product&#038;p=636"},"modified":"2024-08-09T11:38:10","modified_gmt":"2024-08-09T09:38:10","slug":"ketpolusu-kismegszakito-10a","status":"publish","type":"product","link":"https:\/\/webshop.direktenergy.eu\/hu\/termek\/ketpolusu-kismegszakito-10a\/","title":{"rendered":"K\u00e9tp\u00f3lus\u00fa kismegszak\u00edt\u00f3 10A"},"content":{"rendered":"<p>ETIMAT6 C10A 2p 6kA kismegszak\u00edt\u00f3, 2 modul<\/p>\n","protected":false},"excerpt":{"rendered":"<p>ETIMAT6 C10A 2p 6kA kismegszak\u00edt\u00f3, 2 modul<\/p>\n","protected":false},"featured_media":637,"template":"","meta":[],"pwb-brand":[46],"product_brand":[],"product_cat":[81],"product_tag":[],"class_list":{"0":"post-636","1":"product","2":"type-product","3":"status-publish","4":"has-post-thumbnail","6":"pwb-brand-eti","7":"product_cat-kismegszakitok","10":"first","11":"instock","12":"taxable","13":"shipping-taxable","14":"purchasable","15":"product-type-simple"},"brands":[{"id":46,"name":"ETI","slug":"eti"}],"_links":{"self":[{"href":"https:\/\/webshop.direktenergy.eu\/hu\/wp-json\/wp\/v2\/product\/636","targetHints":{"allow":["GET"]}}],"collection":[{"href":"https:\/\/webshop.direktenergy.eu\/hu\/wp-json\/wp\/v2\/product"}],"about":[{"href":"https:\/\/webshop.direktenergy.eu\/hu\/wp-json\/wp\/v2\/types\/product"}],"wp:featuredmedia":[{"embeddable":true,"href":"https:\/\/webshop.direktenergy.eu\/hu\/wp-json\/wp\/v2\/media\/637"}],"wp:attachment":[{"href":"https:\/\/webshop.direktenergy.eu\/hu\/wp-json\/wp\/v2\/media?parent=636"}],"wp:term":[{"taxonomy":"pwb-brand","embeddable":true,"href":"https:\/\/webshop.direktenergy.eu\/hu\/wp-json\/wp\/v2\/pwb-brand?post=636"},{"taxonomy":"product_brand","embeddable":true,"href":"https:\/\/webshop.direktenergy.eu\/hu\/wp-json\/wp\/v2\/product_brand?post=636"},{"taxonomy":"product_cat","embeddable":true,"href":"https:\/\/webshop.direktenergy.eu\/hu\/wp-json\/wp\/v2\/product_cat?post=636"},{"taxonomy":"product_tag","embeddable":true,"href":"https:\/\/webshop.direktenergy.eu\/hu\/wp-json\/wp\/v2\/product_tag?post=636"}],"curies":[{"name":"wp","href":"https:\/\/api.w.org\/{rel}","templated":true}]}}