{"id":660,"date":"2024-08-09T10:17:42","date_gmt":"2024-08-09T08:17:42","guid":{"rendered":"https:\/\/webshop.direktenergy.eu\/?post_type=product&#038;p=660"},"modified":"2024-08-09T11:28:23","modified_gmt":"2024-08-09T09:28:23","slug":"koztes-leszorito-klikkes","status":"publish","type":"product","link":"https:\/\/webshop.direktenergy.eu\/hu\/termek\/koztes-leszorito-klikkes\/","title":{"rendered":"K\u00f6ztes leszor\u00edt\u00f3 klikkes"},"content":{"rendered":"<p>Anyaga alum\u00ednium, rozsdamentes csavarral. T\u00e1vols\u00e1gtart\u00e1s panelek k\u00f6z\u00f6tt 20 mm. A napelemek panelek k\u00f6ztes lefogat\u00e1s\u00e1n\u00e1l haszn\u00e1ljuk. Egy mozdulattal a s\u00ednbe pattinthat\u00f3. A komplett kialak\u00edt\u00e1s tartalmazza a csavart \u00e9s a klikkes any\u00e1t.<\/p>\n","protected":false},"excerpt":{"rendered":"<p>Anyaga alum\u00ednium, rozsdamentes csavarral. T\u00e1vols\u00e1gtart\u00e1s panelek k\u00f6z\u00f6tt 20 mm. A napelemek panelek k\u00f6ztes lefogat\u00e1s\u00e1n\u00e1l haszn\u00e1ljuk. Egy mozdulattal a s\u00ednbe pattinthat\u00f3. A komplett kialak\u00edt\u00e1s tartalmazza a csavart \u00e9s a klikkes any\u00e1t.<\/p>\n","protected":false},"featured_media":661,"template":"","meta":[],"pwb-brand":[51],"product_brand":[],"product_cat":[38],"product_tag":[],"class_list":{"0":"post-660","1":"product","2":"type-product","3":"status-publish","4":"has-post-thumbnail","6":"pwb-brand-oem","7":"product_cat-tartoszerkezetek","10":"first","11":"instock","12":"taxable","13":"shipping-taxable","14":"purchasable","15":"product-type-simple"},"brands":[{"id":51,"name":"OEM","slug":"oem"}],"_links":{"self":[{"href":"https:\/\/webshop.direktenergy.eu\/hu\/wp-json\/wp\/v2\/product\/660","targetHints":{"allow":["GET"]}}],"collection":[{"href":"https:\/\/webshop.direktenergy.eu\/hu\/wp-json\/wp\/v2\/product"}],"about":[{"href":"https:\/\/webshop.direktenergy.eu\/hu\/wp-json\/wp\/v2\/types\/product"}],"wp:featuredmedia":[{"embeddable":true,"href":"https:\/\/webshop.direktenergy.eu\/hu\/wp-json\/wp\/v2\/media\/661"}],"wp:attachment":[{"href":"https:\/\/webshop.direktenergy.eu\/hu\/wp-json\/wp\/v2\/media?parent=660"}],"wp:term":[{"taxonomy":"pwb-brand","embeddable":true,"href":"https:\/\/webshop.direktenergy.eu\/hu\/wp-json\/wp\/v2\/pwb-brand?post=660"},{"taxonomy":"product_brand","embeddable":true,"href":"https:\/\/webshop.direktenergy.eu\/hu\/wp-json\/wp\/v2\/product_brand?post=660"},{"taxonomy":"product_cat","embeddable":true,"href":"https:\/\/webshop.direktenergy.eu\/hu\/wp-json\/wp\/v2\/product_cat?post=660"},{"taxonomy":"product_tag","embeddable":true,"href":"https:\/\/webshop.direktenergy.eu\/hu\/wp-json\/wp\/v2\/product_tag?post=660"}],"curies":[{"name":"wp","href":"https:\/\/api.w.org\/{rel}","templated":true}]}}