{"id":725,"date":"2024-10-04T09:32:00","date_gmt":"2024-10-04T07:32:00","guid":{"rendered":"https:\/\/webshop.direktenergy.eu\/?post_type=product&#038;p=725"},"modified":"2025-01-16T08:46:40","modified_gmt":"2025-01-16T07:46:40","slug":"adl400-d-smart-meter-joycharge","status":"publish","type":"product","link":"https:\/\/webshop.direktenergy.eu\/hu\/termek\/adl400-d-smart-meter-joycharge\/","title":{"rendered":"ADL400-D smart meter (Joycharge)"},"content":{"rendered":"<p>Ennek a smart meternek a seg\u00edts\u00e9g\u00e9vel a Joycharge elektromos aut\u00f3 fali t\u00f6lt\u0151 k\u00e9pes az automata load balance funkci\u00f3ra, azaz automatikus a t\u00f6lt\u00e9si teljes\u00edtm\u00e9nyt a rendelkez\u00e9sre \u00e1ll\u00f3, szabad kapacit\u00e1shoz igaz\u00edtja.<\/p>\n<p>A smart metert bet\u00e1pl\u00e1l\u00e1si pontra kell bek\u00f6tni. A Joycharge t\u00f6lt\u0151 applik\u00e1ci\u00f3j\u00e1ban be kell \u00e1ll\u00edtani a rendelkez\u00e9s\u00fcnkre \u00e1ll\u00f3 teljes\u00edtm\u00e9nyt. A m\u00e9r\u0151 figyeli a h\u00e1ztart\u00e1s energia felv\u00e9tel\u00e9t, \u00e9s a m\u00e9rt adatokat k\u00f6zli a Joycharge t\u00f6lt\u0151vel, ami ezek ut\u00e1n mindig a h\u00e1ztart\u00e1s fogyaszt\u00e1s\u00e1nak f\u00fcggv\u00e9ny\u00e9ben automatikusan be\u00e1ll\u00edtja a t\u00f6lt\u00e9si teljes\u00edtm\u00e9nyt. \u00cdgy elker\u00fclhet\u0151 a rendelkez\u00e9sre \u00e1ll\u00f3 teljes\u00edtm\u00e9ny t\u00fall\u00e9p\u00e9se, teh\u00e1t nem alakul ki olyan kellemetlen szitu\u00e1ci\u00f3, hogy az \u00e1ramszolg\u00e1ltat\u00f3 biztos\u00edt\u00e9kjai lemennek, \u00e9s \u00edgy mind a h\u00e1ztart\u00e1s, mind a t\u00f6lt\u0151 \u00e1ram n\u00e9lk\u00fcl marad.<\/p>\n","protected":false},"excerpt":{"rendered":"<p>Ennek a smart meternek a seg\u00edts\u00e9g\u00e9vel a Joycharge elektromos aut\u00f3 fali t\u00f6lt\u0151 k\u00e9pes az automata load balance funkci\u00f3ra, azaz automatikus a t\u00f6lt\u00e9si teljes\u00edtm\u00e9nyt a rendelkez\u00e9sre \u00e1ll\u00f3, szabad kapacit\u00e1shoz igaz\u00edtja.<\/p>\n","protected":false},"featured_media":726,"template":"","meta":[],"pwb-brand":[104],"product_brand":[],"product_cat":[44,24,107],"product_tag":[],"class_list":{"0":"post-725","1":"product","2":"type-product","3":"status-publish","4":"has-post-thumbnail","6":"pwb-brand-joycharge","7":"product_cat-smart-meterek-energiatarolas","8":"product_cat-smart-meterek-megujulo-energia","9":"product_cat-smart-meterek","12":"first","13":"instock","14":"taxable","15":"shipping-taxable","16":"purchasable","17":"product-type-simple"},"brands":[{"id":104,"name":"JOYCHARGE","slug":"joycharge"}],"_links":{"self":[{"href":"https:\/\/webshop.direktenergy.eu\/hu\/wp-json\/wp\/v2\/product\/725","targetHints":{"allow":["GET"]}}],"collection":[{"href":"https:\/\/webshop.direktenergy.eu\/hu\/wp-json\/wp\/v2\/product"}],"about":[{"href":"https:\/\/webshop.direktenergy.eu\/hu\/wp-json\/wp\/v2\/types\/product"}],"wp:featuredmedia":[{"embeddable":true,"href":"https:\/\/webshop.direktenergy.eu\/hu\/wp-json\/wp\/v2\/media\/726"}],"wp:attachment":[{"href":"https:\/\/webshop.direktenergy.eu\/hu\/wp-json\/wp\/v2\/media?parent=725"}],"wp:term":[{"taxonomy":"pwb-brand","embeddable":true,"href":"https:\/\/webshop.direktenergy.eu\/hu\/wp-json\/wp\/v2\/pwb-brand?post=725"},{"taxonomy":"product_brand","embeddable":true,"href":"https:\/\/webshop.direktenergy.eu\/hu\/wp-json\/wp\/v2\/product_brand?post=725"},{"taxonomy":"product_cat","embeddable":true,"href":"https:\/\/webshop.direktenergy.eu\/hu\/wp-json\/wp\/v2\/product_cat?post=725"},{"taxonomy":"product_tag","embeddable":true,"href":"https:\/\/webshop.direktenergy.eu\/hu\/wp-json\/wp\/v2\/product_tag?post=725"}],"curies":[{"name":"wp","href":"https:\/\/api.w.org\/{rel}","templated":true}]}}