{"id":775,"date":"2024-12-19T12:17:21","date_gmt":"2024-12-19T11:17:21","guid":{"rendered":"https:\/\/webshop.direktenergy.eu\/?post_type=product&#038;p=775"},"modified":"2025-08-14T15:21:04","modified_gmt":"2025-08-14T13:21:04","slug":"huawei-luna2000-7-kwh-energiatarolo-szett","status":"publish","type":"product","link":"https:\/\/webshop.direktenergy.eu\/hu\/termek\/huawei-luna2000-7-kwh-energiatarolo-szett\/","title":{"rendered":"Huawei LUNA2000 7 kWh energiat\u00e1rol\u00f3 szett"},"content":{"rendered":"<p>A szett a k\u00f6vetkez\u0151 elemeket tartalmazza:<\/p>\n<ul>\n<li>1db HUAWEI LUNA2000-7 7kW akkumul\u00e1tor (10 \u00e9v garancia)<\/li>\n<li>1db HUAWEI LUNA2000-5-E1 t\u00e1pegys\u00e9g (10 \u00e9v garancia)<\/li>\n<\/ul>\n<p><strong>T\u00f6bb Er\u0151, Biztons\u00e1g \u00e9s Hat\u00e9konys\u00e1g:<\/strong><\/p>\n<p>A Huawei LUNA2000-7-E1 akkumul\u00e1tor modul egy fejlett energiat\u00e1rol\u00f3 megold\u00e1s, amely a l\u00edtium-vas-foszf\u00e1t cella k\u00e9miai \u00f6sszet\u00e9tel\u00e9nek k\u00f6sz\u00f6nhet\u0151en hossz\u00fa \u00e9lettartamot garant\u00e1l \u2013 ak\u00e1r 15 \u00e9vet. J\u00f6v\u0151orient\u00e1lt diz\u00e1jnja \u00e9s magas energias\u0171r\u0171s\u00e9ge ide\u00e1liss\u00e1 teszi a modern h\u00e1ztart\u00e1sok \u00e9s v\u00e1llalkoz\u00e1sok sz\u00e1m\u00e1ra. Az ESS (Energy Storage System) torony szint\u0171 sk\u00e1l\u00e1zhat\u00f3s\u00e1g lehet\u0151v\u00e9 teszi a kapacit\u00e1s n\u00f6vel\u00e9s\u00e9t 7 kWh-r\u00f3l 21 kWh-ra, \u00edgy rugalmasan alkalmazkodik az energiat\u00e1rol\u00e1si ig\u00e9nyekhez, legyen sz\u00f3 \u00f6nfogyaszt\u00e1s n\u00f6vel\u00e9s\u00e9r\u0151l vagy elegend\u0151 tartal\u00e9k kapacit\u00e1s biztos\u00edt\u00e1s\u00e1r\u00f3l.<\/p>\n<p><strong>F\u0151bb Jellemz\u0151k:<\/strong><\/p>\n<ul>\n<li><strong>Rugalmas Kapacit\u00e1s:<\/strong>\n<ul>\n<li>Minden akkumul\u00e1tor modul 6,9 kWh kapacit\u00e1st biztos\u00edt.<\/li>\n<li>Az ESS rendszerek 6,9 kWh-t\u00f3l 20,7 kWh-ig sk\u00e1l\u00e1zhat\u00f3k.<\/li>\n<li>Maximum 4 ESS modul (82,8 kWh) csatlakoztathat\u00f3 egy SUN2000-(12-25K)-MB0 inverterhez.<\/li>\n<\/ul>\n<\/li>\n<li><strong>N\u00f6velt Energia Hat\u00e9konys\u00e1g:<\/strong>\n<ul>\n<li>A Modul+ diz\u00e1jn integr\u00e1lt energiatakar\u00e9kos optimaliz\u00e1l\u00f3val rendelkezik, amely t\u00f6bb mint 40%-kal n\u00f6veli a felhaszn\u00e1lhat\u00f3 energi\u00e1t*.<\/li>\n<\/ul>\n<\/li>\n<li><strong>Hossz\u00fa \u00dczemid\u0151:<\/strong>\n<ul>\n<li>100%-os teljes kis\u00fct\u00e9si m\u00e9lys\u00e9g biztos\u00edtja a maxim\u00e1lis kapacit\u00e1st \u00e9s hossz\u00fa \u00e9lettartamot.<\/li>\n<\/ul>\n<\/li>\n<li><strong>Biztons\u00e1g Garanci\u00e1ja:<\/strong>\n<ul>\n<li>\u00d6t szint\u0171 v\u00e9delem a cellaszinten, valamint elektromos \u00e9s szerkezeti biztons\u00e1g.<\/li>\n<li>Akt\u00edv biztons\u00e1gi int\u00e9zked\u00e9sek \u00e9s v\u00e9szhelyzeti \u00f3vint\u00e9zked\u00e9sek.<\/li>\n<li>Intelligens t\u0171zv\u00e9delmi rendszer, amely 15 m\u00e1sodperc alatt \u00e9szleli \u00e9s oltja el a t\u00fczet, biztos\u00edtva ezzel az energia t\u00e1rol\u00f3 rendszer v\u00e9delm\u00e9t.<\/li>\n<li>Akt\u00edv depresszi\u00f3s technol\u00f3gia a t\u0171zv\u00e9delmi rendszer v\u00e9delme \u00e9rdek\u00e9ben.<\/li>\n<\/ul>\n<\/li>\n<li><strong>Magas Teljes\u00edtm\u00e9ny:<\/strong>\n<ul>\n<li>M\u0171k\u00f6d\u00e9si h\u0151m\u00e9rs\u00e9klet: -20\u00b0C-t\u00f3l +55\u00b0C-ig.<\/li>\n<li>H\u00e1rom akkumul\u00e1tor modul haszn\u00e1lat\u00e1val maximum 10,5 kW t\u00f6lt\u00e9si \u00e9s kis\u00fct\u00e9si kapacit\u00e1s \u00e9rhet\u0151 el.<\/li>\n<\/ul>\n<\/li>\n<li><strong>Csendes M\u0171k\u00f6d\u00e9s \u00e9s K\u00f6nny\u0171 Telep\u00edt\u00e9s:<\/strong>\n<ul>\n<li>Rendk\u00edv\u00fcl halk m\u0171k\u00f6d\u00e9s.<\/li>\n<li>Modulok k\u00f6z\u00f6tti csatlakoz\u00e1s k\u00e1belek n\u00e9lk\u00fcl.<\/li>\n<li>Horizontalis be\u00e1ll\u00edt\u00e1si lehet\u0151s\u00e9g.<\/li>\n<li>Gyors \u00fczembe helyez\u00e9s a Huawei FusionSolar app seg\u00edts\u00e9g\u00e9vel.<\/li>\n<\/ul>\n<\/li>\n<li><strong>Eleg\u00e1ns Diz\u00e1jn:<\/strong>\n<ul>\n<li>Felhaszn\u00e1l\u00f3bar\u00e1t kommunik\u00e1ci\u00f3s interf\u00e9sz a akkumul\u00e1tor \u00e1llapot\u00e1nak megjelen\u00edt\u00e9s\u00e9re.<\/li>\n<li>Eleg\u00e1ns vonalak \u00e9s sima fel\u00fclet.<\/li>\n<\/ul>\n<\/li>\n<li><strong>Fejlett V\u00e9delem:<\/strong>\n<ul>\n<li>IP66 v\u00edzv\u00e9delmi besorol\u00e1s biztos\u00edtja a v\u00e9delmet ak\u00e1r 40 cm v\u00edzm\u00e9lys\u00e9gig 72 \u00f3r\u00e1n kereszt\u00fcl*, \u00edgy fokozott v\u00e9delmet ny\u00fajt \u00e1rad\u00e1sok, es\u0151 \u00e9s olvad\u00f3 h\u00f3 eset\u00e9n.<\/li>\n<\/ul>\n<\/li>\n<li><strong>Intelligens H\u0151m\u00e9rs\u00e9kletkezel\u00e9s:<\/strong>\n<ul>\n<li>4 \u00e9rz\u00e9kel\u0151 biztos\u00edtja a stabil m\u0171k\u00f6d\u00e9st \u00e9s azonnali elemz\u00e9st, 24\/7 el\u0151rejelz\u00e9seket biztos\u00edtva.<\/li>\n<\/ul>\n<\/li>\n<\/ul>\n<p><strong>Tapasztalja meg az energiaell\u00e1t\u00e1s \u00faj dimenzi\u00f3j\u00e1t a Huawei LUNA2000-7-E1 akkumul\u00e1tor modullal! A legmodernebb technol\u00f3gia, maxim\u00e1lis biztons\u00e1g \u00e9s hat\u00e9konys\u00e1g garant\u00e1lt.<\/strong><\/p>\n","protected":false},"excerpt":{"rendered":"<p>A Huawei LUNA2000-7-E1 egy korszer\u0171 energiat\u00e1rol\u00f3 megold\u00e1s, amelyet l\u00edtium-vas-foszf\u00e1t cell\u00e1k alkotnak, biztos\u00edtva a hossz\u00fa, ak\u00e1r 15 \u00e9ves \u00e9lettartamot. Sk\u00e1l\u00e1zhat\u00f3s\u00e1ga r\u00e9v\u00e9n 7 kWh-r\u00f3l ak\u00e1r 21 kWh-ra b\u0151v\u00edthet\u0151, \u00edgy ide\u00e1lis v\u00e1laszt\u00e1s h\u00e1ztart\u00e1sok \u00e9s v\u00e1llalkoz\u00e1sok sz\u00e1m\u00e1ra, amelyek megb\u00edzhat\u00f3 \u00e9s rugalmas energiat\u00e1rol\u00e1si rendszert keresnek.<\/p>\n<p><strong>F\u0151bb tulajdons\u00e1gai k\u00f6z\u00e9 tartozik<\/strong>:<\/p>\n<ul>\n<li>Rugalmas kapacit\u00e1sn\u00f6vel\u00e9s, ak\u00e1r 82,8 kWh-ig b\u0151v\u00edthet\u0151.<\/li>\n<li>100%-os kis\u00fct\u00e9si m\u00e9lys\u00e9g, amely maximaliz\u00e1lja a teljes\u00edtm\u00e9nyt.<\/li>\n<li>Fejlett biztons\u00e1gi rendszer, bele\u00e9rtve a t\u0171zv\u00e9delmi technol\u00f3gi\u00e1t \u00e9s a cellaszint\u0171 v\u00e9delmet.<\/li>\n<li>Intelligens h\u0151m\u00e9rs\u00e9kletkezel\u00e9s \u00e9s magas energiahat\u00e9konys\u00e1g.<\/li>\n<li>Eleg\u00e1ns diz\u00e1jn, csendes m\u0171k\u00f6d\u00e9s \u00e9s egyszer\u0171 telep\u00edt\u00e9s.<\/li>\n<\/ul>\n<p>Ez az akkumul\u00e1tor modul a legmodernebb technol\u00f3gi\u00e1t \u00e9s diz\u00e1jnt \u00f6tv\u00f6zi, hogy fenntarthat\u00f3, biztons\u00e1gos \u00e9s hat\u00e9kony megold\u00e1st ny\u00fajtson az energiaell\u00e1t\u00e1s j\u00f6v\u0151j\u00e9hez.<\/p>\n","protected":false},"featured_media":777,"template":"","meta":[],"pwb-brand":[20],"product_brand":[],"product_cat":[43],"product_tag":[],"class_list":{"0":"post-775","1":"product","2":"type-product","3":"status-publish","4":"has-post-thumbnail","6":"pwb-brand-huawei","7":"product_cat-energiatarolok","10":"first","11":"instock","12":"taxable","13":"shipping-taxable","14":"purchasable","15":"product-type-simple"},"brands":[{"id":20,"name":"Huawei","slug":"huawei"}],"_links":{"self":[{"href":"https:\/\/webshop.direktenergy.eu\/hu\/wp-json\/wp\/v2\/product\/775","targetHints":{"allow":["GET"]}}],"collection":[{"href":"https:\/\/webshop.direktenergy.eu\/hu\/wp-json\/wp\/v2\/product"}],"about":[{"href":"https:\/\/webshop.direktenergy.eu\/hu\/wp-json\/wp\/v2\/types\/product"}],"wp:featuredmedia":[{"embeddable":true,"href":"https:\/\/webshop.direktenergy.eu\/hu\/wp-json\/wp\/v2\/media\/777"}],"wp:attachment":[{"href":"https:\/\/webshop.direktenergy.eu\/hu\/wp-json\/wp\/v2\/media?parent=775"}],"wp:term":[{"taxonomy":"pwb-brand","embeddable":true,"href":"https:\/\/webshop.direktenergy.eu\/hu\/wp-json\/wp\/v2\/pwb-brand?post=775"},{"taxonomy":"product_brand","embeddable":true,"href":"https:\/\/webshop.direktenergy.eu\/hu\/wp-json\/wp\/v2\/product_brand?post=775"},{"taxonomy":"product_cat","embeddable":true,"href":"https:\/\/webshop.direktenergy.eu\/hu\/wp-json\/wp\/v2\/product_cat?post=775"},{"taxonomy":"product_tag","embeddable":true,"href":"https:\/\/webshop.direktenergy.eu\/hu\/wp-json\/wp\/v2\/product_tag?post=775"}],"curies":[{"name":"wp","href":"https:\/\/api.w.org\/{rel}","templated":true}]}}