{"id":827,"date":"2025-02-28T09:48:35","date_gmt":"2025-02-28T08:48:35","guid":{"rendered":"https:\/\/webshop.direktenergy.eu\/?post_type=product&#038;p=827"},"modified":"2025-07-15T12:41:00","modified_gmt":"2025-07-15T10:41:00","slug":"dyness-tower-t10","status":"publish","type":"product","link":"https:\/\/webshop.direktenergy.eu\/hu\/termek\/dyness-tower-t10\/","title":{"rendered":"Dyness Tower T10"},"content":{"rendered":"<p class=\"p1\">A tov\u00e1bbfejlesztett DYNESS Tower sorozat sz\u00e9lesk\u00f6r\u0171 lakoss\u00e1gi alkalmaz\u00e1sokhoz k\u00e9sz\u00fclt. Egym\u00e1sra rakhat\u00f3 kialak\u00edt\u00e1s self-adapt\u00edv modulokkal, \u00f6t t\u00e1rol\u00f3kapacit\u00e1s kialak\u00edthat\u00f3 21,31 kWh-ig p\u00e1rhuzamos csatlakoz\u00e1si lehet\u0151s\u00e9g t\u00f6bb torony egy\u00fcttes haszn\u00e1lat\u00e1ra a m\u00e9gnagyobb kapacit\u00e1s \u00e9rdek\u00e9ben, fejlett LiFePO4 technol\u00f3gia, t\u00e1vfriss\u00edt\u00e9s, magas v\u00edz\u00e1ll\u00f3s\u00e1gi szint \u00e9s j\u00f3 h\u0171t\u00e9si funkci\u00f3&#8230; Sokf\u00e9le funkcionalit\u00e1s emeli ki versenyt\u00e1rsai k\u00f6z\u00fcl, a Dyness Tower sorozat megfelel az \u00d6n ig\u00e9nyeinek. Ut\u00f3lagos b\u0151v\u00edt\u00e9si lehet\u0151s\u00e9g a modul\u00e1ris fel\u00e9p\u00edt\u00e9snek k\u00f6sz\u00f6nhet\u0151en k\u00e9s\u0151bbi kapacit\u00e1s b\u0151v\u00edt\u00e9s \u00e9rdek\u00e9ben.<\/p>\n<p class=\"p1\">&#8211; APP Monitoring (be\u00e9p\u00edtett wifi)<\/p>\n<p class=\"p1\">Val\u00f3s idej\u0171 monitoroz\u00e1s \u00e9s t\u00e1voli friss\u00edt\u00e9si lehet\u0151s\u00e9g<\/p>\n<p class=\"p1\">&#8211; Magas v\u00e9delmi szint<\/p>\n<p class=\"p1\">Belt\u00e9ri \u00e9s k\u00fclt\u00e9ri telep\u00edt\u00e9si lehet\u0151s\u00e9g<\/p>\n<p class=\"p1\">&#8211; K\u00f6nny\u0171 telep\u00edthet\u0151s\u00e9g<\/p>\n<p class=\"p1\">Egym\u00e1sra rakhat\u00f3 kialak\u00edt\u00e1s, wireless csatlakoztat\u00e1s<\/p>\n<p class=\"p1\">&#8211; Sz\u00e9les kompatibilit\u00e1s<\/p>\n<p class=\"p1\">Egy\u00fcttm\u0171k\u00f6d\u00e9s a vezet\u0151 inverter gy\u00e1rt\u00f3kkal<\/p>\n<p class=\"p1\">-Automatikus konfigur\u00e1ci\u00f3<\/p>\n","protected":false},"excerpt":{"rendered":"<p>A DYNESS Tower sorozat egy tov\u00e1bbfejlesztett energiat\u00e1rol\u00f3 rendszer, amely sz\u00e9lesk\u00f6r\u0171 lakoss\u00e1gi alkalmaz\u00e1sokhoz k\u00e9sz\u00fclt. Modul\u00e1ris fel\u00e9p\u00edt\u00e9se lehet\u0151v\u00e9 teszi az egym\u00e1sra rakhat\u00f3 kialak\u00edt\u00e1st, \u00e9s ak\u00e1r 21,31 kWh kapacit\u00e1s\u00fa t\u00e1rol\u00f3kat k\u00edn\u00e1l. A p\u00e1rhuzamos csatlakoz\u00e1si lehet\u0151s\u00e9g t\u00f6bb torony haszn\u00e1lat\u00e1val biztos\u00edtja a m\u00e9g nagyobb kapacit\u00e1st. A rendszer LiFePO4 technol\u00f3gi\u00e1t alkalmaz, magas v\u00edz\u00e1ll\u00f3s\u00e1ggal, j\u00f3 h\u0171t\u00e9si funkci\u00f3val \u00e9s fejlett t\u00e1vfriss\u00edt\u00e9si lehet\u0151s\u00e9ggel. Az APP monitoring funkci\u00f3 lehet\u0151v\u00e9 teszi a val\u00f3s idej\u0171 nyomon k\u00f6vet\u00e9st \u00e9s t\u00e1voli friss\u00edt\u00e9seket. A k\u00f6nny\u0171 telep\u00edt\u00e9s \u00e9s a sz\u00e9lesk\u00f6r\u0171 kompatibilit\u00e1s az inverter gy\u00e1rt\u00f3kkal, valamint az automatikus konfigur\u00e1ci\u00f3 kiemelked\u0151 el\u0151ny\u00f6ket k\u00edn\u00e1l.<\/p>\n","protected":false},"featured_media":826,"template":"","meta":[],"pwb-brand":[113],"product_brand":[],"product_cat":[43],"product_tag":[],"class_list":{"0":"post-827","1":"product","2":"type-product","3":"status-publish","4":"has-post-thumbnail","6":"pwb-brand-dyness","7":"product_cat-energiatarolok","10":"first","11":"instock","12":"taxable","13":"shipping-taxable","14":"purchasable","15":"product-type-simple"},"brands":[{"id":113,"name":"Dyness","slug":"dyness"}],"_links":{"self":[{"href":"https:\/\/webshop.direktenergy.eu\/hu\/wp-json\/wp\/v2\/product\/827","targetHints":{"allow":["GET"]}}],"collection":[{"href":"https:\/\/webshop.direktenergy.eu\/hu\/wp-json\/wp\/v2\/product"}],"about":[{"href":"https:\/\/webshop.direktenergy.eu\/hu\/wp-json\/wp\/v2\/types\/product"}],"wp:featuredmedia":[{"embeddable":true,"href":"https:\/\/webshop.direktenergy.eu\/hu\/wp-json\/wp\/v2\/media\/826"}],"wp:attachment":[{"href":"https:\/\/webshop.direktenergy.eu\/hu\/wp-json\/wp\/v2\/media?parent=827"}],"wp:term":[{"taxonomy":"pwb-brand","embeddable":true,"href":"https:\/\/webshop.direktenergy.eu\/hu\/wp-json\/wp\/v2\/pwb-brand?post=827"},{"taxonomy":"product_brand","embeddable":true,"href":"https:\/\/webshop.direktenergy.eu\/hu\/wp-json\/wp\/v2\/product_brand?post=827"},{"taxonomy":"product_cat","embeddable":true,"href":"https:\/\/webshop.direktenergy.eu\/hu\/wp-json\/wp\/v2\/product_cat?post=827"},{"taxonomy":"product_tag","embeddable":true,"href":"https:\/\/webshop.direktenergy.eu\/hu\/wp-json\/wp\/v2\/product_tag?post=827"}],"curies":[{"name":"wp","href":"https:\/\/api.w.org\/{rel}","templated":true}]}}