{"id":840,"date":"2025-03-04T12:57:46","date_gmt":"2025-03-04T11:57:46","guid":{"rendered":"https:\/\/webshop.direktenergy.eu\/?post_type=product&#038;p=840"},"modified":"2025-03-04T12:58:21","modified_gmt":"2025-03-04T11:58:21","slug":"huawei-sun2000-10k-map0","status":"publish","type":"product","link":"https:\/\/webshop.direktenergy.eu\/hu\/termek\/huawei-sun2000-10k-map0\/","title":{"rendered":"Huawei SUN2000-10K-MAP0"},"content":{"rendered":"<p>A Huawei SUN2000-MAP0 sorozat egy aszimmetrikus hibrid invertercsal\u00e1d, amelyet kifejezetten lakoss\u00e1gi napelemes rendszerekhez terveztek. Az 5 kW-t\u00f3l 12 kW-ig terjed\u0151 teljes\u00edtm\u00e9nytartom\u00e1ny, a magas hat\u00e9konys\u00e1g \u00e9s az intelligens energiaoptimaliz\u00e1l\u00e1s lehet\u0151v\u00e9 teszi, hogy a rendszerek az energiaig\u00e9nyekhez igazodjanak. Az inverterek egyszer\u0171en csatlakoztathat\u00f3k Huawei akkumul\u00e1torokhoz, \u00edgy teljes k\u00f6r\u0171 otthoni energiamenedzsmentet biztos\u00edtanak.<\/p>\n<h5><\/h5>\n<h5><strong>El\u00e9rhet\u0151 teljes\u00edtm\u00e9nyv\u00e1ltozatok<\/strong><\/h5>\n<ul>\n<li>\u00a0<strong>Huawei SUN2000-5K-MAP0:<\/strong>\u00a05 kW n\u00e9vleges teljes\u00edtm\u00e9ny.<\/li>\n<li>\u00a0<strong>Huawei SUN2000-6K-MAP0:<\/strong>\u00a06 kW n\u00e9vleges teljes\u00edtm\u00e9ny.<\/li>\n<li>\u00a0<strong>Huawei SUN2000-8K-MAP0:<\/strong>\u00a08 kW n\u00e9vleges teljes\u00edtm\u00e9ny.<\/li>\n<li>\u00a0<strong>Huawei SUN2000-10K-MAP0:<\/strong>\u00a010 kW n\u00e9vleges teljes\u00edtm\u00e9ny.<\/li>\n<li>\u00a0<strong>Huawei SUN2000-12K-MAP0:<\/strong>\u00a012 kW n\u00e9vleges teljes\u00edtm\u00e9ny.<\/li>\n<\/ul>\n<h5><\/h5>\n<p><strong>Fontos tulajdons\u00e1gok<\/strong><\/p>\n<p><strong>Magas hat\u00e9konys\u00e1g:<\/strong><\/p>\n<ul>\n<li>Maxim\u00e1lis hat\u00e1sfok: 98,6%.<\/li>\n<li>Eur\u00f3pai s\u00falyozott hat\u00e1sfok: ak\u00e1r 98,2% (modellv\u00e1ltozatt\u00f3l f\u00fcgg\u0151en).<\/li>\n<li>Aszimmetrikus terhel\u00e9s t\u00e1mogat\u00e1sa: Az inverter 100%-ban t\u00e1mogatja a h\u00e1romf\u00e1zis\u00fa aszimmetrikus terhel\u00e9st, 200%-os t\u00falterhel\u00e9ssel ak\u00e1r 10 m\u00e1sodpercig.<\/li>\n<\/ul>\n<p><strong>Rugalmas akkumul\u00e1torcsatlakoztathat\u00f3s\u00e1g:<\/strong><\/p>\n<ul>\n<li>T\u00e1mogatja a Huawei LUNA2000 akkumul\u00e1torokat (ak\u00e1r 42 kWh kapacit\u00e1sig egy inverterhez).<\/li>\n<li>H\u00e1l\u00f3zatr\u00f3l t\u00f6rt\u00e9n\u0151 t\u00f6lt\u00e9s is lehets\u00e9ges, 0-100%-os DOD mellett.<\/li>\n<\/ul>\n<p><strong>Intelligens biztons\u00e1gi funkci\u00f3k:<\/strong><\/p>\n<ul>\n<li>\u00cdvhiba-v\u00e9delem (AFCI) \u00e9s csatlakoz\u00f3h\u0151m\u00e9rs\u00e9klet-\u00e9rz\u00e9kel\u00e9s.<\/li>\n<li>PV \u00e9s AC t\u00falfesz\u00fclts\u00e9g-levezet\u0151k (II-es t\u00edpus).<\/li>\n<li>Szigetel\u00e9si ellen\u00e1ll\u00e1s \u00e9rz\u00e9kel\u00e9s \u00e9s DC ford\u00edtott polarit\u00e1s elleni v\u00e9delem.<\/li>\n<\/ul>\n<p><strong>Kiv\u00e1l\u00f3 kompatibilit\u00e1s:<\/strong><\/p>\n<ul>\n<li>Kompatibilis a SUN2000-450W-P2, SUN2000-600W-P, \u00e9s MERC-600W-PA0 optimaliz\u00e1l\u00f3kkal, tov\u00e1bbi k\u00e1belez\u00e9s n\u00e9lk\u00fcl.<\/li>\n<li>Alkalmas 16 A-ig terjed\u0151 napelemes stringek kezel\u00e9s\u00e9re.<\/li>\n<\/ul>\n<p><strong>K\u00f6rnyezet\u00e1ll\u00f3s\u00e1g:<\/strong><\/p>\n<ul>\n<li>IP66 v\u00e9delem a por- \u00e9s v\u00edz\u00e1ll\u00f3s\u00e1g \u00e9rdek\u00e9ben.<\/li>\n<li>-25\u00b0C-t\u00f3l +60\u00b0C-ig terjed\u0151 m\u0171k\u00f6d\u00e9si h\u0151m\u00e9rs\u00e9klet-tartom\u00e1ny.<\/li>\n<\/ul>\n<p><strong>Kompakt \u00e9s csendes m\u0171k\u00f6d\u00e9s:<\/strong><\/p>\n<ul>\n<li>M\u00e9retek: 490 x 460 x 130 mm.<\/li>\n<li>Zajszint: \u226429 dB term\u00e9szetes konvekci\u00f3val h\u0171tve.<\/li>\n<\/ul>\n","protected":false},"excerpt":{"rendered":"<p data-start=\"0\" data-end=\"393\">A Huawei SUN2000-MAP0 sorozat egy aszimmetrikus hibrid invertercsal\u00e1d, amely lakoss\u00e1gi napelemes rendszerekhez lett tervezve. Az inverterek 5 kW-t\u00f3l 12 kW-ig terjed\u0151 teljes\u00edtm\u00e9nyt k\u00edn\u00e1lnak, \u00e9s magas hat\u00e9konys\u00e1got biztos\u00edtanak (ak\u00e1r 98,6%-os maxim\u00e1lis hat\u00e1sfokkal). A rendszerek k\u00f6nnyen integr\u00e1lhat\u00f3k Huawei akkumul\u00e1torokkal, \u00edgy teljes k\u00f6r\u0171 energiamenedzsmentet biztos\u00edtanak otthonok sz\u00e1m\u00e1ra.<\/p>\n<p data-start=\"395\" data-end=\"844\" data-is-last-node=\"\" data-is-only-node=\"\">A f\u0151bb jellemz\u0151k k\u00f6z\u00e9 tartozik az aszimmetrikus terhel\u00e9s t\u00e1mogat\u00e1sa, rugalmas akkumul\u00e1torcsatlakoztathat\u00f3s\u00e1g, intelligens biztons\u00e1gi funkci\u00f3k (pl. \u00edvhiba-v\u00e9delem, t\u00falfesz\u00fclts\u00e9g-levezet\u0151k), valamint a kiv\u00e1l\u00f3 kompatibilit\u00e1s a napelemes optimaliz\u00e1l\u00f3kkal. Az inverterek IP66 v\u00e9detts\u00e9ggel rendelkeznek, \u00edgy por- \u00e9s v\u00edz\u00e1ll\u00f3ak, \u00e9s sz\u00e9les h\u0151m\u00e9rs\u00e9klet-tartom\u00e1nyban m\u0171k\u00f6dnek (-25\u00b0C-t\u00f3l +60\u00b0C-ig). Csendes m\u0171k\u00f6d\u00e9s\u00fck \u00e9s kompakt m\u00e9ret\u00fck is kiemeli \u0151ket a piacon.<\/p>\n","protected":false},"featured_media":835,"template":"","meta":[],"pwb-brand":[20],"product_brand":[],"product_cat":[37],"product_tag":[],"class_list":{"0":"post-840","1":"product","2":"type-product","3":"status-publish","4":"has-post-thumbnail","6":"pwb-brand-huawei","7":"product_cat-inverterek","10":"first","11":"instock","12":"taxable","13":"shipping-taxable","14":"purchasable","15":"product-type-simple"},"brands":[{"id":20,"name":"Huawei","slug":"huawei"}],"_links":{"self":[{"href":"https:\/\/webshop.direktenergy.eu\/hu\/wp-json\/wp\/v2\/product\/840","targetHints":{"allow":["GET"]}}],"collection":[{"href":"https:\/\/webshop.direktenergy.eu\/hu\/wp-json\/wp\/v2\/product"}],"about":[{"href":"https:\/\/webshop.direktenergy.eu\/hu\/wp-json\/wp\/v2\/types\/product"}],"wp:featuredmedia":[{"embeddable":true,"href":"https:\/\/webshop.direktenergy.eu\/hu\/wp-json\/wp\/v2\/media\/835"}],"wp:attachment":[{"href":"https:\/\/webshop.direktenergy.eu\/hu\/wp-json\/wp\/v2\/media?parent=840"}],"wp:term":[{"taxonomy":"pwb-brand","embeddable":true,"href":"https:\/\/webshop.direktenergy.eu\/hu\/wp-json\/wp\/v2\/pwb-brand?post=840"},{"taxonomy":"product_brand","embeddable":true,"href":"https:\/\/webshop.direktenergy.eu\/hu\/wp-json\/wp\/v2\/product_brand?post=840"},{"taxonomy":"product_cat","embeddable":true,"href":"https:\/\/webshop.direktenergy.eu\/hu\/wp-json\/wp\/v2\/product_cat?post=840"},{"taxonomy":"product_tag","embeddable":true,"href":"https:\/\/webshop.direktenergy.eu\/hu\/wp-json\/wp\/v2\/product_tag?post=840"}],"curies":[{"name":"wp","href":"https:\/\/api.w.org\/{rel}","templated":true}]}}