{"id":853,"date":"2025-03-19T15:04:43","date_gmt":"2025-03-19T14:04:43","guid":{"rendered":"https:\/\/webshop.direktenergy.eu\/?post_type=product&#038;p=853"},"modified":"2026-03-25T15:29:52","modified_gmt":"2026-03-25T14:29:52","slug":"solis-10kwp-hibrid-szett","status":"publish","type":"product","link":"https:\/\/webshop.direktenergy.eu\/hu\/termek\/solis-10kwp-hibrid-szett\/","title":{"rendered":"Solis 10kWp hibrid szett"},"content":{"rendered":"<p><b>Felejtsd el az \u00e1ramsz\u00fcnetek miatti aggodalmat! \ud83c\udf1e\ud83d\udd0b<\/b><b><\/b><\/p>\n<p>T\u00e1rol\u00f3s napelemes rendszer\u00fcnk mostant\u00f3l <b>hivatalosan is biztos\u00edtja<\/b>\u00a0otthonod energiaell\u00e1t\u00e1s\u00e1t \u2013 ak\u00e1r \u00e1ramsz\u00fcnet eset\u00e9n is!<\/p>\n<p>\u2e3b<\/p>\n<p><b>\ud83d\udca1 Ne maradj \u00e1ram n\u00e9lk\u00fcl!<\/b><b><\/b><\/p>\n<p>\u00c9lvezd a <b>zavartalan biztons\u00e1got<\/b> ak\u00e1r <b>f\u00e9l\u00e1ron<\/b>, <b>otthonfel\u00faj\u00edt\u00e1si t\u00e1mogat\u00e1ssal<\/b>!<\/p>\n<p>\u2e3b<\/p>\n<p><b>\ud83c\udf81 Most AJ\u00c1ND\u00c9KBA adjuk<\/b><b><\/b><\/p>\n<p>az \u00e1ramszolg\u00e1ltat\u00f3 \u00e1ltal j\u00f3v\u00e1hagyott <b>BACKUP csatlakoz\u00e1s<\/b> ki\u00e9p\u00edt\u00e9s\u00e9t SOLIS rendszer mell\u00e9!<\/p>\n<p>\u2e3b<\/p>\n<p><b>\ud83d\udd27 Mit tartalmaznak a szettjeink?<\/b><b><\/b><\/p>\n<p>\u2705 TIER1-es fekete keretes <b>435W-os napelemek<\/b><b><\/b><\/p>\n<p>\u2705 <b>B\u0151v\u00edthet\u0151 inverter<\/b> 200%-os t\u00falpanelez\u00e9si lehet\u0151s\u00e9ggel<\/p>\n<p>\u2705 Ak\u00e1r 3-4 k\u00fcl\u00f6n t\u00e1jol\u00e1s\u00fa panel elhelyez\u00e9s<span class=\"Apple-converted-space\">\u00a0<\/span><\/p>\n<p>\u2705 <b>Modul\u00e1ris energiat\u00e1rol\u00f3k<\/b> (b\u00e1rmikor b\u0151v\u00edthet\u0151k)<\/p>\n<p>\u2705 <b>Csendes m\u0171k\u00f6d\u00e9s, eszt\u00e9tikus megjelen\u00e9s.<\/b><b><\/b><\/p>\n<p>\u2705 <b>Tart\u00f3szerkezet<\/b> minden ferdetet\u0151s megold\u00e1shoz<\/p>\n<p>\u2705 Kivitelez\u00e9s, enged\u00e9lyeztet\u00e9s, munkad\u00edj \u2013 <b>minden benne van<\/b><b><\/b><\/p>\n<p>\u2e3b<\/p>\n<p><b>\ud83d\udcb0 Otthonfel\u00faj\u00edt\u00e1si t\u00e1mogat\u00e1ssal:<\/b><b><\/b><\/p>\n<p>\ud83d\udd0b <b>10 kW + 10 kWh t\u00e1rol\u00f3<\/b>: 1.990.000 Ft<\/p>\n","protected":false},"excerpt":{"rendered":"<p>Szett tartalma:<br \/>\n&#8211; 1 db Solis S6-EH3P10K-H-EU 3 f\u00e1zis\u00fa inverter (<strong>teljes f\u00e1zis aszimmetria)<\/strong><br \/>\n&#8211; 23 db Astronergy 435W-os napelem panel<br \/>\n&#8211; Tart\u00f3szerkezet b\u00e1rmely ferde tet\u0151h\u00f6z<br \/>\n&#8211; AC-DC v\u00e9delmi berendez\u00e9sek<br \/>\n&#8211; AC-DC vezet\u00e9kek<br \/>\n&#8211; Tervez\u00e9s, enged\u00e9lyeztet\u00e9s<br \/>\n&#8211; Telep\u00edt\u00e9s ( csak Dun\u00e1nt\u00falon )<br \/>\n&#8211; Kisz\u00e1ll\u00edt\u00e1s c\u00edmre<\/p>\n<p>A szett t\u00f6k\u00e9letes v\u00e1laszt\u00e1s brutt\u00f3 elsz\u00e1mol\u00e1s mell\u00e9 \u00e1tlagos h\u00e1ztart\u00e1sok ig\u00e9nyeihez m\u00e9retezve. Az inverter b\u0151v\u00edthet\u0151, 200%-os t\u00falpanelez\u00e9si lehet\u0151s\u00e9g. 4 f\u00fcggetlen munkapont seg\u00edts\u00e9g\u00e9vel ak\u00e1r a panelek 4 k\u00fcl\u00f6nb\u00f6z\u0151 t\u00e1jol\u00e1sra elhelyezhet\u0151k. 10 \u00e9v garancia. Otthonfel\u00faj\u00edt\u00e1si t\u00e1mogat\u00e1ssal ak\u00e1r 1.990.000 Ft.<\/p>\n","protected":false},"featured_media":857,"template":"","meta":[],"pwb-brand":[113,111],"product_brand":[],"product_cat":[106],"product_tag":[],"class_list":{"0":"post-853","1":"product","2":"type-product","3":"status-publish","4":"has-post-thumbnail","6":"pwb-brand-dyness","7":"pwb-brand-solis","8":"product_cat-akcios_szettek","11":"first","12":"instock","13":"taxable","14":"shipping-taxable","15":"purchasable","16":"product-type-simple"},"brands":[{"id":113,"name":"Dyness","slug":"dyness"},{"id":111,"name":"Solis","slug":"solis"}],"_links":{"self":[{"href":"https:\/\/webshop.direktenergy.eu\/hu\/wp-json\/wp\/v2\/product\/853","targetHints":{"allow":["GET"]}}],"collection":[{"href":"https:\/\/webshop.direktenergy.eu\/hu\/wp-json\/wp\/v2\/product"}],"about":[{"href":"https:\/\/webshop.direktenergy.eu\/hu\/wp-json\/wp\/v2\/types\/product"}],"wp:featuredmedia":[{"embeddable":true,"href":"https:\/\/webshop.direktenergy.eu\/hu\/wp-json\/wp\/v2\/media\/857"}],"wp:attachment":[{"href":"https:\/\/webshop.direktenergy.eu\/hu\/wp-json\/wp\/v2\/media?parent=853"}],"wp:term":[{"taxonomy":"pwb-brand","embeddable":true,"href":"https:\/\/webshop.direktenergy.eu\/hu\/wp-json\/wp\/v2\/pwb-brand?post=853"},{"taxonomy":"product_brand","embeddable":true,"href":"https:\/\/webshop.direktenergy.eu\/hu\/wp-json\/wp\/v2\/product_brand?post=853"},{"taxonomy":"product_cat","embeddable":true,"href":"https:\/\/webshop.direktenergy.eu\/hu\/wp-json\/wp\/v2\/product_cat?post=853"},{"taxonomy":"product_tag","embeddable":true,"href":"https:\/\/webshop.direktenergy.eu\/hu\/wp-json\/wp\/v2\/product_tag?post=853"}],"curies":[{"name":"wp","href":"https:\/\/api.w.org\/{rel}","templated":true}]}}